{"id":11187,"date":"2019-03-15T09:22:05","date_gmt":"2019-03-15T08:22:05","guid":{"rendered":"http:\/\/klubmamgdynia.pl\/index.php\/produkt\/alexander-domek-do-malowania-z-kotkiem-2018\/"},"modified":"2026-04-06T23:55:44","modified_gmt":"2026-04-06T21:55:44","slug":"alexander-domek-do-malowania-z-kotkiem-2018","status":"publish","type":"product","link":"http:\/\/klubmamgdynia.pl\/index.php\/produkt\/alexander-domek-do-malowania-z-kotkiem-2018\/","title":{"rendered":"Alexander Domek Do Malowania Z Kotkiem 2018"},"content":{"rendered":"<p>Domek do Malowania z KotkiemWspania\u0142a zabawka dla wszystkich kreatywnych dzieci. W zestawie znajduje si\u0119 kartonowy budynek, wraz z postaciami i elementami przyrody. Ca\u0142o\u015b\u0107 sk\u0142ada si\u0119 w \u0142atwy spos\u00f3b, bez u\u017cycia kleju. Wszystkie elementy mo\u017cna pomalowa\u0107, wed\u0142ug w\u0142asnej fantazji oraz ozdobi\u0107 dodatkowo 48 naklejkami, znajduj\u0105cymi si\u0119 w zestawie. Zabawka dzi\u0119ki solidnemu wykonaniu z grubej tektury, nadaje si\u0119 do d\u0142u\u017cszej zabawy. Scenografia wok\u00f3\u0142 domku jest \u0142atwa do aran\u017cacji, dzi\u0119ki za\u0142\u0105czonym plastikowym podstawkom.Zawarto\u015b\u0107 opakowaniaElementy z tektury 38 element\u00f3w, plastikowe podstawki 35 szt, naklejki 42szt, Instrukcja 1szt                            <\/p>\n<p>Produkty                            <\/p>\n<p>            Alexander Domek Do Malowania Komisariat Policji 2039<\/p>\n<p>            Opinia od Bo\u017cena2019-01-28<\/p>\n<p>                Zabawka kt\u00f3ra wyzwala kreatywno\u015b\u0107. Polecam.<\/p>\n<p>            Alexander Domek Do Malowania Remiza Stra\u017cacka 2038<\/p>\n<p>            Opinia od U\u017cytkownik Ceneo2020-03-26<\/p>\n<p>                Bardzo przemy\u015blana i starannie wykonana konstrukcja! Bardzo polecam<\/p>\n<p>            Alexander Domek Do Malowania Z Kotkiem 2018<\/p>\n<p>            Opinia od Mielczarek2020-03-14<\/p>\n<p>                Cudowna, kreatywna zabawa<\/p>\n<p>            Alexander Domek Do Malowania Z Pieskiem 2017<\/p>\n<p>            Opinia od b&#8230;52020-11-26<\/p>\n<p>                Bardzo \u0142adne i zajmuj\u0105ce<\/p>\n<h2>Alexander Domek Do Malowania Z Kotkiem 2018 Alexander<\/h2>\n<p>prezent dla nastolatki, quiz o samochodach, znaczenie imiona justyna, ilona, lucjan imi\u0119, skalne miasto, kolorowanki do druku lol, test z opowie\u015bci z narnii lew czarownica i stara szafa, pytania do lektury asiunia<\/p>\n<p>yyyyy<\/p>\n<p>&nbsp;<\/p>\n","protected":false},"excerpt":{"rendered":"<p>Domek do Malowania z KotkiemWspania\u0142a zabawka dla wszystkich kreatywnych dzieci. W zestawie znajduje si\u0119 kartonowy budynek, wraz z postaciami i elementami przyrody. Ca\u0142o\u015b\u0107 sk\u0142ada si\u0119 w \u0142atwy spos\u00f3b, bez u\u017cycia kleju. Wszystkie elementy mo\u017cna pomalowa\u0107, wed\u0142ug w\u0142asnej fantazji oraz ozdobi\u0107 dodatkowo 48 naklejkami, znajduj\u0105cymi si\u0119 w zestawie. Zabawka dzi\u0119ki solidnemu wykonaniu z grubej tektury, nadaje [&hellip;]<\/p>\n","protected":false},"featured_media":11188,"comment_status":"closed","ping_status":"open","template":"","meta":[],"product_cat":[246,21],"product_tag":[666,648,684,651,823],"class_list":["post-11187","product","type-product","status-publish","has-post-thumbnail","hentry","product_cat-alexander","product_cat-zabawki-plastyczne","product_tag-afrykanskie-imiona","product_tag-dobrej-nocy-i-sza","product_tag-prezent-dla-dziewczynki-na-roczek","product_tag-quizy-online","product_tag-zagadki-dla-dzieci-7-lat"],"_links":{"self":[{"href":"http:\/\/klubmamgdynia.pl\/index.php\/wp-json\/wp\/v2\/product\/11187","targetHints":{"allow":["GET"]}}],"collection":[{"href":"http:\/\/klubmamgdynia.pl\/index.php\/wp-json\/wp\/v2\/product"}],"about":[{"href":"http:\/\/klubmamgdynia.pl\/index.php\/wp-json\/wp\/v2\/types\/product"}],"replies":[{"embeddable":true,"href":"http:\/\/klubmamgdynia.pl\/index.php\/wp-json\/wp\/v2\/comments?post=11187"}],"wp:featuredmedia":[{"embeddable":true,"href":"http:\/\/klubmamgdynia.pl\/index.php\/wp-json\/wp\/v2\/media\/11188"}],"wp:attachment":[{"href":"http:\/\/klubmamgdynia.pl\/index.php\/wp-json\/wp\/v2\/media?parent=11187"}],"wp:term":[{"taxonomy":"product_cat","embeddable":true,"href":"http:\/\/klubmamgdynia.pl\/index.php\/wp-json\/wp\/v2\/product_cat?post=11187"},{"taxonomy":"product_tag","embeddable":true,"href":"http:\/\/klubmamgdynia.pl\/index.php\/wp-json\/wp\/v2\/product_tag?post=11187"}],"curies":[{"name":"wp","href":"https:\/\/api.w.org\/{rel}","templated":true}]}}