{"id":11189,"date":"2013-06-08T04:52:29","date_gmt":"2013-06-08T02:52:29","guid":{"rendered":"http:\/\/klubmamgdynia.pl\/index.php\/produkt\/ses-creative-koraliki-do-prasowanek-czarne-1000szt\/"},"modified":"2026-04-06T01:08:53","modified_gmt":"2026-04-05T23:08:53","slug":"ses-creative-koraliki-do-prasowanek-czarne-1000szt","status":"publish","type":"product","link":"http:\/\/klubmamgdynia.pl\/index.php\/produkt\/ses-creative-koraliki-do-prasowanek-czarne-1000szt\/","title":{"rendered":"Ses Creative Koraliki Do Prasowanek Czarne 1000Szt."},"content":{"rendered":"<p>B\u0105d\u017a kreatywny z SES Creative, i spr\u00f3buj nowych mo\u017cliwo\u015bci! Zestaw wysokiej jako\u015bci koralik\u00f3w zapewnia du\u017c\u0105 aktywno\u015b\u0107 dla dzieci, kt\u00f3ra pomaga rozwija\u0107 zdolno\u015bci manualne, uczy koordynacji i umiej\u0119tno\u015bci motorycznych. Po umieszczeniu koralik\u00f3w na specjalnym szablonie (brak w zestawie), nale\u017cy przeprasowa\u0107 koraliki przez pergamin aby z\u0142\u0105czy\u0142y si\u0119 ze sob\u0105 na sta\u0142e, tworz\u0105c trwa\u0142y obrazek \u2013 koralikow\u0105 mozaik\u0119. SES jest specjalist\u0105 w produkcji zabawek kreatywnych od ponad 40 lat. Rozw\u00f3j dziecka jest centralnym poj\u0119ciem w rozwoju produkt\u00f3w SES. Rozw\u00f3j, kreatywno\u015b\u0107, bezpiecze\u0144stwo i jako\u015b\u0107 s\u0105 najwa\u017cniejszym aspektem wszystkich produkt\u00f3w! Produkty SES s\u0105 niezb\u0119dne do r\u00f3\u017cnych etap\u00f3w rozwoju ka\u017cdego dziecka. Zestaw zawiera 1000 szt. koralik\u00f3w. Zestaw odpowiedni dla dzieci w wieku 5+. Wyprodukowano w Holandii.<\/p>\n<h2>Ses Creative Koraliki Do Prasowanek Czarne 1000Szt. Ses Creative<\/h2>\n<p>przyja\u017a\u0144, rysunki dla pocz\u0105tkuj\u0105cych, zagadki dla sze\u015bciolatk\u00f3w, wiosna zagadki, maly kotek kotek kolorowanka, lidia imie, prezent dla ch\u0142opca 7 lat, ida swieta wielkanocne ida swieta, skalne miasto, oryginalny prezent na roczek, andrea, zagadki na my\u015blenie, zawiedziona przyja\u017a\u0144 cytaty, zaj\u0119cia dla nastolatk\u00f3w, prezenty urodzinowe dla nastolatk\u00f3w, kolorowanki super zings, imiona postaci z bajek<\/p>\n<p>yyyyy<\/p>\n<p>&nbsp;<\/p>\n","protected":false},"excerpt":{"rendered":"<p>B\u0105d\u017a kreatywny z SES Creative, i spr\u00f3buj nowych mo\u017cliwo\u015bci! Zestaw wysokiej jako\u015bci koralik\u00f3w zapewnia du\u017c\u0105 aktywno\u015b\u0107 dla dzieci, kt\u00f3ra pomaga rozwija\u0107 zdolno\u015bci manualne, uczy koordynacji i umiej\u0119tno\u015bci motorycznych. Po umieszczeniu koralik\u00f3w na specjalnym szablonie (brak w zestawie), nale\u017cy przeprasowa\u0107 koraliki przez pergamin aby z\u0142\u0105czy\u0142y si\u0119 ze sob\u0105 na sta\u0142e, tworz\u0105c trwa\u0142y obrazek \u2013 koralikow\u0105 mozaik\u0119. [&hellip;]<\/p>\n","protected":false},"featured_media":11190,"comment_status":"closed","ping_status":"open","template":"","meta":[],"product_cat":[1072,21],"product_tag":[765,583,599],"class_list":["post-11189","product","type-product","status-publish","has-post-thumbnail","hentry","product_cat-ses-creative","product_cat-zabawki-plastyczne","product_tag-atrakcje-dla-dzieci-warszawa","product_tag-kolysanki-dla-dzieci-tekst","product_tag-prezent-dla-nastolatkow-2021"],"_links":{"self":[{"href":"http:\/\/klubmamgdynia.pl\/index.php\/wp-json\/wp\/v2\/product\/11189","targetHints":{"allow":["GET"]}}],"collection":[{"href":"http:\/\/klubmamgdynia.pl\/index.php\/wp-json\/wp\/v2\/product"}],"about":[{"href":"http:\/\/klubmamgdynia.pl\/index.php\/wp-json\/wp\/v2\/types\/product"}],"replies":[{"embeddable":true,"href":"http:\/\/klubmamgdynia.pl\/index.php\/wp-json\/wp\/v2\/comments?post=11189"}],"wp:featuredmedia":[{"embeddable":true,"href":"http:\/\/klubmamgdynia.pl\/index.php\/wp-json\/wp\/v2\/media\/11190"}],"wp:attachment":[{"href":"http:\/\/klubmamgdynia.pl\/index.php\/wp-json\/wp\/v2\/media?parent=11189"}],"wp:term":[{"taxonomy":"product_cat","embeddable":true,"href":"http:\/\/klubmamgdynia.pl\/index.php\/wp-json\/wp\/v2\/product_cat?post=11189"},{"taxonomy":"product_tag","embeddable":true,"href":"http:\/\/klubmamgdynia.pl\/index.php\/wp-json\/wp\/v2\/product_tag?post=11189"}],"curies":[{"name":"wp","href":"https:\/\/api.w.org\/{rel}","templated":true}]}}