{"id":11193,"date":"2025-05-29T05:02:30","date_gmt":"2025-05-29T03:02:30","guid":{"rendered":"http:\/\/klubmamgdynia.pl\/?post_type=product&#038;p=11193"},"modified":"2026-04-06T13:35:13","modified_gmt":"2026-04-06T11:35:13","slug":"brio-pociag-z-plugiem-snieznym-world-33606","status":"publish","type":"product","link":"http:\/\/klubmamgdynia.pl\/index.php\/produkt\/brio-pociag-z-plugiem-snieznym-world-33606\/","title":{"rendered":"Brio Poci\u0105g Z P\u0142ugiem \u015anie\u017cnym World 33606"},"content":{"rendered":"<p>\u201eO nie, tory s\u0105 zasypane przez \u015bnieg!\u201d Nic si\u0119 nie martw, poci\u0105g z p\u0142ugiem jest ju\u017c w drodze. Opu\u015b\u0107 p\u0142ug, wbij si\u0119 w puch i usu\u0144 go z tor\u00f3w. Poci\u0105g jedzie malownicz\u0105, pokryt\u0105 \u015bniegiem tras\u0105, kt\u00f3ry wprowadzi zimow\u0105 atmosfer\u0119 do Twojego \u015bwiata BRIO.<\/p>\n<h2>Brio Poci\u0105g Z P\u0142ugiem \u015anie\u017cnym World 33606 Brio<\/h2>\n<p>zagadki logiczne matematyczne dla dzieci, \u015bwinka peppa kolorowanka do druku, prezent dla nastolatk\u00f3w na \u015bwi\u0119ta, \u015bwi\u0105teczne filmy familijne, wr\u00f3\u017cby andrzejkowe dla dzieci zawody, test z dzieci z bullerbyn, \u017carty \u017carty na prima aprilis, wroc\u0142aw atrakcje dla dzieci<\/p>\n<p>yyyyy<\/p>\n<p>&nbsp;<\/p>\n","protected":false},"excerpt":{"rendered":"<p>\u201eO nie, tory s\u0105 zasypane przez \u015bnieg!\u201d Nic si\u0119 nie martw, poci\u0105g z p\u0142ugiem jest ju\u017c w drodze. Opu\u015b\u0107 p\u0142ug, wbij si\u0119 w puch i usu\u0144 go z tor\u00f3w. Poci\u0105g jedzie malownicz\u0105, pokryt\u0105 \u015bniegiem tras\u0105, kt\u00f3ry wprowadzi zimow\u0105 atmosfer\u0119 do Twojego \u015bwiata BRIO. Brio Poci\u0105g Z P\u0142ugiem \u015anie\u017cnym World 33606 Brio zagadki logiczne matematyczne dla [&hellip;]<\/p>\n","protected":false},"featured_media":11194,"comment_status":"closed","ping_status":"open","template":"","meta":[],"product_cat":[78,99],"product_tag":[740,730,843],"class_list":["post-11193","product","type-product","status-publish","has-post-thumbnail","hentry","product_cat-brio","product_cat-zabawki-ekologiczne","product_tag-fajne-prezenty-dla-nastolatkow","product_tag-karyna","product_tag-smieszne-zagadki-dla-dzieci"],"_links":{"self":[{"href":"http:\/\/klubmamgdynia.pl\/index.php\/wp-json\/wp\/v2\/product\/11193","targetHints":{"allow":["GET"]}}],"collection":[{"href":"http:\/\/klubmamgdynia.pl\/index.php\/wp-json\/wp\/v2\/product"}],"about":[{"href":"http:\/\/klubmamgdynia.pl\/index.php\/wp-json\/wp\/v2\/types\/product"}],"replies":[{"embeddable":true,"href":"http:\/\/klubmamgdynia.pl\/index.php\/wp-json\/wp\/v2\/comments?post=11193"}],"wp:featuredmedia":[{"embeddable":true,"href":"http:\/\/klubmamgdynia.pl\/index.php\/wp-json\/wp\/v2\/media\/11194"}],"wp:attachment":[{"href":"http:\/\/klubmamgdynia.pl\/index.php\/wp-json\/wp\/v2\/media?parent=11193"}],"wp:term":[{"taxonomy":"product_cat","embeddable":true,"href":"http:\/\/klubmamgdynia.pl\/index.php\/wp-json\/wp\/v2\/product_cat?post=11193"},{"taxonomy":"product_tag","embeddable":true,"href":"http:\/\/klubmamgdynia.pl\/index.php\/wp-json\/wp\/v2\/product_tag?post=11193"}],"curies":[{"name":"wp","href":"https:\/\/api.w.org\/{rel}","templated":true}]}}