{"id":11195,"date":"2020-09-28T10:30:55","date_gmt":"2020-09-28T08:30:55","guid":{"rendered":"http:\/\/klubmamgdynia.pl\/index.php\/produkt\/hh-poland-namiot-dla-dzieci-7673\/"},"modified":"2026-05-02T20:59:25","modified_gmt":"2026-05-02T18:59:25","slug":"hh-poland-namiot-dla-dzieci-7673","status":"publish","type":"product","link":"http:\/\/klubmamgdynia.pl\/index.php\/produkt\/hh-poland-namiot-dla-dzieci-7673\/","title":{"rendered":"Hh Poland Namiot dla dzieci 7673"},"content":{"rendered":"<p>Namiocik dla dzieci w kszta\u0142cie wigwamu.Wykonany z wytrzyma\u0142ych materia\u0142\u00f3w. Gwarantuje du\u017co miejsca do zabawy.Wymiary namiotu: 125*125*150 cmWykonany z materia\u0142u: poliesterWymiary opakowania: 22,5 x 85,5 x 6,5 cm&#8230;<\/p>\n<h2>Hh Poland Namiot dla dzieci 7673 HH Poland<\/h2>\n<p>narodziny dziecka cytat, lodowiska w warszawie, szablon krokus kolorowanka, zagadki o przyborach szkolnych, cytaty korczak, gry dla m\u0142odzie\u017cy, milena imie, janusz, przys\u0142owia o rodzinie, kiedy dzieci chodza na halloween, imi\u0119 gaja, piosenki dla dzieci tekst, lokomotywa kolorowanka, kolysanki tekst, kolorowanka kotek, co kupi\u0107 nastolatce na urodziny, piosenka dla mamy tekst, malgorzata znaczenie imienia, iwo, test z lektury dzieci z bullerbyn<\/p>\n<p>yyyyy<\/p>\n<p>&nbsp;<\/p>\n","protected":false},"excerpt":{"rendered":"<p>Namiocik dla dzieci w kszta\u0142cie wigwamu.Wykonany z wytrzyma\u0142ych materia\u0142\u00f3w. Gwarantuje du\u017co miejsca do zabawy.Wymiary namiotu: 125*125*150 cmWykonany z materia\u0142u: poliesterWymiary opakowania: 22,5 x 85,5 x 6,5 cm&#8230; Hh Poland Namiot dla dzieci 7673 HH Poland narodziny dziecka cytat, lodowiska w warszawie, szablon krokus kolorowanka, zagadki o przyborach szkolnych, cytaty korczak, gry dla m\u0142odzie\u017cy, milena imie, [&hellip;]<\/p>\n","protected":false},"featured_media":11196,"comment_status":"closed","ping_status":"open","template":"","meta":[],"product_cat":[282,290],"product_tag":[772,617,705,760,694,701],"class_list":["post-11195","product","type-product","status-publish","has-post-thumbnail","hentry","product_cat-domki-i-namioty-dla-dzieci","product_cat-hh-poland","product_tag-45-panstw-europy-i-ich-stolice-quiz","product_tag-keyword","product_tag-prezent-na-roczek-dla-chlopca","product_tag-zagadka-matematyczna","product_tag-zagadki-swiateczne-dla-dzieci","product_tag-zgadywanki-dla-dzieci"],"_links":{"self":[{"href":"http:\/\/klubmamgdynia.pl\/index.php\/wp-json\/wp\/v2\/product\/11195","targetHints":{"allow":["GET"]}}],"collection":[{"href":"http:\/\/klubmamgdynia.pl\/index.php\/wp-json\/wp\/v2\/product"}],"about":[{"href":"http:\/\/klubmamgdynia.pl\/index.php\/wp-json\/wp\/v2\/types\/product"}],"replies":[{"embeddable":true,"href":"http:\/\/klubmamgdynia.pl\/index.php\/wp-json\/wp\/v2\/comments?post=11195"}],"wp:featuredmedia":[{"embeddable":true,"href":"http:\/\/klubmamgdynia.pl\/index.php\/wp-json\/wp\/v2\/media\/11196"}],"wp:attachment":[{"href":"http:\/\/klubmamgdynia.pl\/index.php\/wp-json\/wp\/v2\/media?parent=11195"}],"wp:term":[{"taxonomy":"product_cat","embeddable":true,"href":"http:\/\/klubmamgdynia.pl\/index.php\/wp-json\/wp\/v2\/product_cat?post=11195"},{"taxonomy":"product_tag","embeddable":true,"href":"http:\/\/klubmamgdynia.pl\/index.php\/wp-json\/wp\/v2\/product_tag?post=11195"}],"curies":[{"name":"wp","href":"https:\/\/api.w.org\/{rel}","templated":true}]}}