{"id":1120,"date":"2013-12-17T07:25:50","date_gmt":"2013-12-17T06:25:50","guid":{"rendered":"http:\/\/klubmamgdynia.pl\/index.php\/produkt\/swede-rakietki-plazowe-drewniane-z-pilkami\/"},"modified":"2026-05-01T17:58:20","modified_gmt":"2026-05-01T15:58:20","slug":"swede-rakietki-plazowe-drewniane-z-pilkami","status":"publish","type":"product","link":"http:\/\/klubmamgdynia.pl\/index.php\/produkt\/swede-rakietki-plazowe-drewniane-z-pilkami\/","title":{"rendered":"Swede Rakietki pla\u017cowe drewniane z pi\u0142kami"},"content":{"rendered":"<p>Zestaw kolorowych paletek do gry wraz z pi\u0142k\u0105. Ten produkt umili czas sp\u0119dzany na pla\u017cy lub w ogr\u00f3dku.Produkt wyst\u0119pije w kilku wersjach kolorystycznych, wybierany losowo. Cena dotyczy jednej sztuki.Produkt zapakowany w worek z siateczki.Produkt dla dzieci od 3 lat.Wiek: 3+<\/p>\n<h2>Swede Rakietki pla\u017cowe drewniane z pi\u0142kami Swede<\/h2>\n<p>menu na urodziny dziecka, zabawy na dzie\u0144 dziecka w szkole, quiz pi\u0142karski, bo\u017ce narodzenie quiz, zagadki dla doros\u0142ych, el\u017cbieta imie, bursztynek, bursztynek, lol kolorowanka, imie kuba, dziecko cytaty, laurka dla mamy rysunek, literki, kolorowanki wakacje, serce origami, prezent dla nastolatka, wiosna zagadki s\u0142owne, zagadki matematyczne z odpowiedziami, kolorowanki antystresowe do druku<\/p>\n<p>yyyyy<\/p>\n<p>&nbsp;<\/p>\n","protected":false},"excerpt":{"rendered":"<p>Zestaw kolorowych paletek do gry wraz z pi\u0142k\u0105. Ten produkt umili czas sp\u0119dzany na pla\u017cy lub w ogr\u00f3dku.Produkt wyst\u0119pije w kilku wersjach kolorystycznych, wybierany losowo. Cena dotyczy jednej sztuki.Produkt zapakowany w worek z siateczki.Produkt dla dzieci od 3 lat.Wiek: 3+ Swede Rakietki pla\u017cowe drewniane z pi\u0142kami Swede menu na urodziny dziecka, zabawy na dzie\u0144 dziecka [&hellip;]<\/p>\n","protected":false},"featured_media":1121,"comment_status":"closed","ping_status":"open","template":"","meta":[],"product_cat":[171,120],"product_tag":[854,719,784,750,683],"class_list":["post-1120","product","type-product","status-publish","has-post-thumbnail","hentry","product_cat-swede","product_cat-zabawki-i-gry-sportowe","product_tag-cytaty-rodzina","product_tag-dziecko-cytaty-zlote-mysli","product_tag-hymn-gorniczy","product_tag-imie-kostek","product_tag-karaluchy-pod-poduchy"],"_links":{"self":[{"href":"http:\/\/klubmamgdynia.pl\/index.php\/wp-json\/wp\/v2\/product\/1120","targetHints":{"allow":["GET"]}}],"collection":[{"href":"http:\/\/klubmamgdynia.pl\/index.php\/wp-json\/wp\/v2\/product"}],"about":[{"href":"http:\/\/klubmamgdynia.pl\/index.php\/wp-json\/wp\/v2\/types\/product"}],"replies":[{"embeddable":true,"href":"http:\/\/klubmamgdynia.pl\/index.php\/wp-json\/wp\/v2\/comments?post=1120"}],"wp:featuredmedia":[{"embeddable":true,"href":"http:\/\/klubmamgdynia.pl\/index.php\/wp-json\/wp\/v2\/media\/1121"}],"wp:attachment":[{"href":"http:\/\/klubmamgdynia.pl\/index.php\/wp-json\/wp\/v2\/media?parent=1120"}],"wp:term":[{"taxonomy":"product_cat","embeddable":true,"href":"http:\/\/klubmamgdynia.pl\/index.php\/wp-json\/wp\/v2\/product_cat?post=1120"},{"taxonomy":"product_tag","embeddable":true,"href":"http:\/\/klubmamgdynia.pl\/index.php\/wp-json\/wp\/v2\/product_tag?post=1120"}],"curies":[{"name":"wp","href":"https:\/\/api.w.org\/{rel}","templated":true}]}}