{"id":11201,"date":"2011-01-16T22:46:06","date_gmt":"2011-01-16T21:46:06","guid":{"rendered":"http:\/\/klubmamgdynia.pl\/index.php\/produkt\/eurographics-puzzle-domki-piernikowe-550el\/"},"modified":"2026-04-04T05:17:06","modified_gmt":"2026-04-04T03:17:06","slug":"eurographics-puzzle-domki-piernikowe-550el","status":"publish","type":"product","link":"http:\/\/klubmamgdynia.pl\/index.php\/produkt\/eurographics-puzzle-domki-piernikowe-550el\/","title":{"rendered":"Eurographics Puzzle Domki Piernikowe 550El."},"content":{"rendered":"<p>&#8211; najszybsza wysy\u0142ka!<\/p>\n<h2>Eurographics Puzzle Domki Piernikowe 550El. Eurographics<\/h2>\n<p>samolot z papieru, calineczka test z odpowiedziami, liwia znaczenie imienia, lucjan, zagadki dla dzieci logiczne, zagadki dla starszych dzieci, ma\u0142y ksi\u0105\u017c\u0119 cytaty o przyja\u017ani<\/p>\n<p>yyyyy<\/p>\n<p>&nbsp;<\/p>\n","protected":false},"excerpt":{"rendered":"<p>&#8211; najszybsza wysy\u0142ka! Eurographics Puzzle Domki Piernikowe 550El. Eurographics samolot z papieru, calineczka test z odpowiedziami, liwia znaczenie imienia, lucjan, zagadki dla dzieci logiczne, zagadki dla starszych dzieci, ma\u0142y ksi\u0105\u017c\u0119 cytaty o przyja\u017ani yyyyy &nbsp;<\/p>\n","protected":false},"featured_media":11202,"comment_status":"closed","ping_status":"open","template":"","meta":[],"product_cat":[1373,90],"product_tag":[598,681,637,581,767],"class_list":["post-11201","product","type-product","status-publish","has-post-thumbnail","hentry","product_cat-eurographics","product_cat-puzzle","product_tag-co-na-roczek-dla-dziewczynki","product_tag-flagi-europy-quiz","product_tag-niech-zyja-wakacje-tekst","product_tag-zagadki-dla-8-latka","product_tag-zaproszenia-urodzinowe-do-druku"],"_links":{"self":[{"href":"http:\/\/klubmamgdynia.pl\/index.php\/wp-json\/wp\/v2\/product\/11201","targetHints":{"allow":["GET"]}}],"collection":[{"href":"http:\/\/klubmamgdynia.pl\/index.php\/wp-json\/wp\/v2\/product"}],"about":[{"href":"http:\/\/klubmamgdynia.pl\/index.php\/wp-json\/wp\/v2\/types\/product"}],"replies":[{"embeddable":true,"href":"http:\/\/klubmamgdynia.pl\/index.php\/wp-json\/wp\/v2\/comments?post=11201"}],"wp:featuredmedia":[{"embeddable":true,"href":"http:\/\/klubmamgdynia.pl\/index.php\/wp-json\/wp\/v2\/media\/11202"}],"wp:attachment":[{"href":"http:\/\/klubmamgdynia.pl\/index.php\/wp-json\/wp\/v2\/media?parent=11201"}],"wp:term":[{"taxonomy":"product_cat","embeddable":true,"href":"http:\/\/klubmamgdynia.pl\/index.php\/wp-json\/wp\/v2\/product_cat?post=11201"},{"taxonomy":"product_tag","embeddable":true,"href":"http:\/\/klubmamgdynia.pl\/index.php\/wp-json\/wp\/v2\/product_tag?post=11201"}],"curies":[{"name":"wp","href":"https:\/\/api.w.org\/{rel}","templated":true}]}}