{"id":11203,"date":"2015-03-01T01:08:44","date_gmt":"2015-03-01T00:08:44","guid":{"rendered":"http:\/\/klubmamgdynia.pl\/index.php\/produkt\/clementoni-ramkowe-super-kolor-44-cats-30el\/"},"modified":"2026-05-17T23:22:43","modified_gmt":"2026-05-17T21:22:43","slug":"clementoni-ramkowe-super-kolor-44-cats-30el","status":"publish","type":"product","link":"http:\/\/klubmamgdynia.pl\/index.php\/produkt\/clementoni-ramkowe-super-kolor-44-cats-30el\/","title":{"rendered":"Clementoni Ramkowe Super Kolor 44 Cats 30El."},"content":{"rendered":"<h2>Clementoni Ramkowe Super Kolor 44 Cats 30El. Clementoni<\/h2>\n<p>nauka zegara do druku, tymoteusz znaczenie imienia, test z lektury narnia lew czarownica i stara szafa, lol kolorowanki do druku, zadania logiczne, zagadki matematyczne z odpowiedziami, lol surprise kolorowanka, bursztynek bursztynek, beniamin imi\u0119, kolorowanka my little pony, anio\u0142ki w niebie pisz\u0105, kundel bury tekst<\/p>\n<p>yyyyy<\/p>\n<p>&nbsp;<\/p>\n","protected":false},"excerpt":{"rendered":"<p>Clementoni Ramkowe Super Kolor 44 Cats 30El. Clementoni nauka zegara do druku, tymoteusz znaczenie imienia, test z lektury narnia lew czarownica i stara szafa, lol kolorowanki do druku, zadania logiczne, zagadki matematyczne z odpowiedziami, lol surprise kolorowanka, bursztynek bursztynek, beniamin imi\u0119, kolorowanka my little pony, anio\u0142ki w niebie pisz\u0105, kundel bury tekst yyyyy &nbsp;<\/p>\n","protected":false},"featured_media":11204,"comment_status":"closed","ping_status":"open","template":"","meta":[],"product_cat":[163,90],"product_tag":[648,683,674,818,596,814,809],"class_list":["post-11203","product","type-product","status-publish","has-post-thumbnail","hentry","product_cat-clementoni","product_cat-puzzle","product_tag-dobrej-nocy-i-sza","product_tag-karaluchy-pod-poduchy","product_tag-miasto-dzieci","product_tag-oliwier","product_tag-pomysly-na-prima-aprilis","product_tag-prezenty-dla-nastolatek","product_tag-zagadki"],"_links":{"self":[{"href":"http:\/\/klubmamgdynia.pl\/index.php\/wp-json\/wp\/v2\/product\/11203","targetHints":{"allow":["GET"]}}],"collection":[{"href":"http:\/\/klubmamgdynia.pl\/index.php\/wp-json\/wp\/v2\/product"}],"about":[{"href":"http:\/\/klubmamgdynia.pl\/index.php\/wp-json\/wp\/v2\/types\/product"}],"replies":[{"embeddable":true,"href":"http:\/\/klubmamgdynia.pl\/index.php\/wp-json\/wp\/v2\/comments?post=11203"}],"wp:featuredmedia":[{"embeddable":true,"href":"http:\/\/klubmamgdynia.pl\/index.php\/wp-json\/wp\/v2\/media\/11204"}],"wp:attachment":[{"href":"http:\/\/klubmamgdynia.pl\/index.php\/wp-json\/wp\/v2\/media?parent=11203"}],"wp:term":[{"taxonomy":"product_cat","embeddable":true,"href":"http:\/\/klubmamgdynia.pl\/index.php\/wp-json\/wp\/v2\/product_cat?post=11203"},{"taxonomy":"product_tag","embeddable":true,"href":"http:\/\/klubmamgdynia.pl\/index.php\/wp-json\/wp\/v2\/product_tag?post=11203"}],"curies":[{"name":"wp","href":"https:\/\/api.w.org\/{rel}","templated":true}]}}