{"id":11205,"date":"2023-11-16T14:39:30","date_gmt":"2023-11-16T13:39:30","guid":{"rendered":"http:\/\/klubmamgdynia.pl\/?post_type=product&#038;p=11205"},"modified":"2026-04-29T15:22:09","modified_gmt":"2026-04-29T13:22:09","slug":"tp-link-archer-t4u-plus-archert4uplususb30","status":"publish","type":"product","link":"http:\/\/klubmamgdynia.pl\/index.php\/produkt\/tp-link-archer-t4u-plus-archert4uplususb30\/","title":{"rendered":"TP-Link Archer T4U Plus (ARCHERT4UPLUSUSB30)"},"content":{"rendered":"<p>TP-Link Archer T4U Plus Karta sieciowa Archer T4U Plus korzysta z technologii bezprzewodowej AC, dzi\u0119ki kt\u00f3rej umo\u017cliwia po\u0142\u0105czenie do 3 razy szybsze ni\u017c w przypadku standardu N. Idealnie sprawdzi si\u0119 w ka\u017cdej aktywno\u015bci online u\u017cytkownika za co odpowiadaj\u0105 dwa pasma obs\u0142ugi 2,4 i 5 GHz dzia\u0142aj\u0105ce w standardzie 802.11ac Zwi\u0119kszona wydajno\u015b\u0107 sieci z MU-MIMO Technologia MU-MIMO tworzy dwa r\u00f3wnoleg\u0142e strumienie danych, zwi\u0119kszaj\u0105c przepustowo\u015b\u0107 i poprawiaj\u0105c wydajno\u015b\u0107 dzia\u0142ania sieci we wsp\u00f3\u0142pracy z routerem MU-MIMO. Dwie mocne anteny dla wi\u0119kszego zasi\u0119gu Wykorzystanie dw\u00f3ch mocnych anten o zysku 5 dBi sprawia, \u017ce Archer T4U Plus w odczuwalny spos\u00f3b zwi\u0119ksza pr\u0119dko\u015b\u0107 i zasi\u0119g transmisji danych, u\u0142atwia odbi\u00f3r sygna\u0142u i zapewnia stabilne po\u0142\u0105czenia Wi-Fi na ka\u017cdym pi\u0119trze i w ka\u017cdym pomieszczeniu Twojego domu. Nie musisz martwi\u0107 si\u0119 o op\u00f3\u017anienia, bo sie\u0107 dzia\u0142a szybko i stabilnie. Konstrukcja anten umo\u017cliwia pe\u0142ne dostosowanie ich kierunku do warunk\u00f3w otoczenia, aby zmaksymalizowa\u0107 wydajno\u015b\u0107 i komfort korzystania z sieci. Wi\u0119ksza pr\u0119dko\u015b\u0107 transferu z USB 3.0 Z USB 3.0 w najnowszym standardzie do\u015bwiadczysz niezwykle szybkiego transferu danych do 4,8 GB\/s, co jest warto\u015bci\u0105 10 razy wy\u017csz\u0105, je\u015bli por\u00f3wnamy j\u0105 ze standardem 2.0. Wygoda u\u017cytkowania i \u0142atwo\u015b\u0107 doboru lokalizacji Konstrukcja umo\u017cliwiaj\u0105ca stawianie urz\u0105dzenia na blacie oraz do\u0142\u0105czony do zestawu kabel USB o d\u0142ugo\u015bci 1 m sprawiaj\u0105, \u017ce znalezienie dogodnego po\u0142o\u017cenia, zapewniaj\u0105cego optymalny zasi\u0119g sieci, nie stanowi problemu. Parametry Gwarancja producenta 36 miesi\u0119cy Interfejs USB 3.0 Wymiary 84 x 156,3 x 19,2 mm Kolor czarny Standardy bezprzewodowe 5 GHz: IEEE 802.11ac\/n\/a | 2,4 GHz: IEEE 802.11b\/g\/n Antena 2 anteny zewn\u0119trzne Pr\u0119dko\u015b\u0107 transmisji 5 GHz: do 867Mb\/s | 2,4 GHz: do 400Mb\/s Szyfrowanie i zabezpieczenia WEP, WPA\/WPA2, WPA-PSK\/WPA2-PSK Typ urz\u0105dzenia karta sieciowa bezprzewodowa Cz\u0119stotliwo\u015b\u0107 pracy 2.4\/5.0 GHz Zestaw zawiera Kabel USB 3.0 o d\u0142ugo\u015bci 1 m, Instrukcja szybkiej instalacji Temperatura pracy 0\u00b0C do 40\u00b0C<\/p>\n<h2>TP-Link Archer T4U Plus (ARCHERT4UPLUSUSB30) Tp-Link<\/h2>\n<p>wakacje kolorowanka, m\u0105dre prezenty dla 7 latki, stanis\u0142awa znaczenie imienia, prezenty dla m\u0142odzie\u017cy, halloween warszawa 2021 dzieci, quizy o koniach, zagadki dla dzieci 7-8 lat, zaproszenie do druku, choinko pi\u0119kna jak las tekst, \u0142atwe zagadki, zabawy na dworze dla 10 latk\u00f3w<\/p>\n<p>yyyyy<\/p>\n<p>&nbsp;<\/p>\n","protected":false},"excerpt":{"rendered":"<p>TP-Link Archer T4U Plus Karta sieciowa Archer T4U Plus korzysta z technologii bezprzewodowej AC, dzi\u0119ki kt\u00f3rej umo\u017cliwia po\u0142\u0105czenie do 3 razy szybsze ni\u017c w przypadku standardu N. Idealnie sprawdzi si\u0119 w ka\u017cdej aktywno\u015bci online u\u017cytkownika za co odpowiadaj\u0105 dwa pasma obs\u0142ugi 2,4 i 5 GHz dzia\u0142aj\u0105ce w standardzie 802.11ac Zwi\u0119kszona wydajno\u015b\u0107 sieci z MU-MIMO Technologia [&hellip;]<\/p>\n","protected":false},"featured_media":11206,"comment_status":"closed","ping_status":"open","template":"","meta":[],"product_cat":[1953,1952],"product_tag":[775,768,629,693],"class_list":["post-11205","product","type-product","status-publish","has-post-thumbnail","hentry","product_cat-karty-sieciowe","product_cat-tp-link","product_tag-kolorowanki-do-druku-pokemon","product_tag-krotkie-zagadki-logiczne","product_tag-smieszne-zagadki-z-odpowiedziami","product_tag-zagadki-dla-doroslych"],"_links":{"self":[{"href":"http:\/\/klubmamgdynia.pl\/index.php\/wp-json\/wp\/v2\/product\/11205","targetHints":{"allow":["GET"]}}],"collection":[{"href":"http:\/\/klubmamgdynia.pl\/index.php\/wp-json\/wp\/v2\/product"}],"about":[{"href":"http:\/\/klubmamgdynia.pl\/index.php\/wp-json\/wp\/v2\/types\/product"}],"replies":[{"embeddable":true,"href":"http:\/\/klubmamgdynia.pl\/index.php\/wp-json\/wp\/v2\/comments?post=11205"}],"wp:featuredmedia":[{"embeddable":true,"href":"http:\/\/klubmamgdynia.pl\/index.php\/wp-json\/wp\/v2\/media\/11206"}],"wp:attachment":[{"href":"http:\/\/klubmamgdynia.pl\/index.php\/wp-json\/wp\/v2\/media?parent=11205"}],"wp:term":[{"taxonomy":"product_cat","embeddable":true,"href":"http:\/\/klubmamgdynia.pl\/index.php\/wp-json\/wp\/v2\/product_cat?post=11205"},{"taxonomy":"product_tag","embeddable":true,"href":"http:\/\/klubmamgdynia.pl\/index.php\/wp-json\/wp\/v2\/product_tag?post=11205"}],"curies":[{"name":"wp","href":"https:\/\/api.w.org\/{rel}","templated":true}]}}