{"id":11207,"date":"2012-06-19T08:17:09","date_gmt":"2012-06-19T06:17:09","guid":{"rendered":"http:\/\/klubmamgdynia.pl\/index.php\/produkt\/new-york-company-puzzle-500el-wnetrze-pelne-muzyki-xxl\/"},"modified":"2026-04-04T03:02:54","modified_gmt":"2026-04-04T01:02:54","slug":"new-york-company-puzzle-500el-wnetrze-pelne-muzyki-xxl","status":"publish","type":"product","link":"http:\/\/klubmamgdynia.pl\/index.php\/produkt\/new-york-company-puzzle-500el-wnetrze-pelne-muzyki-xxl\/","title":{"rendered":"New York Company Puzzle 500El. Wn\u0119trze Pe\u0142ne Muzyki Xxl"},"content":{"rendered":"<p>Puzzle z ameryka\u0144skiej firmy New York Puzzle Company s\u0105 eko przyjazne, farba do ich produkcji jest na bazie soi, sk\u0142adaj\u0105 si\u0119 z 500 element\u00f3w po u\u0142o\u017ceniu tworz\u0105 obraz o wymiarach 61 x 46 cm. Elementy puzzli w wersji XXL. NAZWA PUZZLE 500 WN\u0118TRZE PE\u0141NE MUZYKI XXL PRODUCENT NEW YORK COMPANY WIEK 9+ ILO\u015a\u0106 ELEMENT\u00d3W 500 EAN 0819844017668 Znajd\u017a podobne wed\u0142ug klucza: NEW_YORK_COMPANY PUZZLE PUZZLE_500 (479649)<\/p>\n<h2>New York Company Puzzle 500El. Wn\u0119trze Pe\u0142ne Muzyki Xxl <\/h2>\n<p>test z lektury ania z zielonego wzg\u00f3rza klasa 6 z odpowiedziami, kolorowanka europa, bajka o kreciku, pomysly na prima aprilis, kolorowanka kotek do druku, bo\u017ce narodzenie (film), esmeralda, zagadki nie do rozwi\u0105zania, pola znaczenie imienia, kornelia, ozdoby na choinke przedszkole, quizy dla dzieci 7 lat, kolorowanki lol do druku, zagadki matematyczne, wiosenne zagadki, atrakcje dla dzieci mazowieckie, oliwier znaczenie imienia, znaczenie imienia milan, wzory zaprosze\u0144 zaproszenie na urodziny do druku pdf, szlaczki, co oznacza jordan<\/p>\n<p>yyyyy<\/p>\n<p>&nbsp;<\/p>\n","protected":false},"excerpt":{"rendered":"<p>Puzzle z ameryka\u0144skiej firmy New York Puzzle Company s\u0105 eko przyjazne, farba do ich produkcji jest na bazie soi, sk\u0142adaj\u0105 si\u0119 z 500 element\u00f3w po u\u0142o\u017ceniu tworz\u0105 obraz o wymiarach 61 x 46 cm. Elementy puzzli w wersji XXL. NAZWA PUZZLE 500 WN\u0118TRZE PE\u0141NE MUZYKI XXL PRODUCENT NEW YORK COMPANY WIEK 9+ ILO\u015a\u0106 ELEMENT\u00d3W 500 [&hellip;]<\/p>\n","protected":false},"featured_media":11208,"comment_status":"closed","ping_status":"open","template":"","meta":[],"product_cat":[90],"product_tag":[755,657,769,835,647],"class_list":["post-11207","product","type-product","status-publish","has-post-thumbnail","hentry","product_cat-puzzle","product_tag-henryk","product_tag-lol-kolorowanka","product_tag-psi-patrol-do-czytania","product_tag-radosc-dziecka-cytaty","product_tag-warszawa-z-dzieckiem"],"_links":{"self":[{"href":"http:\/\/klubmamgdynia.pl\/index.php\/wp-json\/wp\/v2\/product\/11207","targetHints":{"allow":["GET"]}}],"collection":[{"href":"http:\/\/klubmamgdynia.pl\/index.php\/wp-json\/wp\/v2\/product"}],"about":[{"href":"http:\/\/klubmamgdynia.pl\/index.php\/wp-json\/wp\/v2\/types\/product"}],"replies":[{"embeddable":true,"href":"http:\/\/klubmamgdynia.pl\/index.php\/wp-json\/wp\/v2\/comments?post=11207"}],"wp:featuredmedia":[{"embeddable":true,"href":"http:\/\/klubmamgdynia.pl\/index.php\/wp-json\/wp\/v2\/media\/11208"}],"wp:attachment":[{"href":"http:\/\/klubmamgdynia.pl\/index.php\/wp-json\/wp\/v2\/media?parent=11207"}],"wp:term":[{"taxonomy":"product_cat","embeddable":true,"href":"http:\/\/klubmamgdynia.pl\/index.php\/wp-json\/wp\/v2\/product_cat?post=11207"},{"taxonomy":"product_tag","embeddable":true,"href":"http:\/\/klubmamgdynia.pl\/index.php\/wp-json\/wp\/v2\/product_tag?post=11207"}],"curies":[{"name":"wp","href":"https:\/\/api.w.org\/{rel}","templated":true}]}}