{"id":11209,"date":"2020-01-17T12:24:40","date_gmt":"2020-01-17T11:24:40","guid":{"rendered":"http:\/\/klubmamgdynia.pl\/index.php\/produkt\/ses-nl-kreatywna-zabawa-woskowe-sznureczki-do-ozdabiania\/"},"modified":"2026-04-04T05:44:11","modified_gmt":"2026-04-04T03:44:11","slug":"ses-nl-kreatywna-zabawa-woskowe-sznureczki-do-ozdabiania","status":"publish","type":"product","link":"http:\/\/klubmamgdynia.pl\/index.php\/produkt\/ses-nl-kreatywna-zabawa-woskowe-sznureczki-do-ozdabiania\/","title":{"rendered":"Ses Nl Kreatywna Zabawa Woskowe Sznureczki Do Ozdabiania"},"content":{"rendered":"<p>NAZWA KREATYWNA ZABAWA -WOSKOWE SZNURECZKI DO OZDABIANIA PRODUCENT SES NL WIEK 3+ EAN 8710341147570 Znajd\u017a podobne wed\u0142ug klucza: SES_NL (447664)<\/p>\n<h2>Ses Nl Kreatywna Zabawa Woskowe Sznureczki Do Ozdabiania Ses Creative<\/h2>\n<p>zagadki nie do rozwi\u0105zania, zimowe zagadki dla dzieci, u\u015bmiech dziecka wiersz, atrakcje dla nastolatk\u00f3w, test z lektury pies kt\u00f3ry je\u017adzi\u0142 kolej\u0105, kolorowanki antystresowe do druku, bajka do czytania na dobranoc, m\u00f3j przyjaciel mi\u015b scenariusz zaj\u0119\u0107 w przedszkolu, zagadki, jedzie poci\u0105g z daleka tekst, natan imi\u0119, prezent dla nastolatk\u00f3w na \u015bwi\u0119ta, malowanka<\/p>\n<p>yyyyy<\/p>\n<p>&nbsp;<\/p>\n","protected":false},"excerpt":{"rendered":"<p>NAZWA KREATYWNA ZABAWA -WOSKOWE SZNURECZKI DO OZDABIANIA PRODUCENT SES NL WIEK 3+ EAN 8710341147570 Znajd\u017a podobne wed\u0142ug klucza: SES_NL (447664) Ses Nl Kreatywna Zabawa Woskowe Sznureczki Do Ozdabiania Ses Creative zagadki nie do rozwi\u0105zania, zimowe zagadki dla dzieci, u\u015bmiech dziecka wiersz, atrakcje dla nastolatk\u00f3w, test z lektury pies kt\u00f3ry je\u017adzi\u0142 kolej\u0105, kolorowanki antystresowe do druku, [&hellip;]<\/p>\n","protected":false},"featured_media":11210,"comment_status":"closed","ping_status":"open","template":"","meta":[],"product_cat":[1072,21],"product_tag":[766,621,591],"class_list":["post-11209","product","type-product","status-publish","has-post-thumbnail","hentry","product_cat-ses-creative","product_cat-zabawki-plastyczne","product_tag-kira","product_tag-prezenty-roczek","product_tag-quiz-o-minecraft"],"_links":{"self":[{"href":"http:\/\/klubmamgdynia.pl\/index.php\/wp-json\/wp\/v2\/product\/11209","targetHints":{"allow":["GET"]}}],"collection":[{"href":"http:\/\/klubmamgdynia.pl\/index.php\/wp-json\/wp\/v2\/product"}],"about":[{"href":"http:\/\/klubmamgdynia.pl\/index.php\/wp-json\/wp\/v2\/types\/product"}],"replies":[{"embeddable":true,"href":"http:\/\/klubmamgdynia.pl\/index.php\/wp-json\/wp\/v2\/comments?post=11209"}],"wp:featuredmedia":[{"embeddable":true,"href":"http:\/\/klubmamgdynia.pl\/index.php\/wp-json\/wp\/v2\/media\/11210"}],"wp:attachment":[{"href":"http:\/\/klubmamgdynia.pl\/index.php\/wp-json\/wp\/v2\/media?parent=11209"}],"wp:term":[{"taxonomy":"product_cat","embeddable":true,"href":"http:\/\/klubmamgdynia.pl\/index.php\/wp-json\/wp\/v2\/product_cat?post=11209"},{"taxonomy":"product_tag","embeddable":true,"href":"http:\/\/klubmamgdynia.pl\/index.php\/wp-json\/wp\/v2\/product_tag?post=11209"}],"curies":[{"name":"wp","href":"https:\/\/api.w.org\/{rel}","templated":true}]}}