{"id":11211,"date":"2024-08-11T04:16:59","date_gmt":"2024-08-11T02:16:59","guid":{"rendered":"http:\/\/klubmamgdynia.pl\/?post_type=product&#038;p=11211"},"modified":"2026-04-30T10:55:01","modified_gmt":"2026-04-30T08:55:01","slug":"przebranie-spin-master-psi-patrol-marshall","status":"publish","type":"product","link":"http:\/\/klubmamgdynia.pl\/index.php\/produkt\/przebranie-spin-master-psi-patrol-marshall\/","title":{"rendered":"Przebranie Spin Master Psi Patrol Marshall"},"content":{"rendered":"<p>Akcesoria Psi Patrol dla dzieckaDzieci uwielbiaj\u0105 ogl\u0105da\u0107 bajki, a nast\u0119pnie bawi\u0107 si\u0119 i wciela\u0107 rol\u0119 w ulubionego bohatera. Teraz ka\u017cdy fan bajki Psi Patrol mo\u017ce poczu\u0107 jak si\u0119 Marshall, kt\u00f3ry jest koleg\u0105 Rydera, Chasea, Skye, Rubble, Zumy oraz Liberty. W zestawie znajduj\u0105 si\u0119 akcesoria kt\u00f3re b\u0119d\u0105 \u015bwietnym uzupe\u0142nieniem kostiumu na bal przebiera\u0144c\u00f3w lub do codziennej zabawy w domu. Do zabawy w odgrywanie r\u00f3l przydadz\u0105 si\u0119 atrybuty Marshalla, takie jak te kt\u00f3re znajduj\u0105 si\u0119 w tym opakowaniu. Zawarto\u015b\u0107 zestawu:opaska na g\u0142ow\u0119 z uszamiga\u015bnicamegafonodznakakr\u00f3tkofal\u00f3wkalatarkakompas<\/p>\n<h2>Przebranie Spin Master Psi Patrol Marshall Spin Master<\/h2>\n<p>oskar imi\u0119, kolorowanki do druku dla doros\u0142ych, kolorowanki wakacje, laurka dla mamy rysunek, zagadki \u015bmieszne dla dzieci, maski do druku kolorowe, \u0142ama\u0144ce j\u0119zykowe dla dzieci, krotkie zagadki, wzruszaj\u0105ce s\u0142owa dla przyjaciela, kolorowanki wed\u0142ug kodu do druku, hobbit, bajka terapeutyczna o z\u0142o\u015bci pdf, spiderman do druku, znaczenie imiona alan<\/p>\n<p>yyyyy<\/p>\n<p>&nbsp;<\/p>\n","protected":false},"excerpt":{"rendered":"<p>Akcesoria Psi Patrol dla dzieckaDzieci uwielbiaj\u0105 ogl\u0105da\u0107 bajki, a nast\u0119pnie bawi\u0107 si\u0119 i wciela\u0107 rol\u0119 w ulubionego bohatera. Teraz ka\u017cdy fan bajki Psi Patrol mo\u017ce poczu\u0107 jak si\u0119 Marshall, kt\u00f3ry jest koleg\u0105 Rydera, Chasea, Skye, Rubble, Zumy oraz Liberty. W zestawie znajduj\u0105 si\u0119 akcesoria kt\u00f3re b\u0119d\u0105 \u015bwietnym uzupe\u0142nieniem kostiumu na bal przebiera\u0144c\u00f3w lub do codziennej [&hellip;]<\/p>\n","protected":false},"featured_media":11212,"comment_status":"closed","ping_status":"open","template":"","meta":[],"product_cat":[95,94],"product_tag":[829,662,854,601,714],"class_list":["post-11211","product","type-product","status-publish","has-post-thumbnail","hentry","product_cat-figurki-makiety-i-zestawy","product_cat-spin-master","product_tag-bajki-do-czytania-na-dobranoc","product_tag-bajki-na-dobranoc","product_tag-cytaty-rodzina","product_tag-zagadki-co-to-jest","product_tag-zagadki-logiczne"],"_links":{"self":[{"href":"http:\/\/klubmamgdynia.pl\/index.php\/wp-json\/wp\/v2\/product\/11211","targetHints":{"allow":["GET"]}}],"collection":[{"href":"http:\/\/klubmamgdynia.pl\/index.php\/wp-json\/wp\/v2\/product"}],"about":[{"href":"http:\/\/klubmamgdynia.pl\/index.php\/wp-json\/wp\/v2\/types\/product"}],"replies":[{"embeddable":true,"href":"http:\/\/klubmamgdynia.pl\/index.php\/wp-json\/wp\/v2\/comments?post=11211"}],"wp:featuredmedia":[{"embeddable":true,"href":"http:\/\/klubmamgdynia.pl\/index.php\/wp-json\/wp\/v2\/media\/11212"}],"wp:attachment":[{"href":"http:\/\/klubmamgdynia.pl\/index.php\/wp-json\/wp\/v2\/media?parent=11211"}],"wp:term":[{"taxonomy":"product_cat","embeddable":true,"href":"http:\/\/klubmamgdynia.pl\/index.php\/wp-json\/wp\/v2\/product_cat?post=11211"},{"taxonomy":"product_tag","embeddable":true,"href":"http:\/\/klubmamgdynia.pl\/index.php\/wp-json\/wp\/v2\/product_tag?post=11211"}],"curies":[{"name":"wp","href":"https:\/\/api.w.org\/{rel}","templated":true}]}}