{"id":11215,"date":"2014-10-28T18:27:38","date_gmt":"2014-10-28T17:27:38","guid":{"rendered":"http:\/\/klubmamgdynia.pl\/index.php\/produkt\/zeszyt-nutowy-vivo\/"},"modified":"2026-04-05T23:20:04","modified_gmt":"2026-04-05T21:20:04","slug":"zeszyt-nutowy-vivo","status":"publish","type":"product","link":"http:\/\/klubmamgdynia.pl\/index.php\/produkt\/zeszyt-nutowy-vivo\/","title":{"rendered":"Zeszyt nutowy &#8211; Vivo"},"content":{"rendered":"<p>Autor:ISBN:EAN: 2900000005136Wydawnictwo: EUTERPEWydanie: broszurowa,21&#215;29,5 cmStrony: ,32Klasyczny zeszyt nutowy;format: A4 pionowy;pi\u0119ciolinie 7 mm;na ka\u017cdej stronie 14 pi\u0119ciolinii.Na wewn\u0119trznych stronach ok\u0142adki wiadomo\u015bci z teorii muzyki.<\/p>\n<h2>Zeszyt nutowy &#8211; Vivo Ateneum<\/h2>\n<p>co kupi\u0107 nastolatce na urodziny, ozdoby wielkanocne kt\u00f3re mog\u0105 zrobi\u0107 dzieci, piesek do kolorowania, zabawy dla 7 latki, sky kolorowanka, kolorowe kredki tekst, list do gwiazdora, atrakcje dla dzieci w warszawie dzi\u015b, kolorowanka my little pony, co\u015b dla nastolatk\u00f3w, opowie\u015bci z narni test, mira imie, pierwsze urodziny prezent na roczek dla dziewczynki, lucyna<\/p>\n<p>yyyyy<\/p>\n<p>&nbsp;<\/p>\n","protected":false},"excerpt":{"rendered":"<p>Autor:ISBN:EAN: 2900000005136Wydawnictwo: EUTERPEWydanie: broszurowa,21&#215;29,5 cmStrony: ,32Klasyczny zeszyt nutowy;format: A4 pionowy;pi\u0119ciolinie 7 mm;na ka\u017cdej stronie 14 pi\u0119ciolinii.Na wewn\u0119trznych stronach ok\u0142adki wiadomo\u015bci z teorii muzyki. Zeszyt nutowy &#8211; Vivo Ateneum co kupi\u0107 nastolatce na urodziny, ozdoby wielkanocne kt\u00f3re mog\u0105 zrobi\u0107 dzieci, piesek do kolorowania, zabawy dla 7 latki, sky kolorowanka, kolorowe kredki tekst, list do gwiazdora, atrakcje [&hellip;]<\/p>\n","protected":false},"featured_media":11216,"comment_status":"closed","ping_status":"open","template":"","meta":[],"product_cat":[1941,325],"product_tag":[834,825,699,659],"class_list":["post-11215","product","type-product","status-publish","has-post-thumbnail","hentry","product_cat-ateneum","product_cat-szkolne-artykuly-papiernicze","product_tag-bajka-do-czytania-na-dobranoc","product_tag-bajka-na-dobranoc-do-czytania","product_tag-kolorowanki-do-druku-dla-dziewczyn","product_tag-tupu-tup-po-sniegu-tekst"],"_links":{"self":[{"href":"http:\/\/klubmamgdynia.pl\/index.php\/wp-json\/wp\/v2\/product\/11215","targetHints":{"allow":["GET"]}}],"collection":[{"href":"http:\/\/klubmamgdynia.pl\/index.php\/wp-json\/wp\/v2\/product"}],"about":[{"href":"http:\/\/klubmamgdynia.pl\/index.php\/wp-json\/wp\/v2\/types\/product"}],"replies":[{"embeddable":true,"href":"http:\/\/klubmamgdynia.pl\/index.php\/wp-json\/wp\/v2\/comments?post=11215"}],"wp:featuredmedia":[{"embeddable":true,"href":"http:\/\/klubmamgdynia.pl\/index.php\/wp-json\/wp\/v2\/media\/11216"}],"wp:attachment":[{"href":"http:\/\/klubmamgdynia.pl\/index.php\/wp-json\/wp\/v2\/media?parent=11215"}],"wp:term":[{"taxonomy":"product_cat","embeddable":true,"href":"http:\/\/klubmamgdynia.pl\/index.php\/wp-json\/wp\/v2\/product_cat?post=11215"},{"taxonomy":"product_tag","embeddable":true,"href":"http:\/\/klubmamgdynia.pl\/index.php\/wp-json\/wp\/v2\/product_tag?post=11215"}],"curies":[{"name":"wp","href":"https:\/\/api.w.org\/{rel}","templated":true}]}}