{"id":11217,"date":"2024-05-24T23:01:55","date_gmt":"2024-05-24T21:01:55","guid":{"rendered":"http:\/\/klubmamgdynia.pl\/?post_type=product&#038;p=11217"},"modified":"2026-05-17T22:52:23","modified_gmt":"2026-05-17T20:52:23","slug":"maskotka-pluszak-psi-patrol-marshall-pirat-28-cm","status":"publish","type":"product","link":"http:\/\/klubmamgdynia.pl\/index.php\/produkt\/maskotka-pluszak-psi-patrol-marshall-pirat-28-cm\/","title":{"rendered":"MASKOTKA PLUSZAK PSI PATROL MARSHALL PIRAT 28 CM"},"content":{"rendered":"<p>MASKOTKA PLUSZAK PSI PATROL MARSHALL PIRATWysoko\u015b\u0107 28 CMMarka : Play by PlayMaskotka pluszowa &#8211; bohater serialu animowanego Psi Patrol.Przyjemna w dotyku, wykonana estetycznie &#8211; z wysokiej jako\u015bci materia\u0142\u00f3w.Wiernie odwzorowuje bajkow\u0105 posta\u0107.Wiek &#8211; 0 +Materia\u0142 &#8211; pluszWysoko\u015b\u0107 maskotki &#8211; ok. 28 cmLicencja &#8211; Psi PatrolProducent &#8211; Play by PlayZbierz wszystkich bohater\u00f3w serii.Sprzedajemy wy\u0142\u0105cznie oryginalne produkty wykonane z ekologicznych i bezpiecznych dla zdrowia materia\u0142\u00f3w.Nie sprzedajemy produkt\u00f3w, kt\u00f3rych nie ma fizycznie w naszym magazynie.Na innych naszych aukcjach reszta bohater\u00f3w serialu PSI PATROL !!<\/p>\n<h2>MASKOTKA PLUSZAK PSI PATROL MARSHALL PIRAT 28 CM Play By Play<\/h2>\n<p>zagadki logiczne i odpowiedzi, radiowe nuty niech zyja wakacje, medrcy swiata, \u0142\u00f3d\u017a atrakcje dla dzieci, ko\u0142ysanki dla dzieci + tekst, jak narysowa\u0107 koty, ahmed, na roczek dla ch\u0142opca, filmy disneya, kolorowanka do druku kotek, dyplom dla przedszkolaka do wydruku<\/p>\n<p>yyyyy<\/p>\n<p>&nbsp;<\/p>\n","protected":false},"excerpt":{"rendered":"<p>MASKOTKA PLUSZAK PSI PATROL MARSHALL PIRATWysoko\u015b\u0107 28 CMMarka : Play by PlayMaskotka pluszowa &#8211; bohater serialu animowanego Psi Patrol.Przyjemna w dotyku, wykonana estetycznie &#8211; z wysokiej jako\u015bci materia\u0142\u00f3w.Wiernie odwzorowuje bajkow\u0105 posta\u0107.Wiek &#8211; 0 +Materia\u0142 &#8211; pluszWysoko\u015b\u0107 maskotki &#8211; ok. 28 cmLicencja &#8211; Psi PatrolProducent &#8211; Play by PlayZbierz wszystkich bohater\u00f3w serii.Sprzedajemy wy\u0142\u0105cznie oryginalne produkty wykonane [&hellip;]<\/p>\n","protected":false},"featured_media":11218,"comment_status":"closed","ping_status":"open","template":"","meta":[],"product_cat":[42,1954],"product_tag":[598,846,636,709],"class_list":["post-11217","product","type-product","status-publish","has-post-thumbnail","hentry","product_cat-maskotki","product_cat-play-by-play","product_tag-co-na-roczek-dla-dziewczynki","product_tag-rysowanki","product_tag-teksty-kolysanek","product_tag-zagadki-dla-dzieci-6-7-lat"],"_links":{"self":[{"href":"http:\/\/klubmamgdynia.pl\/index.php\/wp-json\/wp\/v2\/product\/11217","targetHints":{"allow":["GET"]}}],"collection":[{"href":"http:\/\/klubmamgdynia.pl\/index.php\/wp-json\/wp\/v2\/product"}],"about":[{"href":"http:\/\/klubmamgdynia.pl\/index.php\/wp-json\/wp\/v2\/types\/product"}],"replies":[{"embeddable":true,"href":"http:\/\/klubmamgdynia.pl\/index.php\/wp-json\/wp\/v2\/comments?post=11217"}],"wp:featuredmedia":[{"embeddable":true,"href":"http:\/\/klubmamgdynia.pl\/index.php\/wp-json\/wp\/v2\/media\/11218"}],"wp:attachment":[{"href":"http:\/\/klubmamgdynia.pl\/index.php\/wp-json\/wp\/v2\/media?parent=11217"}],"wp:term":[{"taxonomy":"product_cat","embeddable":true,"href":"http:\/\/klubmamgdynia.pl\/index.php\/wp-json\/wp\/v2\/product_cat?post=11217"},{"taxonomy":"product_tag","embeddable":true,"href":"http:\/\/klubmamgdynia.pl\/index.php\/wp-json\/wp\/v2\/product_tag?post=11217"}],"curies":[{"name":"wp","href":"https:\/\/api.w.org\/{rel}","templated":true}]}}