{"id":11219,"date":"2015-03-01T10:29:05","date_gmt":"2015-03-01T09:29:05","guid":{"rendered":"http:\/\/klubmamgdynia.pl\/index.php\/produkt\/canon-pg-545xl-8286b004\/"},"modified":"2026-05-02T11:22:47","modified_gmt":"2026-05-02T09:22:47","slug":"canon-pg-545xl-8286b004","status":"publish","type":"product","link":"http:\/\/klubmamgdynia.pl\/index.php\/produkt\/canon-pg-545xl-8286b004\/","title":{"rendered":"Canon PG-545XL (8286B004)"},"content":{"rendered":"<p>Tusze CanonTylko z oryginalnymi tuszami Canon wydob\u0119dziesz wszystkie zalety drukarek tej marki. Zapewniaj\u0105 ostry i czytelny tekst, a tak\u017ce \u017cywe i dynamiczne kolory. Ponadto, ka\u017cdy wydruk staje si\u0119 odporny na tarcie, nie blaknie z up\u0142ywem czasu i nie rozmazuje si\u0119 po zakre\u015bleniu markerem. Unikalny sk\u0142ad atrament\u00f3w Canon pozwala na uzyskanie jasnych, a jednocze\u015bnie naturalnych kolor\u00f3w, kt\u00f3re \u0142agodnie przechodz\u0105 od jasnych do ciemnych tonacji. Szczeg\u00f3lnie wtedy, gdy drukujesz zdj\u0119cia i dokumenty z du\u017c\u0105 szybko\u015bci\u0105.Pigment stosowany w tuszu Canon charakteryzuje si\u0119 du\u017c\u0105 g\u0119sto\u015bci\u0105. To dzi\u0119ki temu rozwi\u0105zaniu zar\u00f3wno kolory, jak i czer\u0144 s\u0105 tak bardzo intensywne. Jednocze\u015bnie, aby uzyska\u0107 efekt naturalnej g\u0142\u0119bi drukarka zu\u017cywa znacznie mniej tuszu. Rezultat? Rzadziej si\u0119gasz po nowe pojemniki, a w Twojej kieszeni zostaje wi\u0119cej pieni\u0119dzy.<\/p>\n<h2>Canon PG-545XL (8286B004) Canon<\/h2>\n<p>ju\u017c blisko kol\u0119da tekst, gry planszowe dla nastolatk\u00f3w, myszka minnie kolorowanka, kuba imie, literki do druku<\/p>\n<p>yyyyy<\/p>\n<p>&nbsp;<\/p>\n","protected":false},"excerpt":{"rendered":"<p>Tusze CanonTylko z oryginalnymi tuszami Canon wydob\u0119dziesz wszystkie zalety drukarek tej marki. Zapewniaj\u0105 ostry i czytelny tekst, a tak\u017ce \u017cywe i dynamiczne kolory. Ponadto, ka\u017cdy wydruk staje si\u0119 odporny na tarcie, nie blaknie z up\u0142ywem czasu i nie rozmazuje si\u0119 po zakre\u015bleniu markerem. Unikalny sk\u0142ad atrament\u00f3w Canon pozwala na uzyskanie jasnych, a jednocze\u015bnie naturalnych kolor\u00f3w, [&hellip;]<\/p>\n","protected":false},"featured_media":11220,"comment_status":"closed","ping_status":"open","template":"","meta":[],"product_cat":[1955,1956],"product_tag":[801,758,795,646,803],"class_list":["post-11219","product","type-product","status-publish","has-post-thumbnail","hentry","product_cat-canon","product_cat-tusze-oryginalne","product_tag-bajki-terapeutyczne-o-emocjach","product_tag-julian","product_tag-mini-zoo-warszawa","product_tag-prezent-na-pierwsze-urodziny","product_tag-szlaczki-do-druku"],"_links":{"self":[{"href":"http:\/\/klubmamgdynia.pl\/index.php\/wp-json\/wp\/v2\/product\/11219","targetHints":{"allow":["GET"]}}],"collection":[{"href":"http:\/\/klubmamgdynia.pl\/index.php\/wp-json\/wp\/v2\/product"}],"about":[{"href":"http:\/\/klubmamgdynia.pl\/index.php\/wp-json\/wp\/v2\/types\/product"}],"replies":[{"embeddable":true,"href":"http:\/\/klubmamgdynia.pl\/index.php\/wp-json\/wp\/v2\/comments?post=11219"}],"wp:featuredmedia":[{"embeddable":true,"href":"http:\/\/klubmamgdynia.pl\/index.php\/wp-json\/wp\/v2\/media\/11220"}],"wp:attachment":[{"href":"http:\/\/klubmamgdynia.pl\/index.php\/wp-json\/wp\/v2\/media?parent=11219"}],"wp:term":[{"taxonomy":"product_cat","embeddable":true,"href":"http:\/\/klubmamgdynia.pl\/index.php\/wp-json\/wp\/v2\/product_cat?post=11219"},{"taxonomy":"product_tag","embeddable":true,"href":"http:\/\/klubmamgdynia.pl\/index.php\/wp-json\/wp\/v2\/product_tag?post=11219"}],"curies":[{"name":"wp","href":"https:\/\/api.w.org\/{rel}","templated":true}]}}