{"id":1122,"date":"2019-04-11T10:11:00","date_gmt":"2019-04-11T08:11:00","guid":{"rendered":"http:\/\/klubmamgdynia.pl\/index.php\/produkt\/hot-wheels-car-culture-ford-gt-race-transporter-c-800-gjt40\/"},"modified":"2026-04-03T16:05:31","modified_gmt":"2026-04-03T14:05:31","slug":"hot-wheels-car-culture-ford-gt-race-transporter-c-800-gjt40","status":"publish","type":"product","link":"http:\/\/klubmamgdynia.pl\/index.php\/produkt\/hot-wheels-car-culture-ford-gt-race-transporter-c-800-gjt40\/","title":{"rendered":"Hot Wheels &#8211; Car Culture \u2013 Ford GT Race + transporter C-800 &#8211; GJT40"},"content":{"rendered":"<p>Hot Wheels &#8211; Car Culture &#8211; Ford GT Race + transporter C-800 &#8211; GJT40 Wsp\u00f3\u0142czesna motoryzacja oferuje zawodnikom rajdowych wy\u015bcig\u00f3w wszystko, co najlepsze, a jak si\u0119 okazuje komfort i niebywa\u0142e osi\u0105gi mog\u0105 i\u015b\u0107 w parze. Model Forda GT Race z 2016 roku to druga generacja pojazdu, kt\u00f3ra szybko sta\u0142a si\u0119 jednym z najpopularniejszych samochod\u00f3w wy\u015bcigowych ze wzgl\u0119du na \u015bwietn\u0105 konstrukcj\u0119 oraz moc 558 KM, dzi\u0119ki kt\u00f3rej rozp\u0119dzenie tego potwora do 100km\/h mo\u017cliwe jest w nieca\u0142e 4 sekundy! Wersja Hot Wheels Premium przedstawia kultowy model w bia\u0142ym kolorze, na kt\u00f3rym widniej\u0105 napisy tematyczne dodaj\u0105ce niebywa\u0142ego, sportowego charakteru. Linia nadwozia jest charakterystyczna dla pojazd\u00f3w tego typu \u2013 bardzo niskie zawieszenie oraz wysoki spoiler z ty\u0142u sprawiaj\u0105, \u017ce z pewno\u015bci\u0105 jako pierwszy dojedzie do mety. Do zestawu do\u0142\u0105czono r\u00f3wnie\u017c transporter tej samej marki, model C-800, dzi\u0119ki kt\u00f3remu przewiezienie sportowego auta odb\u0119dzie si\u0119 bez \u017cadnego problemu. Linia pojazd\u00f3w Hot Wheels Car Culture powsta\u0142a z my\u015bl\u0105 o fanach motoryzacji chc\u0105cych poszerza\u0107 swoj\u0105 domow\u0105 kolekcj\u0119 o coraz to ciekawsze modele pojazd\u00f3w r\u00f3\u017cnego typu. W ofercie znale\u017a\u0107 mo\u017cna zar\u00f3wno samochody, kt\u00f3re niedawno pojawi\u0142y si\u0119 na linii produkcyjnej, ale te\u017c klasyki, kt\u00f3re produkowane by\u0142y kilkadziesi\u0105t lat temu. Hot Wheels &#8211; Ford GT Race + transporter C-800 &#8211; informacje dodatkowe: Producent: Mattel Seria: Hot Wheels Numer katalogowy: GJT40 Wiek dziecka: + 3 lata Wymiary opakowania: 20,5 cm x 16,5 cm x 4,5 cm<\/p>\n<h2>Hot Wheels &#8211; Car Culture \u2013 Ford GT Race + transporter C-800 &#8211; GJT40 Hot Wheels<\/h2>\n<p>policja kolorowanka, cytaty o dzieci\u0144stwie, magiczne drzewo czerwone krzes\u0142o test, prezent roczek, zaj\u0105czek z jajka ugotowanego, kolorowanka uk\u0142ad s\u0142oneczny dla dzieci do druku, jakie prezenty na roczek, dla nastolatk\u00f3w prezenty, najlepsze pranki na prima aprilis<\/p>\n<p>yyyyy<\/p>\n<p>&nbsp;<\/p>\n","protected":false},"excerpt":{"rendered":"<p>Hot Wheels &#8211; Car Culture &#8211; Ford GT Race + transporter C-800 &#8211; GJT40 Wsp\u00f3\u0142czesna motoryzacja oferuje zawodnikom rajdowych wy\u015bcig\u00f3w wszystko, co najlepsze, a jak si\u0119 okazuje komfort i niebywa\u0142e osi\u0105gi mog\u0105 i\u015b\u0107 w parze. Model Forda GT Race z 2016 roku to druga generacja pojazdu, kt\u00f3ra szybko sta\u0142a si\u0119 jednym z najpopularniejszych samochod\u00f3w wy\u015bcigowych [&hellip;]<\/p>\n","protected":false},"featured_media":1123,"comment_status":"closed","ping_status":"open","template":"","meta":[],"product_cat":[83,150],"product_tag":[723,752,815,794],"class_list":["post-1122","product","type-product","status-publish","has-post-thumbnail","hentry","product_cat-auta-i-inne-pojazdy-do-zabawy","product_cat-hot-wheels","product_tag-krotkie-bajki-do-czytania-na-dobranoc","product_tag-kuba-imie","product_tag-ozdoby-choinkowe-dla-dzieci","product_tag-test-opowiesci-z-narnii-lew-czarownica-i-stara-szafa-do-druku"],"_links":{"self":[{"href":"http:\/\/klubmamgdynia.pl\/index.php\/wp-json\/wp\/v2\/product\/1122","targetHints":{"allow":["GET"]}}],"collection":[{"href":"http:\/\/klubmamgdynia.pl\/index.php\/wp-json\/wp\/v2\/product"}],"about":[{"href":"http:\/\/klubmamgdynia.pl\/index.php\/wp-json\/wp\/v2\/types\/product"}],"replies":[{"embeddable":true,"href":"http:\/\/klubmamgdynia.pl\/index.php\/wp-json\/wp\/v2\/comments?post=1122"}],"wp:featuredmedia":[{"embeddable":true,"href":"http:\/\/klubmamgdynia.pl\/index.php\/wp-json\/wp\/v2\/media\/1123"}],"wp:attachment":[{"href":"http:\/\/klubmamgdynia.pl\/index.php\/wp-json\/wp\/v2\/media?parent=1122"}],"wp:term":[{"taxonomy":"product_cat","embeddable":true,"href":"http:\/\/klubmamgdynia.pl\/index.php\/wp-json\/wp\/v2\/product_cat?post=1122"},{"taxonomy":"product_tag","embeddable":true,"href":"http:\/\/klubmamgdynia.pl\/index.php\/wp-json\/wp\/v2\/product_tag?post=1122"}],"curies":[{"name":"wp","href":"https:\/\/api.w.org\/{rel}","templated":true}]}}