{"id":11221,"date":"2014-08-30T03:48:32","date_gmt":"2014-08-30T01:48:32","guid":{"rendered":"http:\/\/klubmamgdynia.pl\/index.php\/produkt\/spin-master-psi-patrol-ultimate-rescue-na-budowie-marshall\/"},"modified":"2026-05-01T01:43:22","modified_gmt":"2026-04-30T23:43:22","slug":"spin-master-psi-patrol-ultimate-rescue-na-budowie-marshall","status":"publish","type":"product","link":"http:\/\/klubmamgdynia.pl\/index.php\/produkt\/spin-master-psi-patrol-ultimate-rescue-na-budowie-marshall\/","title":{"rendered":"Spin Master Psi Patrol Ultimate Rescue Na Budowie Marshall"},"content":{"rendered":"<p>Psi Patrol &#8211; Ultimate Rescue Figurka akcji Marshall 20106593. Nieustraszeni bohaterowie Psiego Patrolu nie mog\u0105 si\u0119 doczeka\u0107, aby wyruszy\u0107 w pe\u0142n\u0105 akcji misj\u0119 ratunkow\u0105! Do\u0142\u0105cz do tej niesamowitej przygody wraz z bohaterami bajki! Piesek ubrany jest w mundur Ultimate Construction, czapk\u0119 z daszkiem i otwierany plecak. Wystarczy nacisn\u0105\u0107 odznak\u0119 na ko\u0142nierzu, aby roz\u0142o\u017cy\u0107 plecak. Prze\u017cywaj przygody ze swoimi ulubionymi postaciami! Zbieraj wszystkie figurki Psiego Patrolu i stw\u00f3rzcie zgran\u0105 dru\u017cyn\u0119. Cena dotyczy 1 zestawu z figurk\u0105.Zawarto\u015b\u0107 i cechy zestawu:Figurka pieska z bajki &#8222;Psi Patrol&#8221; &#8211; MarshallTransformuj\u0105cy plecak2 pacho\u0142ki<\/p>\n<h2>Spin Master Psi Patrol Ultimate Rescue Na Budowie Marshall Spin Master<\/h2>\n<p>co kupi\u0107 na roczek, konkurencje sportowe dla dzieci, zagadki przyrodnicze, spos\u00f3b na elfa test, jak rozmawia\u0107 z dzie\u0107mi o wojnie<\/p>\n<p>yyyyy<\/p>\n<p>&nbsp;<\/p>\n","protected":false},"excerpt":{"rendered":"<p>Psi Patrol &#8211; Ultimate Rescue Figurka akcji Marshall 20106593. Nieustraszeni bohaterowie Psiego Patrolu nie mog\u0105 si\u0119 doczeka\u0107, aby wyruszy\u0107 w pe\u0142n\u0105 akcji misj\u0119 ratunkow\u0105! Do\u0142\u0105cz do tej niesamowitej przygody wraz z bohaterami bajki! Piesek ubrany jest w mundur Ultimate Construction, czapk\u0119 z daszkiem i otwierany plecak. Wystarczy nacisn\u0105\u0107 odznak\u0119 na ko\u0142nierzu, aby roz\u0142o\u017cy\u0107 plecak. Prze\u017cywaj [&hellip;]<\/p>\n","protected":false},"featured_media":11222,"comment_status":"closed","ping_status":"open","template":"","meta":[],"product_cat":[95,94],"product_tag":[789,795,799],"class_list":["post-11221","product","type-product","status-publish","has-post-thumbnail","hentry","product_cat-figurki-makiety-i-zestawy","product_cat-spin-master","product_tag-kaczuszka","product_tag-mini-zoo-warszawa","product_tag-zagadka-logiczna"],"_links":{"self":[{"href":"http:\/\/klubmamgdynia.pl\/index.php\/wp-json\/wp\/v2\/product\/11221","targetHints":{"allow":["GET"]}}],"collection":[{"href":"http:\/\/klubmamgdynia.pl\/index.php\/wp-json\/wp\/v2\/product"}],"about":[{"href":"http:\/\/klubmamgdynia.pl\/index.php\/wp-json\/wp\/v2\/types\/product"}],"replies":[{"embeddable":true,"href":"http:\/\/klubmamgdynia.pl\/index.php\/wp-json\/wp\/v2\/comments?post=11221"}],"wp:featuredmedia":[{"embeddable":true,"href":"http:\/\/klubmamgdynia.pl\/index.php\/wp-json\/wp\/v2\/media\/11222"}],"wp:attachment":[{"href":"http:\/\/klubmamgdynia.pl\/index.php\/wp-json\/wp\/v2\/media?parent=11221"}],"wp:term":[{"taxonomy":"product_cat","embeddable":true,"href":"http:\/\/klubmamgdynia.pl\/index.php\/wp-json\/wp\/v2\/product_cat?post=11221"},{"taxonomy":"product_tag","embeddable":true,"href":"http:\/\/klubmamgdynia.pl\/index.php\/wp-json\/wp\/v2\/product_tag?post=11221"}],"curies":[{"name":"wp","href":"https:\/\/api.w.org\/{rel}","templated":true}]}}