{"id":11223,"date":"2021-02-21T02:11:29","date_gmt":"2021-02-21T01:11:29","guid":{"rendered":"http:\/\/klubmamgdynia.pl\/index.php\/produkt\/spin-master-psi-patrol-dino-rescue-pojazd-marshall-20124741-marshall\/"},"modified":"2026-04-03T21:15:40","modified_gmt":"2026-04-03T19:15:40","slug":"spin-master-psi-patrol-dino-rescue-pojazd-marshall-20124741-marshall","status":"publish","type":"product","link":"http:\/\/klubmamgdynia.pl\/index.php\/produkt\/spin-master-psi-patrol-dino-rescue-pojazd-marshall-20124741-marshall\/","title":{"rendered":"Spin Master Psi Patrol Dino Rescue pojazd Marshall 20124741 Marshall"},"content":{"rendered":"<p>Ruszaj na ekscytuj\u0105ce akcje ratunkowe dinozaurom z Chasem i jego pojazdem Dino Rescue Deluxe! Do ka\u017cdego pojazdu do\u0142\u0105czona jest figurka postaci z serialu i minifigurka dinozaura! Pojazdy posiadaj\u0105 detale inspirowanymi dinozaurami, narz\u0119dzia robocze, nap\u0119d oraz du\u017ce ko\u0142a, dzi\u0119ki kt\u00f3rym psiaki b\u0119d\u0105 zdolne podbi\u0107 ka\u017cdy teren. Rozpakuj tajemnicz\u0105 figurk\u0119 z opakowania, aby odkry\u0107 kolorowego dinozaura do wykorzystania we wszystkich swoich przygodach ratunkowych! Kiedy przyjacielski dinozaur ma k\u0142opoty, posad\u017a psiaka za kierownic\u0105, pu\u015b\u0107 pojazd do przodu i patrz, jak jedzie! Wyt\u0119\u017c swoj\u0105 wyobra\u017ani\u0119, aby tworzy\u0107 niesamowite prehistoryczne akcje ratunkowe, takie jak te serialu Psi Patrol. Zbierz wszystkie pojazdy z serii Dino Rescue Deluxe (ka\u017cdy sprzedawany osobno) i za\u0142aduj do pojazdu Dino Patroller (sprzedawany oddzielnie)! Przygotuj si\u0119 na misje ratunkowe z Chasem i jego dru\u017cyn\u0105!Pojazd Deluxe ka\u017cdego ze szczeniak\u00f3w inspirowany dinozaurami jest gotowy do niesamowitych akcji ratowniczych. Ka\u017cdy z nich posiada du\u017ce ko\u0142a, nap\u0119d oraz narz\u0119dzie robocze! Umie\u015b\u0107 szczeniaka w specjalnym mundurze Dino Rescue za kierownic\u0105 pojazdu. Psiaki s\u0105 gotowe na prehistoryczne przygody!Otw\u00f3rz opakowanie, aby odkry\u0107 losow\u0105 figurk\u0119 dinozaura, kt\u00f3rej mo\u017cesz u\u017cy\u0107 w ka\u017cdej misji ratunkowej!Zbierz wszystkie 6 pojazd\u00f3w Dino Rescue Deluxe (ka\u017cdy sprzedawany oddzielnie) i uratuj wszystkie dinozaury! Pojazdy Dino Rescue Deluxe to \u015bwietny prezent dla dzieci w wieku od 3 lat. Nie wymaga baterii. Wsp\u00f3\u0142pracuje z pojazdem Dino Patroller (sprzedawany oddzielnie).<\/p>\n<h2>Spin Master Psi Patrol Dino Rescue pojazd Marshall 20124741 Marshall Spin Master<\/h2>\n<p>kr\u00f3tkie bajki do czytania, gry dla m\u0142odzie\u017cy, wzruszaj\u0105ce s\u0142owa dla przyjaci\u00f3\u0142ki, czerwony kapturek kolorowanka, zabawy ruchowe dla dzieci, miasto dzieci krak\u00f3w, dobrej nocy i sza, kolorowanki lego ninjago, super zings kolorowanka, bajki dla dzieci do czytania na dobranoc, miko\u0142ajkowe zabawy, lilianna, bajki do czytania psi patrol, podchwytliwe zagadki i odpowiedzi, wycinanki puzzle do druku, miko\u0142ajek &#8211; test z odpowiedziami, samochwa\u0142a, ma\u0142y ksi\u0105\u017c\u0119 cytaty o przyja\u017ani, prezent dla nastolatk\u00f3w na \u015bwi\u0119ta, zagadki slowne<\/p>\n<p>yyyyy<\/p>\n<p>&nbsp;<\/p>\n","protected":false},"excerpt":{"rendered":"<p>Ruszaj na ekscytuj\u0105ce akcje ratunkowe dinozaurom z Chasem i jego pojazdem Dino Rescue Deluxe! Do ka\u017cdego pojazdu do\u0142\u0105czona jest figurka postaci z serialu i minifigurka dinozaura! Pojazdy posiadaj\u0105 detale inspirowanymi dinozaurami, narz\u0119dzia robocze, nap\u0119d oraz du\u017ce ko\u0142a, dzi\u0119ki kt\u00f3rym psiaki b\u0119d\u0105 zdolne podbi\u0107 ka\u017cdy teren. Rozpakuj tajemnicz\u0105 figurk\u0119 z opakowania, aby odkry\u0107 kolorowego dinozaura do [&hellip;]<\/p>\n","protected":false},"featured_media":11224,"comment_status":"closed","ping_status":"open","template":"","meta":[],"product_cat":[83,94],"product_tag":[829,754,729,760,796],"class_list":["post-11223","product","type-product","status-publish","has-post-thumbnail","hentry","product_cat-auta-i-inne-pojazdy-do-zabawy","product_cat-spin-master","product_tag-bajki-do-czytania-na-dobranoc","product_tag-dyplomy-do-wydrukowania-a4","product_tag-madre-bajki-dla-dzieci-do-czytania","product_tag-zagadka-matematyczna","product_tag-zagatki"],"_links":{"self":[{"href":"http:\/\/klubmamgdynia.pl\/index.php\/wp-json\/wp\/v2\/product\/11223","targetHints":{"allow":["GET"]}}],"collection":[{"href":"http:\/\/klubmamgdynia.pl\/index.php\/wp-json\/wp\/v2\/product"}],"about":[{"href":"http:\/\/klubmamgdynia.pl\/index.php\/wp-json\/wp\/v2\/types\/product"}],"replies":[{"embeddable":true,"href":"http:\/\/klubmamgdynia.pl\/index.php\/wp-json\/wp\/v2\/comments?post=11223"}],"wp:featuredmedia":[{"embeddable":true,"href":"http:\/\/klubmamgdynia.pl\/index.php\/wp-json\/wp\/v2\/media\/11224"}],"wp:attachment":[{"href":"http:\/\/klubmamgdynia.pl\/index.php\/wp-json\/wp\/v2\/media?parent=11223"}],"wp:term":[{"taxonomy":"product_cat","embeddable":true,"href":"http:\/\/klubmamgdynia.pl\/index.php\/wp-json\/wp\/v2\/product_cat?post=11223"},{"taxonomy":"product_tag","embeddable":true,"href":"http:\/\/klubmamgdynia.pl\/index.php\/wp-json\/wp\/v2\/product_tag?post=11223"}],"curies":[{"name":"wp","href":"https:\/\/api.w.org\/{rel}","templated":true}]}}