{"id":11227,"date":"2024-12-11T18:02:59","date_gmt":"2024-12-11T17:02:59","guid":{"rendered":"http:\/\/klubmamgdynia.pl\/?post_type=product&#038;p=11227"},"modified":"2026-05-17T23:34:03","modified_gmt":"2026-05-17T21:34:03","slug":"alexander-tablica-suchoscieralna-srednia-0325","status":"publish","type":"product","link":"http:\/\/klubmamgdynia.pl\/index.php\/produkt\/alexander-tablica-suchoscieralna-srednia-0325\/","title":{"rendered":"Alexander Tablica Sucho\u015bcieralna \u015arednia 0325"},"content":{"rendered":"<p>Alexander \u015arednia Tablica Sucho\u015bcieralna<\/p>\n<p>Dwustronna tablica do rysowania i pisania wraz z mazakiem i g\u0105bk\u0105 o wymiarach 4733 cm. Rysunki wykonane na tablicy mazakiem, mo\u017cna \u0142atwo zetrze\u0107 na sucho g\u0105bk\u0105. Znakomita pomoc do nauki pisania.Zabawka przeznaczona:dla dzieci w wieku od 4 lat.<\/p>\n<h2>Alexander Tablica Sucho\u015bcieralna \u015arednia 0325 Alexander<\/h2>\n<p>przys\u0142owia o rodzinie, prezent dla 7 latki, zabawy z 7 latkiem, co oznacza jordan, filmy rodzinne na halloween, kolorowanki do druku dla ch\u0142opc\u00f3w<\/p>\n<p>yyyyy<\/p>\n<p>&nbsp;<\/p>\n","protected":false},"excerpt":{"rendered":"<p>Alexander \u015arednia Tablica Sucho\u015bcieralna Dwustronna tablica do rysowania i pisania wraz z mazakiem i g\u0105bk\u0105 o wymiarach 4733 cm. Rysunki wykonane na tablicy mazakiem, mo\u017cna \u0142atwo zetrze\u0107 na sucho g\u0105bk\u0105. Znakomita pomoc do nauki pisania.Zabawka przeznaczona:dla dzieci w wieku od 4 lat. Alexander Tablica Sucho\u015bcieralna \u015arednia 0325 Alexander przys\u0142owia o rodzinie, prezent dla 7 latki, [&hellip;]<\/p>\n","protected":false},"featured_media":11228,"comment_status":"closed","ping_status":"open","template":"","meta":[],"product_cat":[246,21],"product_tag":[599,640,672],"class_list":["post-11227","product","type-product","status-publish","has-post-thumbnail","hentry","product_cat-alexander","product_cat-zabawki-plastyczne","product_tag-prezent-dla-nastolatkow-2021","product_tag-prezent-dla-rocznej-dziewczynki","product_tag-trudne-zagadki-z-odpowiedziami"],"_links":{"self":[{"href":"http:\/\/klubmamgdynia.pl\/index.php\/wp-json\/wp\/v2\/product\/11227","targetHints":{"allow":["GET"]}}],"collection":[{"href":"http:\/\/klubmamgdynia.pl\/index.php\/wp-json\/wp\/v2\/product"}],"about":[{"href":"http:\/\/klubmamgdynia.pl\/index.php\/wp-json\/wp\/v2\/types\/product"}],"replies":[{"embeddable":true,"href":"http:\/\/klubmamgdynia.pl\/index.php\/wp-json\/wp\/v2\/comments?post=11227"}],"wp:featuredmedia":[{"embeddable":true,"href":"http:\/\/klubmamgdynia.pl\/index.php\/wp-json\/wp\/v2\/media\/11228"}],"wp:attachment":[{"href":"http:\/\/klubmamgdynia.pl\/index.php\/wp-json\/wp\/v2\/media?parent=11227"}],"wp:term":[{"taxonomy":"product_cat","embeddable":true,"href":"http:\/\/klubmamgdynia.pl\/index.php\/wp-json\/wp\/v2\/product_cat?post=11227"},{"taxonomy":"product_tag","embeddable":true,"href":"http:\/\/klubmamgdynia.pl\/index.php\/wp-json\/wp\/v2\/product_tag?post=11227"}],"curies":[{"name":"wp","href":"https:\/\/api.w.org\/{rel}","templated":true}]}}