{"id":11229,"date":"2019-04-25T20:30:24","date_gmt":"2019-04-25T18:30:24","guid":{"rendered":"http:\/\/klubmamgdynia.pl\/index.php\/produkt\/spin-master-psi-patrol-zostan-bohaterem-z-filmu-zestaw-marshall\/"},"modified":"2026-05-17T22:46:26","modified_gmt":"2026-05-17T20:46:26","slug":"spin-master-psi-patrol-zostan-bohaterem-z-filmu-zestaw-marshall","status":"publish","type":"product","link":"http:\/\/klubmamgdynia.pl\/index.php\/produkt\/spin-master-psi-patrol-zostan-bohaterem-z-filmu-zestaw-marshall\/","title":{"rendered":"Spin Master Psi Patrol Zosta\u0144 Bohaterem z Filmu Zestaw Marshall"},"content":{"rendered":"<p>Psi Patrol Film: Zestaw &#8222;Zosta\u0144 Bohaterem z Filmu&#8221; Przebierz si\u0119 za swojego ulubionego bohatera z filmu Psi Patrol z zestawem &#8222;Zosta\u0144 bohaterem z filmu&#8221;. Ten 8-cz\u0119\u015bciowy zestaw zawiera wszystko, \u017ceby odtworzy\u0107 ulubione chwile z du\u017cego ekranu. Z \u0142atwo\u015bci\u0105 przymocuj odznak\u0119 Psiego Patrolu do koszuli, wsu\u0144 na g\u0142ow\u0119 opask\u0119 z he\u0142mem. U\u017cyj wyobra\u017ani, aby tworzy\u0107 w\u0142asne misje ratunkowe! Korzystaj z dodatk\u00f3w takich jak mapa Miasta Przyg\u00f3d, latarka, megafon, ga\u015bnica i nie tylko! Maj\u0105c tyle element\u00f3w do zabawy, b\u0119dziesz si\u0119 bawi\u0107 przez d\u0142ugie godziny. Ten zestaw Psiego Patrolu to doskona\u0142y prezent dla ch\u0142opc\u00f3w i dziewczynek od lat 3. To wspania\u0142y spos\u00f3b dla fan\u00f3w Psiego Patrolu, aby wzi\u0105\u0107 udzia\u0142 w akcji ratunkowej. Dodaj do swojej kolekcji zestaw po\u015bcigowy Chasea i bohaterskie \u0142apy Chasea (ka\u017cdy sprzedawany osobno), aby jeszcze lepiej wczu\u0107 si\u0119 w misje. Odgrywaj nieko\u0144cz\u0105ce si\u0119 sceny znane z filmu Psi Patrol z zestawem &#8222;Zosta\u0144 bohaterem z filmu&#8221;.<\/p>\n<h2>Spin Master Psi Patrol Zosta\u0144 Bohaterem z Filmu Zestaw Marshall Spin Master<\/h2>\n<p>prezent dla roczniaka, zagadki dla dzieci 4-5 lat online, zagadki dla dziewczyny, cytaty o dzieciach, mini zoo dolno\u015bl\u0105skie, fajne zagadki dla dzieci, cytaty o przyjazni, irma, sara, julian imie, bajki dla chlopcow, pomys\u0142y na dzie\u0144 dziecka dla nastolatk\u00f3w, praktyczny prezent dla rocznego dziecka, gdzie na ferie zimowe 2022, cytat mama, super zings kolorowanka, znaczenie imienia milan, podchwytliwe zagadki, kr\u00f3tkie bajki dla dzieci do czytania<\/p>\n<p>yyyyy<\/p>\n<p>&nbsp;<\/p>\n","protected":false},"excerpt":{"rendered":"<p>Psi Patrol Film: Zestaw &#8222;Zosta\u0144 Bohaterem z Filmu&#8221; Przebierz si\u0119 za swojego ulubionego bohatera z filmu Psi Patrol z zestawem &#8222;Zosta\u0144 bohaterem z filmu&#8221;. Ten 8-cz\u0119\u015bciowy zestaw zawiera wszystko, \u017ceby odtworzy\u0107 ulubione chwile z du\u017cego ekranu. Z \u0142atwo\u015bci\u0105 przymocuj odznak\u0119 Psiego Patrolu do koszuli, wsu\u0144 na g\u0142ow\u0119 opask\u0119 z he\u0142mem. U\u017cyj wyobra\u017ani, aby tworzy\u0107 w\u0142asne [&hellip;]<\/p>\n","protected":false},"featured_media":11230,"comment_status":"closed","ping_status":"open","template":"","meta":[],"product_cat":[95,94],"product_tag":[827,802,703,711,822,701],"class_list":["post-11229","product","type-product","status-publish","has-post-thumbnail","hentry","product_cat-figurki-makiety-i-zestawy","product_cat-spin-master","product_tag-bajki-dla-niemowlat","product_tag-co-kupic-dziewczynce-na-roczek","product_tag-prezent-dla-nastolatki","product_tag-prezenty-dla-nastolatkow","product_tag-wierszyki-o-wakacjach-krotkie","product_tag-zgadywanki-dla-dzieci"],"_links":{"self":[{"href":"http:\/\/klubmamgdynia.pl\/index.php\/wp-json\/wp\/v2\/product\/11229","targetHints":{"allow":["GET"]}}],"collection":[{"href":"http:\/\/klubmamgdynia.pl\/index.php\/wp-json\/wp\/v2\/product"}],"about":[{"href":"http:\/\/klubmamgdynia.pl\/index.php\/wp-json\/wp\/v2\/types\/product"}],"replies":[{"embeddable":true,"href":"http:\/\/klubmamgdynia.pl\/index.php\/wp-json\/wp\/v2\/comments?post=11229"}],"wp:featuredmedia":[{"embeddable":true,"href":"http:\/\/klubmamgdynia.pl\/index.php\/wp-json\/wp\/v2\/media\/11230"}],"wp:attachment":[{"href":"http:\/\/klubmamgdynia.pl\/index.php\/wp-json\/wp\/v2\/media?parent=11229"}],"wp:term":[{"taxonomy":"product_cat","embeddable":true,"href":"http:\/\/klubmamgdynia.pl\/index.php\/wp-json\/wp\/v2\/product_cat?post=11229"},{"taxonomy":"product_tag","embeddable":true,"href":"http:\/\/klubmamgdynia.pl\/index.php\/wp-json\/wp\/v2\/product_tag?post=11229"}],"curies":[{"name":"wp","href":"https:\/\/api.w.org\/{rel}","templated":true}]}}