{"id":11231,"date":"2021-05-19T16:25:45","date_gmt":"2021-05-19T14:25:45","guid":{"rendered":"http:\/\/klubmamgdynia.pl\/index.php\/produkt\/alexander-piaskowe-malowanki-tygrys-t-rex\/"},"modified":"2026-04-06T06:18:01","modified_gmt":"2026-04-06T04:18:01","slug":"alexander-piaskowe-malowanki-tygrys-t-rex","status":"publish","type":"product","link":"http:\/\/klubmamgdynia.pl\/index.php\/produkt\/alexander-piaskowe-malowanki-tygrys-t-rex\/","title":{"rendered":"Alexander Piaskowe Malowanki Tygrys T-Rex"},"content":{"rendered":"<p>Uwielbiana przez dzieci artystyczna zabawa malowania piaskiem, polegaj\u0105ca na ods\u0142anianiu kolejno poszczeg\u00f3lnych naci\u0119tych element\u00f3w obrazka tak, by odkry\u0107 klej\u0105c\u0105 powierzchni\u0119. Ods\u0142oni\u0119te elementy posypuje si\u0119 piaskiem, w kolorze zgodnym ze wzorem lub wed\u0142ug w\u0142asnej wyobra\u017ani, tworz\u0105c pi\u0119kn\u0105 ilustracj\u0119.Piaskowe Malowanki wspaniale wp\u0142ywaj\u0105 na samoocen\u0119 dzieci, poniewa\u017c nawet dziecko niemaj\u0105ce zdolno\u015bci artystycznych mo\u017ce stworzy\u0107 pi\u0119kny obrazek. W trakcie zabawy dziecko doskonali swoje zdolno\u015bci manualne, w tym g\u0142\u00f3wnie precyzj\u0119 ruch\u00f3w, a tak\u017ce zr\u0119czno\u015b\u0107 i koordynacj\u0119 wzrokowo-ruchow\u0105.Zabawa z Piaskowymi Malowankami pozytywnie wp\u0142ywa na prawid\u0142owy rozw\u00f3j integracji sensorycznej. Co za tym idzie ma niebagatelny wp\u0142yw na powstawanie nowych po\u0142\u0105cze\u0144 mi\u0119dzy neuronami. Produkt mocno wp\u0142ywa na \u0107wiczenie koncentracji u najm\u0142odszych.Zalet\u0105 zabawki jest wysoka jako\u015b\u0107, bogactwo wzor\u00f3w oraz atrakcyjna cena.Zawarto\u015b\u0107 opakowania:Obrazki x 2 (tygrys i T-Rex)Woreczki z kolorowym piaskiem (2 x 11)Drewniany patyczek (1)Papierowa podk\u0142adka (1)InstrukcjaWiek: 6+<\/p>\n<h2>Alexander Piaskowe Malowanki Tygrys T-Rex Alexander<\/h2>\n<p>pomys\u0142 na prezent dla 15 latki, piosenka na dzie\u0144 mamy tekst, basen dla dzieci warszawa, rysunek kota, peppa do druku, trudne zagadki dla doros\u0142ych, el\u017cbieta imie, buziak gify na dobranoc smieszne, kolorowanki do druku pokemon, halloween dla dzieci 2021, u\u015bmiech dziecka wiersz, zagadka logiczna, prezent dla nastolatk\u00f3w 2021, karteczki wydruku wr\u00f3\u017cby andrzejkowe dla dzieci, lol surprise kolorowanka, literki do druku, prezent dla 17 latki<\/p>\n<p>yyyyy<\/p>\n<p>&nbsp;<\/p>\n","protected":false},"excerpt":{"rendered":"<p>Uwielbiana przez dzieci artystyczna zabawa malowania piaskiem, polegaj\u0105ca na ods\u0142anianiu kolejno poszczeg\u00f3lnych naci\u0119tych element\u00f3w obrazka tak, by odkry\u0107 klej\u0105c\u0105 powierzchni\u0119. Ods\u0142oni\u0119te elementy posypuje si\u0119 piaskiem, w kolorze zgodnym ze wzorem lub wed\u0142ug w\u0142asnej wyobra\u017ani, tworz\u0105c pi\u0119kn\u0105 ilustracj\u0119.Piaskowe Malowanki wspaniale wp\u0142ywaj\u0105 na samoocen\u0119 dzieci, poniewa\u017c nawet dziecko niemaj\u0105ce zdolno\u015bci artystycznych mo\u017ce stworzy\u0107 pi\u0119kny obrazek. W trakcie [&hellip;]<\/p>\n","protected":false},"featured_media":11232,"comment_status":"closed","ping_status":"open","template":"","meta":[],"product_cat":[246,21],"product_tag":[611,819,670,707,599,770,843],"class_list":["post-11231","product","type-product","status-publish","has-post-thumbnail","hentry","product_cat-alexander","product_cat-zabawki-plastyczne","product_tag-bajki-do-czytania-psi-patrol","product_tag-co-kupic-nastolatce-na-swieta","product_tag-irma","product_tag-karty-pracy-dla-dzieci-z-ukrainy","product_tag-prezent-dla-nastolatkow-2021","product_tag-samolot-z-papieru","product_tag-smieszne-zagadki-dla-dzieci"],"_links":{"self":[{"href":"http:\/\/klubmamgdynia.pl\/index.php\/wp-json\/wp\/v2\/product\/11231","targetHints":{"allow":["GET"]}}],"collection":[{"href":"http:\/\/klubmamgdynia.pl\/index.php\/wp-json\/wp\/v2\/product"}],"about":[{"href":"http:\/\/klubmamgdynia.pl\/index.php\/wp-json\/wp\/v2\/types\/product"}],"replies":[{"embeddable":true,"href":"http:\/\/klubmamgdynia.pl\/index.php\/wp-json\/wp\/v2\/comments?post=11231"}],"wp:featuredmedia":[{"embeddable":true,"href":"http:\/\/klubmamgdynia.pl\/index.php\/wp-json\/wp\/v2\/media\/11232"}],"wp:attachment":[{"href":"http:\/\/klubmamgdynia.pl\/index.php\/wp-json\/wp\/v2\/media?parent=11231"}],"wp:term":[{"taxonomy":"product_cat","embeddable":true,"href":"http:\/\/klubmamgdynia.pl\/index.php\/wp-json\/wp\/v2\/product_cat?post=11231"},{"taxonomy":"product_tag","embeddable":true,"href":"http:\/\/klubmamgdynia.pl\/index.php\/wp-json\/wp\/v2\/product_tag?post=11231"}],"curies":[{"name":"wp","href":"https:\/\/api.w.org\/{rel}","templated":true}]}}