{"id":11233,"date":"2015-01-07T08:25:35","date_gmt":"2015-01-07T07:25:35","guid":{"rendered":"http:\/\/klubmamgdynia.pl\/index.php\/produkt\/brimarex-hot-wheels-monster-action-pajak-b210xx1512034\/"},"modified":"2026-04-30T03:21:12","modified_gmt":"2026-04-30T01:21:12","slug":"brimarex-hot-wheels-monster-action-pajak-b210xx1512034","status":"publish","type":"product","link":"http:\/\/klubmamgdynia.pl\/index.php\/produkt\/brimarex-hot-wheels-monster-action-pajak-b210xx1512034\/","title":{"rendered":"Brimarex Hot Wheels Monster Action Paj\u0105k (B210XX1512034)"},"content":{"rendered":"<p>MONDO HOT WHEELS L&amp;S MONSTER ACTION PAJ\u0104K z funkcj\u0105 TRY-ME. Pojazd na licencji Hot Wheels w rozmiarze 22x7x10cm. Efekty Lights&amp;Sounds. Na dachu pojazdu znajduj\u0105 si\u0119 3 przyciski, kt\u00f3re uruchamiaj\u0105 efekty d\u017awi\u0119kowe jak np. odg\u0142osy silnika, melodii .. i \u015bwietlne. Dodatkowo wprawiaj\u0105 w ruch elementy pojazdu i nap\u0119dzaj\u0105 ko\u0142a. Baterie 3xAAA w zestawie. Wymiary opakowanie: 27x13x13cm. Zabawka przeznaczona dla dzieci powy\u017cej 3 roku \u017cycia.<\/p>\n<h2>Brimarex Hot Wheels Monster Action Paj\u0105k (B210XX1512034) Brimarex<\/h2>\n<p>proste \u017carty na prima aprilis, zagadki logiczne na inteligencj\u0119, halloween dla dzieci warszawa, bajka o piesku do czytania, bajki do czytania dla dzieci, podchwytliwe zagadki dla dzieci, ale kino program, ozdoby na choinke przedszkole, bajka o miko\u0142aju do czytania, dzie\u0144 nauczyciela teksty, zagadki \u015bmieszne dla dzieci, matylda znaczenie imienia, zagadki matematyczne dla dzieci 7 lat, zaproszenie na urodziny dziecka tekst do druku, kolorowanki pieski, literki, \u015bwinka peppa bajka do czytania, prezent dla 7 latka ch\u0142opca, test szatan z si\u00f3dmej klasy, 1 listopada dzie\u0144 wszystkich \u015bwi\u0119tych kolorowanki<\/p>\n<p>yyyyy<\/p>\n<p>&nbsp;<\/p>\n","protected":false},"excerpt":{"rendered":"<p>MONDO HOT WHEELS L&amp;S MONSTER ACTION PAJ\u0104K z funkcj\u0105 TRY-ME. Pojazd na licencji Hot Wheels w rozmiarze 22x7x10cm. Efekty Lights&amp;Sounds. Na dachu pojazdu znajduj\u0105 si\u0119 3 przyciski, kt\u00f3re uruchamiaj\u0105 efekty d\u017awi\u0119kowe jak np. odg\u0142osy silnika, melodii .. i \u015bwietlne. Dodatkowo wprawiaj\u0105 w ruch elementy pojazdu i nap\u0119dzaj\u0105 ko\u0142a. Baterie 3xAAA w zestawie. Wymiary opakowanie: 27x13x13cm. [&hellip;]<\/p>\n","protected":false},"featured_media":11234,"comment_status":"closed","ping_status":"open","template":"","meta":[],"product_cat":[83,1651],"product_tag":[583,720,589,788],"class_list":["post-11233","product","type-product","status-publish","has-post-thumbnail","hentry","product_cat-auta-i-inne-pojazdy-do-zabawy","product_cat-brimarex","product_tag-kolysanki-dla-dzieci-tekst","product_tag-malowanki","product_tag-prezent-dla-rocznego-dziecka","product_tag-zagadki-krotkie"],"_links":{"self":[{"href":"http:\/\/klubmamgdynia.pl\/index.php\/wp-json\/wp\/v2\/product\/11233","targetHints":{"allow":["GET"]}}],"collection":[{"href":"http:\/\/klubmamgdynia.pl\/index.php\/wp-json\/wp\/v2\/product"}],"about":[{"href":"http:\/\/klubmamgdynia.pl\/index.php\/wp-json\/wp\/v2\/types\/product"}],"replies":[{"embeddable":true,"href":"http:\/\/klubmamgdynia.pl\/index.php\/wp-json\/wp\/v2\/comments?post=11233"}],"wp:featuredmedia":[{"embeddable":true,"href":"http:\/\/klubmamgdynia.pl\/index.php\/wp-json\/wp\/v2\/media\/11234"}],"wp:attachment":[{"href":"http:\/\/klubmamgdynia.pl\/index.php\/wp-json\/wp\/v2\/media?parent=11233"}],"wp:term":[{"taxonomy":"product_cat","embeddable":true,"href":"http:\/\/klubmamgdynia.pl\/index.php\/wp-json\/wp\/v2\/product_cat?post=11233"},{"taxonomy":"product_tag","embeddable":true,"href":"http:\/\/klubmamgdynia.pl\/index.php\/wp-json\/wp\/v2\/product_tag?post=11233"}],"curies":[{"name":"wp","href":"https:\/\/api.w.org\/{rel}","templated":true}]}}