{"id":11235,"date":"2024-12-27T19:43:41","date_gmt":"2024-12-27T18:43:41","guid":{"rendered":"http:\/\/klubmamgdynia.pl\/?post_type=product&#038;p=11235"},"modified":"2026-04-29T15:38:07","modified_gmt":"2026-04-29T13:38:07","slug":"koszulka-meska-classic-russell-bright-royal-xs","status":"publish","type":"product","link":"http:\/\/klubmamgdynia.pl\/index.php\/produkt\/koszulka-meska-classic-russell-bright-royal-xs\/","title":{"rendered":"Koszulka m\u0119ska Classic Russell Bright Royal XS"},"content":{"rendered":"<p>Koszulka m\u0119ska Classic Russell Bright Royal XS Kolor i rozmiar: Bright Royal XSSKU: R180MKoszulka m\u0119ska Classic Russell.Wykonana w 100%* z bawe\u0142ny o gramaturze 180g (bia\u0142y 170g). Koszulka o klasycznym kroju, wykonana z bardzo wygodnej i trwa\u0142ej tkaniny.* Kolor Light Oxford wykonany w 93% z bawe\u0142ny i 7% wiskozyO nas:W naszym asortymencie znajdziesz wy\u0142\u0105cznie oryginalne produkty kultowej ameryka\u0144skiej marki Fruit of the Loom. Ubrania marki Fruit of the Loom to bardzo dobra jako\u015b\u0107 w przyst\u0119pnej cenie, ogromny wyb\u00f3r kolorystyczny, a tak\u017ce rozmiarowy od XS a\u017c do 5XL. Nasza odzie\u017c pochodzi z niemieckiej centrali Fruit of the Loom, a ka\u017cdy nasz produkt ma wszyt\u0105 oryginaln\u0105 metk\u0119 z rozmiarem. W sprzeda\u017cy posiadamy pe\u0142n\u0105 gam\u0119 produkt\u00f3w Fruit of the Loom \u2013 od koszulek i polo po koszule, polary i spodnie dresowe.Sprawd\u017a pozosta\u0142e rozmiary i kolory.Tabela rozmiar\u00f3w producenta.Tol &#8211; oznacza tolerancj\u0119, najcz\u0119\u015bciej +\/- 2,5 cm.Rozmiar Szeroko\u015b\u0107 D\u0142ugo\u015b\u0107S cm cmM cm cmL cm cmXL cm cmXXL cm cmXS cm cm3XL cm cm4XL cm cm<\/p>\n<h2>Koszulka m\u0119ska Classic Russell Bright Royal XS Russell<\/h2>\n<p>pierniki na bo\u017ce narodzenie, ma\u0142o nas do pieczenia chleba, prezent dla pi\u0119tnastolatka, prezenty dla nastolatek, aurelia imie, wzory zaprosze\u0144 zaproszenie na urodziny do druku pdf, quizy dla dzieci o zwierz\u0119tach<\/p>\n<p>yyyyy<\/p>\n<p>&nbsp;<\/p>\n","protected":false},"excerpt":{"rendered":"<p>Koszulka m\u0119ska Classic Russell Bright Royal XS Kolor i rozmiar: Bright Royal XSSKU: R180MKoszulka m\u0119ska Classic Russell.Wykonana w 100%* z bawe\u0142ny o gramaturze 180g (bia\u0142y 170g). Koszulka o klasycznym kroju, wykonana z bardzo wygodnej i trwa\u0142ej tkaniny.* Kolor Light Oxford wykonany w 93% z bawe\u0142ny i 7% wiskozyO nas:W naszym asortymencie znajdziesz wy\u0142\u0105cznie oryginalne produkty [&hellip;]<\/p>\n","protected":false},"featured_media":11236,"comment_status":"closed","ping_status":"open","template":"","meta":[],"product_cat":[422,1828],"product_tag":[772,684,773,708,633],"class_list":["post-11235","product","type-product","status-publish","has-post-thumbnail","hentry","product_cat-russell","product_cat-t-shirty-i-koszulki-meskie","product_tag-45-panstw-europy-i-ich-stolice-quiz","product_tag-prezent-dla-dziewczynki-na-roczek","product_tag-test-z-lektury-opowiesci-z-narnii-lew-czarownica-i-stara-szafa","product_tag-zabawy-ruchowe-dla-dzieci","product_tag-zagadki-z-odpowiedziami"],"_links":{"self":[{"href":"http:\/\/klubmamgdynia.pl\/index.php\/wp-json\/wp\/v2\/product\/11235","targetHints":{"allow":["GET"]}}],"collection":[{"href":"http:\/\/klubmamgdynia.pl\/index.php\/wp-json\/wp\/v2\/product"}],"about":[{"href":"http:\/\/klubmamgdynia.pl\/index.php\/wp-json\/wp\/v2\/types\/product"}],"replies":[{"embeddable":true,"href":"http:\/\/klubmamgdynia.pl\/index.php\/wp-json\/wp\/v2\/comments?post=11235"}],"wp:featuredmedia":[{"embeddable":true,"href":"http:\/\/klubmamgdynia.pl\/index.php\/wp-json\/wp\/v2\/media\/11236"}],"wp:attachment":[{"href":"http:\/\/klubmamgdynia.pl\/index.php\/wp-json\/wp\/v2\/media?parent=11235"}],"wp:term":[{"taxonomy":"product_cat","embeddable":true,"href":"http:\/\/klubmamgdynia.pl\/index.php\/wp-json\/wp\/v2\/product_cat?post=11235"},{"taxonomy":"product_tag","embeddable":true,"href":"http:\/\/klubmamgdynia.pl\/index.php\/wp-json\/wp\/v2\/product_tag?post=11235"}],"curies":[{"name":"wp","href":"https:\/\/api.w.org\/{rel}","templated":true}]}}