{"id":11237,"date":"2022-11-23T10:41:22","date_gmt":"2022-11-23T09:41:22","guid":{"rendered":"http:\/\/klubmamgdynia.pl\/?post_type=product&#038;p=11237"},"modified":"2026-04-06T06:20:47","modified_gmt":"2026-04-06T04:20:47","slug":"dickie-sos-stacja-ratownicza","status":"publish","type":"product","link":"http:\/\/klubmamgdynia.pl\/index.php\/produkt\/dickie-sos-stacja-ratownicza\/","title":{"rendered":"Dickie Sos Stacja Ratownicza"},"content":{"rendered":"<p>Stacja Ratownicza od Dickie Toys to remiza stra\u017cacka i komisariat policji w jednym! Przygotuj si\u0119 na misj\u0119 ratunkow\u0105! Zestaw posiada wbudowan\u0105 ramp\u0119, l\u0105dowisko dla helikoptera, gara\u017c, miejsce do naprawy pojazd\u00f3w i inne ekscytuj\u0105ce funkcje, kt\u00f3re gwarantuj\u0105 godziny nieko\u0144cz\u0105cej si\u0119 zabawy. Stacja ratownicza wyposa\u017cona jest r\u0119czn\u0105 wind\u0119, kt\u00f3r\u0105 mo\u017cna przewie\u017a\u0107 radiow\u00f3z i w\u00f3z stra\u017cacki (o d\u0142ugo\u015bci ok. 7,5 cm) na miejsce startu na wy\u017cszym poziomie. Kiedy winda dociera na szczyt, pojazd zje\u017cd\u017ca po rampie na d\u00f3\u0142 stacji. Rampa przechodzi obok wi\u0119zienia ze specjalnym wyj\u015bciem, obrotow\u0105 drabin\u0105 z funkcj\u0105 zraszania wod\u0105, p\u0142on\u0105cym wie\u017cowcem oraz gara\u017cem z bram\u0105 gara\u017cow\u0105 oraz podno\u015bnikiem do przegl\u0105d\u00f3w i napraw pojazd\u00f3w. Zestaw jest kompatybilny z szerok\u0105 gam\u0105 zabawek i modeli pojazd\u00f3w.Zawarto\u015b\u0107 i cechy zestawu:stacja ratownicza 2w1 &#8211; remiza stra\u017cacka i komisariat policjiposiada efekty \u015bwietlne i d\u017awi\u0119kowe (naci\u015bnij przyciski, aby w\u0142\u0105czy\u0107 syren\u0119 i aktywowa\u0107 \u015bwiat\u0142a na wie\u017cy kontrolnej)wbudowana rampar\u0119czna windagara\u017c z otwieran\u0105 bram\u0105l\u0105dowisko dla helikopteraobrotowa drabina z funkcj\u0105 zraszania wod\u0105 (\u017c\u00f3\u0142ty pojemnik na wod\u0119 w zestawie)podno\u015bnik do przegl\u0105d\u00f3w i napraw pojazd\u00f3w2 samochodziki &#8211; w\u00f3z stra\u017cacki i samoch\u00f3d policyjny (ok. 7 cm (d\u0142ugo\u015b\u0107)<\/p>\n<h2>Dickie Sos Stacja Ratownicza Dickie<\/h2>\n<p>kolorowanki ninjago, jedzie poci\u0105g z daleka tekst, quiz psi patrol, kolorowanka minecraft, po\u0142\u0105cz kropki do druku<\/p>\n<p>yyyyy<\/p>\n<p>&nbsp;<\/p>\n","protected":false},"excerpt":{"rendered":"<p>Stacja Ratownicza od Dickie Toys to remiza stra\u017cacka i komisariat policji w jednym! Przygotuj si\u0119 na misj\u0119 ratunkow\u0105! Zestaw posiada wbudowan\u0105 ramp\u0119, l\u0105dowisko dla helikoptera, gara\u017c, miejsce do naprawy pojazd\u00f3w i inne ekscytuj\u0105ce funkcje, kt\u00f3re gwarantuj\u0105 godziny nieko\u0144cz\u0105cej si\u0119 zabawy. Stacja ratownicza wyposa\u017cona jest r\u0119czn\u0105 wind\u0119, kt\u00f3r\u0105 mo\u017cna przewie\u017a\u0107 radiow\u00f3z i w\u00f3z stra\u017cacki (o d\u0142ugo\u015bci [&hellip;]<\/p>\n","protected":false},"featured_media":11238,"comment_status":"closed","ping_status":"open","template":"","meta":[],"product_cat":[1637,141],"product_tag":[864,720,842,814],"class_list":["post-11237","product","type-product","status-publish","has-post-thumbnail","hentry","product_cat-dickie","product_cat-parkingi-garaze-i-tory-wyscigowe","product_tag-basen-warszawa","product_tag-malowanki","product_tag-plac-zabaw-poznan","product_tag-prezenty-dla-nastolatek"],"_links":{"self":[{"href":"http:\/\/klubmamgdynia.pl\/index.php\/wp-json\/wp\/v2\/product\/11237","targetHints":{"allow":["GET"]}}],"collection":[{"href":"http:\/\/klubmamgdynia.pl\/index.php\/wp-json\/wp\/v2\/product"}],"about":[{"href":"http:\/\/klubmamgdynia.pl\/index.php\/wp-json\/wp\/v2\/types\/product"}],"replies":[{"embeddable":true,"href":"http:\/\/klubmamgdynia.pl\/index.php\/wp-json\/wp\/v2\/comments?post=11237"}],"wp:featuredmedia":[{"embeddable":true,"href":"http:\/\/klubmamgdynia.pl\/index.php\/wp-json\/wp\/v2\/media\/11238"}],"wp:attachment":[{"href":"http:\/\/klubmamgdynia.pl\/index.php\/wp-json\/wp\/v2\/media?parent=11237"}],"wp:term":[{"taxonomy":"product_cat","embeddable":true,"href":"http:\/\/klubmamgdynia.pl\/index.php\/wp-json\/wp\/v2\/product_cat?post=11237"},{"taxonomy":"product_tag","embeddable":true,"href":"http:\/\/klubmamgdynia.pl\/index.php\/wp-json\/wp\/v2\/product_tag?post=11237"}],"curies":[{"name":"wp","href":"https:\/\/api.w.org\/{rel}","templated":true}]}}