{"id":11239,"date":"2015-06-12T13:14:11","date_gmt":"2015-06-12T11:14:11","guid":{"rendered":"http:\/\/klubmamgdynia.pl\/index.php\/produkt\/spin-master-psi-patrol-dino-rescue-marshall-i-pojazd-deluxe-6056930-4741\/"},"modified":"2026-04-06T00:59:53","modified_gmt":"2026-04-05T22:59:53","slug":"spin-master-psi-patrol-dino-rescue-marshall-i-pojazd-deluxe-6056930-4741","status":"publish","type":"product","link":"http:\/\/klubmamgdynia.pl\/index.php\/produkt\/spin-master-psi-patrol-dino-rescue-marshall-i-pojazd-deluxe-6056930-4741\/","title":{"rendered":"Spin Master Psi Patrol Dino Rescue Marshall I Pojazd Deluxe 6056930 4741"},"content":{"rendered":"<p>Psi Patrol Marshall figurka + Pojazd Dino Rescue. Marshall to uroczy dalmaty\u0144czyk. W bajce jest stra\u017cakiem &#8211; jedn\u0105 z najbardziej rozpoznawanych postaci. Jest ubrany w charakterystyczny czerwony str\u00f3j. Ma na g\u0142owie czerwon\u0105 czapk\u0119 stra\u017cack\u0105, a na grzbiecie ma\u0142y plecak odrzutowy. W tym zestawie znajduje si\u0119 tak\u017ce czerwono-srebrny terenowy pojazd stra\u017cacki na grubych oponach. Pojazd ten posiada nap\u0119d na tylne ko\u0142a. Wystarczy cofn\u0105\u0107 auto, aby samo pojecha\u0142o do przodu. Figurka posiada ruchome elementy. Dodatkowo znajduje si\u0119 tutaj ma\u0142y dinozaur niespodzianka. Zestaw ten to wspania\u0142a zabawka dla ka\u017cdego ma\u0142ego fana bohaterskich szczeniak\u00f3w z Psiego Patrolu. Z pewno\u015bci\u0105 przypadnie do gustu ka\u017cdemu malcowi, kt\u00f3ry uwielbia Psi Patrol, a zw\u0142aszcza przygody sympatycznego Marshalla. Zabawka przeznaczona jest dla dzieci w wieku od 3 lat. Producent: SPIN MASTER Kod producenta: SM 20126741 Wymiary opakowania: 23\u00d723\u00d710cm<\/p>\n<h2>Spin Master Psi Patrol Dino Rescue Marshall I Pojazd Deluxe 6056930 4741 Spin Master<\/h2>\n<p>trudne zagadki logiczne, rodzina sentencja, liwia imi\u0119, mamo mamusiu pusto w mym brzusiu tekst<\/p>\n<p>yyyyy<\/p>\n<p>&nbsp;<\/p>\n","protected":false},"excerpt":{"rendered":"<p>Psi Patrol Marshall figurka + Pojazd Dino Rescue. Marshall to uroczy dalmaty\u0144czyk. W bajce jest stra\u017cakiem &#8211; jedn\u0105 z najbardziej rozpoznawanych postaci. Jest ubrany w charakterystyczny czerwony str\u00f3j. Ma na g\u0142owie czerwon\u0105 czapk\u0119 stra\u017cack\u0105, a na grzbiecie ma\u0142y plecak odrzutowy. W tym zestawie znajduje si\u0119 tak\u017ce czerwono-srebrny terenowy pojazd stra\u017cacki na grubych oponach. Pojazd ten [&hellip;]<\/p>\n","protected":false},"featured_media":11240,"comment_status":"closed","ping_status":"open","template":"","meta":[],"product_cat":[95,94],"product_tag":[761,783,653,592],"class_list":["post-11239","product","type-product","status-publish","has-post-thumbnail","hentry","product_cat-figurki-makiety-i-zestawy","product_cat-spin-master","product_tag-choinko-piekna-jak-las-tekst","product_tag-prezenty-na-roczek-dla-chlopca","product_tag-warszawa-dla-dzieci","product_tag-zagadki-dla-dzieci"],"_links":{"self":[{"href":"http:\/\/klubmamgdynia.pl\/index.php\/wp-json\/wp\/v2\/product\/11239","targetHints":{"allow":["GET"]}}],"collection":[{"href":"http:\/\/klubmamgdynia.pl\/index.php\/wp-json\/wp\/v2\/product"}],"about":[{"href":"http:\/\/klubmamgdynia.pl\/index.php\/wp-json\/wp\/v2\/types\/product"}],"replies":[{"embeddable":true,"href":"http:\/\/klubmamgdynia.pl\/index.php\/wp-json\/wp\/v2\/comments?post=11239"}],"wp:featuredmedia":[{"embeddable":true,"href":"http:\/\/klubmamgdynia.pl\/index.php\/wp-json\/wp\/v2\/media\/11240"}],"wp:attachment":[{"href":"http:\/\/klubmamgdynia.pl\/index.php\/wp-json\/wp\/v2\/media?parent=11239"}],"wp:term":[{"taxonomy":"product_cat","embeddable":true,"href":"http:\/\/klubmamgdynia.pl\/index.php\/wp-json\/wp\/v2\/product_cat?post=11239"},{"taxonomy":"product_tag","embeddable":true,"href":"http:\/\/klubmamgdynia.pl\/index.php\/wp-json\/wp\/v2\/product_tag?post=11239"}],"curies":[{"name":"wp","href":"https:\/\/api.w.org\/{rel}","templated":true}]}}