{"id":1124,"date":"2012-03-16T23:38:11","date_gmt":"2012-03-16T22:38:11","guid":{"rendered":"http:\/\/klubmamgdynia.pl\/index.php\/produkt\/company-of-heroes-2-pomaranczowa-kolekcja-klasyki-gra-pc\/"},"modified":"2026-04-27T20:59:33","modified_gmt":"2026-04-27T18:59:33","slug":"company-of-heroes-2-pomaranczowa-kolekcja-klasyki-gra-pc","status":"publish","type":"product","link":"http:\/\/klubmamgdynia.pl\/index.php\/produkt\/company-of-heroes-2-pomaranczowa-kolekcja-klasyki-gra-pc\/","title":{"rendered":"Company of Heroes 2 Pomara\u0144czowa Kolekcja Klasyki (Gra PC)"},"content":{"rendered":"<p>W grze Company of Heroes 2 przeniesiesz si\u0119 na za\u015bnie\u017cony front wschodni i w krytycznym momencie przejmiesz dowodzenie nad Armi\u0105 Czerwon\u0105. Jest rok 1941, Niemcy rozpoczynaj\u0105 operacj\u0119 \u201eBarbarossa&#8221;, kt\u00f3rej celem jest podbicie Zwi\u0105zku Radzieckiego. To pocz\u0105tki najbardziej wyniszczaj\u0105cego konflikt II wojny \u015bwiatowej. Wcielisz si\u0119 w dow\u00f3dc\u0119 wojsk radzieckich &#8211; odeprzesz inwazj\u0119 hitlerowc\u00f3w i uwolnisz Mateczk\u0119 Rosj\u0119!Company of Heroes 2 bardzo wysoko zawiesi poprzeczk\u0119 wszystkim komputerowym strategiom czasu rzeczywistego. Nowy silnik Essence 3.0 umo\u017cliwi\u0142 zastosowanie prze\u0142omowych technologii i wygenerowanie niezwykle realistycznej grafiki. Dzi\u0119ki innowacyjnemu systemowi TrueSightTM widoczno\u015b\u0107 w mgle wojny nie b\u0119dzie ju\u017c dzie\u0142em przypadku, gdy\u017c w grze zostanie odzwierciedlone rzeczywiste pole widzenia jednostek.Uwielbiany przez weteran\u00f3w pierwszej cz\u0119\u015bci system walki zostanie usprawniony i znacz\u0105co rozbudowany. W Company of Heroes 2 zostan\u0105 wprowadzone nowe zdolno\u015bci dow\u00f3dc\u00f3w, kt\u00f3re gracze b\u0119d\u0105 mogli rozwija\u0107 i wykorzystywa\u0107 podczas przepe\u0142nionych akcj\u0105 star\u0107. Do\u015bwiadcz\u0105 r\u00f3wnie\u017c z bliska niezwyk\u0142ej brutalno\u015bci wojny na froncie wschodnim dzi\u0119ki dynamicznemu, taktycznemu systemowi walki (Dynamic Battle Tactics).Wraz z Company of Heroes 2 powr\u00f3ci rozgrywka wieloosobowa, kt\u00f3r\u0105 gracze pokochali: intensywna i zmuszaj\u0105ca do rywalizacji. Za\u017carta walka sieciowa z Company of Heroes, w kt\u00f3rej codziennie uczestnicz\u0105 tysi\u0105ce graczy, jeszcze nigdy nie mia\u0142a takiego rozmachu. Niewa\u017cne, czy walczysz przeciw innym graczom, czy w kooperacji &#8211; gwarantujemy niezapomniane wra\u017cenia!<\/p>\n<h2>Company of Heroes 2 Pomara\u0144czowa Kolekcja Klasyki (Gra PC) Sega<\/h2>\n<p>znaczenie imienia milan, szablon krokus kolorowanka, julian, afryka\u0144skie imiona, zagadki wiosna, samochwa\u0142a, ka\u0142u\u017cy\u015bci<\/p>\n<p>yyyyy<\/p>\n<p>&nbsp;<\/p>\n","protected":false},"excerpt":{"rendered":"<p>W grze Company of Heroes 2 przeniesiesz si\u0119 na za\u015bnie\u017cony front wschodni i w krytycznym momencie przejmiesz dowodzenie nad Armi\u0105 Czerwon\u0105. Jest rok 1941, Niemcy rozpoczynaj\u0105 operacj\u0119 \u201eBarbarossa&#8221;, kt\u00f3rej celem jest podbicie Zwi\u0105zku Radzieckiego. To pocz\u0105tki najbardziej wyniszczaj\u0105cego konflikt II wojny \u015bwiatowej. Wcielisz si\u0119 w dow\u00f3dc\u0119 wojsk radzieckich &#8211; odeprzesz inwazj\u0119 hitlerowc\u00f3w i uwolnisz Mateczk\u0119 [&hellip;]<\/p>\n","protected":false},"featured_media":1125,"comment_status":"closed","ping_status":"open","template":"","meta":[],"product_cat":[222,344],"product_tag":[863,766,674,711,746,756],"class_list":["post-1124","product","type-product","status-publish","has-post-thumbnail","hentry","product_cat-gry-pc","product_cat-sega","product_tag-bajki-dla-dziewczynek","product_tag-kira","product_tag-miasto-dzieci","product_tag-prezenty-dla-nastolatkow","product_tag-zagadki-typu-co-to-jest","product_tag-zaproszenie-na-urodziny-do-druku"],"_links":{"self":[{"href":"http:\/\/klubmamgdynia.pl\/index.php\/wp-json\/wp\/v2\/product\/1124","targetHints":{"allow":["GET"]}}],"collection":[{"href":"http:\/\/klubmamgdynia.pl\/index.php\/wp-json\/wp\/v2\/product"}],"about":[{"href":"http:\/\/klubmamgdynia.pl\/index.php\/wp-json\/wp\/v2\/types\/product"}],"replies":[{"embeddable":true,"href":"http:\/\/klubmamgdynia.pl\/index.php\/wp-json\/wp\/v2\/comments?post=1124"}],"wp:featuredmedia":[{"embeddable":true,"href":"http:\/\/klubmamgdynia.pl\/index.php\/wp-json\/wp\/v2\/media\/1125"}],"wp:attachment":[{"href":"http:\/\/klubmamgdynia.pl\/index.php\/wp-json\/wp\/v2\/media?parent=1124"}],"wp:term":[{"taxonomy":"product_cat","embeddable":true,"href":"http:\/\/klubmamgdynia.pl\/index.php\/wp-json\/wp\/v2\/product_cat?post=1124"},{"taxonomy":"product_tag","embeddable":true,"href":"http:\/\/klubmamgdynia.pl\/index.php\/wp-json\/wp\/v2\/product_tag?post=1124"}],"curies":[{"name":"wp","href":"https:\/\/api.w.org\/{rel}","templated":true}]}}