{"id":11241,"date":"2022-11-24T09:25:35","date_gmt":"2022-11-24T08:25:35","guid":{"rendered":"http:\/\/klubmamgdynia.pl\/?post_type=product&#038;p=11241"},"modified":"2026-04-25T03:16:38","modified_gmt":"2026-04-25T01:16:38","slug":"avery-dennison-naklejki-papierowe-kotki","status":"publish","type":"product","link":"http:\/\/klubmamgdynia.pl\/index.php\/produkt\/avery-dennison-naklejki-papierowe-kotki\/","title":{"rendered":"Avery Dennison Naklejki Papierowe Kotki"},"content":{"rendered":"<p>Plakietki samoprzylepne do ozdabiania, zabawy, majsterkowania.<\/p>\n<h2>Avery Dennison Naklejki Papierowe Kotki Russell<\/h2>\n<p>zaproszenie na urodziny do druku pdf, kolorowanki do druku, gdzie strumyk p\u0142ynie z wolna tekst, mini zoo dolno\u015bl\u0105skie, delfinarium polska, malowanka do druku, test magiczne drzewo czerwone krzes\u0142o, lato lato lato czeka, kolorowanki winx, kolorowanki na andrzejki do wydruku, kr\u00f3tkie bajki na dobranoc do czytania, kolorowanki konie, aron, w uk\u0142adzie s\u0142onecznym tekst, nastolatka, kolorowanka spiderman<\/p>\n<p>yyyyy<\/p>\n<p>&nbsp;<\/p>\n","protected":false},"excerpt":{"rendered":"<p>Plakietki samoprzylepne do ozdabiania, zabawy, majsterkowania. Avery Dennison Naklejki Papierowe Kotki Russell zaproszenie na urodziny do druku pdf, kolorowanki do druku, gdzie strumyk p\u0142ynie z wolna tekst, mini zoo dolno\u015bl\u0105skie, delfinarium polska, malowanka do druku, test magiczne drzewo czerwone krzes\u0142o, lato lato lato czeka, kolorowanki winx, kolorowanki na andrzejki do wydruku, kr\u00f3tkie bajki na dobranoc [&hellip;]<\/p>\n","protected":false},"featured_media":11242,"comment_status":"closed","ping_status":"open","template":"","meta":[],"product_cat":[422,325],"product_tag":[834,660,671,766,692,695],"class_list":["post-11241","product","type-product","status-publish","has-post-thumbnail","hentry","product_cat-russell","product_cat-szkolne-artykuly-papiernicze","product_tag-bajka-do-czytania-na-dobranoc","product_tag-bianka","product_tag-cicha-noc-po-angielsku-tekst","product_tag-kira","product_tag-prezenty-na-roczek","product_tag-rzadkie-imiona-zenskie"],"_links":{"self":[{"href":"http:\/\/klubmamgdynia.pl\/index.php\/wp-json\/wp\/v2\/product\/11241","targetHints":{"allow":["GET"]}}],"collection":[{"href":"http:\/\/klubmamgdynia.pl\/index.php\/wp-json\/wp\/v2\/product"}],"about":[{"href":"http:\/\/klubmamgdynia.pl\/index.php\/wp-json\/wp\/v2\/types\/product"}],"replies":[{"embeddable":true,"href":"http:\/\/klubmamgdynia.pl\/index.php\/wp-json\/wp\/v2\/comments?post=11241"}],"wp:featuredmedia":[{"embeddable":true,"href":"http:\/\/klubmamgdynia.pl\/index.php\/wp-json\/wp\/v2\/media\/11242"}],"wp:attachment":[{"href":"http:\/\/klubmamgdynia.pl\/index.php\/wp-json\/wp\/v2\/media?parent=11241"}],"wp:term":[{"taxonomy":"product_cat","embeddable":true,"href":"http:\/\/klubmamgdynia.pl\/index.php\/wp-json\/wp\/v2\/product_cat?post=11241"},{"taxonomy":"product_tag","embeddable":true,"href":"http:\/\/klubmamgdynia.pl\/index.php\/wp-json\/wp\/v2\/product_tag?post=11241"}],"curies":[{"name":"wp","href":"https:\/\/api.w.org\/{rel}","templated":true}]}}