{"id":11243,"date":"2011-03-14T17:02:01","date_gmt":"2011-03-14T16:02:01","guid":{"rendered":"http:\/\/klubmamgdynia.pl\/index.php\/produkt\/russell-addo-wystrzalowe-rakiety\/"},"modified":"2026-05-17T22:31:08","modified_gmt":"2026-05-17T20:31:08","slug":"russell-addo-wystrzalowe-rakiety","status":"publish","type":"product","link":"http:\/\/klubmamgdynia.pl\/index.php\/produkt\/russell-addo-wystrzalowe-rakiety\/","title":{"rendered":"Russell Addo Wystrza\u0142owe Rakiety"},"content":{"rendered":"<p>Laboratorium chemiczne to \u015bwietny spos\u00f3b na nauk\u0119 poprzez zabaw\u0119 dla Twojego dziecka.Zestaw ten zawiera sto r\u00f3\u017cnorodnych do\u015bwiadcze\u0144 i eksperyment\u00f3w, kt\u00f3re Twoje dzieckowykona\u0107 b\u0119dzie mog\u0142o w domowym zaciszu.Laboratorium to nie tylko dostarczy mu wielu rado\u015bci i zabawy, ale tak\u017ce poka\u017ce, \u017ce chemia nie jest taka straszna &#8211; a wr\u0119cz przeciwnie!Jest to idealny zestaw dla dziecka, kt\u00f3re lubi odkrywa\u0107 nowe rzeczy i podejmowa\u0107 ciekawe wyzwania.Zestaw zawiera liczne do\u015bwiadczenia, z kt\u00f3rych wyr\u00f3\u017cni\u0107 mo\u017cemy:* proste do\u015bwiadczenia &#8211; np.: substancje chemiczne zmieniaj\u0105 barw\u0119 innych substancji,dwie ciecze po zmieszaniu daj\u0105 cia\u0142o sta\u0142e* otrzymywanie czystych substancji &#8211; np.: oddzielanie mu\u0142u od wody, czy mo\u017cna odfiltrowa\u0107 zawiesin\u0119 kredy?* co si\u0119 dzieje po podgrzaniu substancji chemicznych? &#8211; np.: podgrzewanie w\u0119glanu miedzi, &#8222;sympatyczny&#8221;&#8221; atrament<\/p>\n<h2>Russell Addo Wystrza\u0142owe Rakiety podgrzewanie \u017celaznego drutu* roztwory i rozpuszczalno\u015b\u0107 &#8211; np.: wytr\u0105canie kryszta\u0142k\u00f3w soli kuchennej<\/h2>\n<p>bursztynek bursztynek, stare wierszyki dla dzieci, wiosenne zagadki, cytat matka, nietypowe imiona damskie, cytaty o wychowaniu i nauczaniu, zagadki dla 7 latk\u00f3w, gabriel imi\u0119, ewelina, pch\u0142y na noc, prezenty dla m\u0142odzie\u017cy, quiz o \u015bwi\u0119tach bo\u017cego narodzenia, dinozaury kolorowanki, zagadki na inteligencj\u0119, zabawy dla 5-6 latk\u00f3w, zagadki na myslenie, piosenki dla dzieci tekst, ela znaczenie imienia, flagi pa\u0144stw quiz, quiz minecraft, test z lektury miko\u0142ajek do druku<\/p>\n<p>yyyyy<\/p>\n<p>&nbsp;<\/p>\n","protected":false},"excerpt":{"rendered":"<p>Laboratorium chemiczne to \u015bwietny spos\u00f3b na nauk\u0119 poprzez zabaw\u0119 dla Twojego dziecka.Zestaw ten zawiera sto r\u00f3\u017cnorodnych do\u015bwiadcze\u0144 i eksperyment\u00f3w, kt\u00f3re Twoje dzieckowykona\u0107 b\u0119dzie mog\u0142o w domowym zaciszu.Laboratorium to nie tylko dostarczy mu wielu rado\u015bci i zabawy, ale tak\u017ce poka\u017ce, \u017ce chemia nie jest taka straszna &#8211; a wr\u0119cz przeciwnie!Jest to idealny zestaw dla dziecka, kt\u00f3re [&hellip;]<\/p>\n","protected":false},"featured_media":11244,"comment_status":"closed","ping_status":"open","template":"","meta":[],"product_cat":[1958,1957],"product_tag":[763,744,818,643,682,767],"class_list":["post-11243","product","type-product","status-publish","has-post-thumbnail","hentry","product_cat-wyhodowanie-krysztalu-siarczanu-miedzi-reakcje-chemiczne-np-reakcja-syntezy","product_cat-podgrzewanie-zelaznego-drutu-roztwory-i-rozpuszczalnosc-np-wytracanie-krysztalkow-soli-kuchennej","product_tag-fabian","product_tag-kolorowanki-swiateczne-do-wydruku","product_tag-oliwier","product_tag-prezent-dla-17-latki","product_tag-przyjazn-cytaty","product_tag-zaproszenia-urodzinowe-do-druku"],"_links":{"self":[{"href":"http:\/\/klubmamgdynia.pl\/index.php\/wp-json\/wp\/v2\/product\/11243","targetHints":{"allow":["GET"]}}],"collection":[{"href":"http:\/\/klubmamgdynia.pl\/index.php\/wp-json\/wp\/v2\/product"}],"about":[{"href":"http:\/\/klubmamgdynia.pl\/index.php\/wp-json\/wp\/v2\/types\/product"}],"replies":[{"embeddable":true,"href":"http:\/\/klubmamgdynia.pl\/index.php\/wp-json\/wp\/v2\/comments?post=11243"}],"wp:featuredmedia":[{"embeddable":true,"href":"http:\/\/klubmamgdynia.pl\/index.php\/wp-json\/wp\/v2\/media\/11244"}],"wp:attachment":[{"href":"http:\/\/klubmamgdynia.pl\/index.php\/wp-json\/wp\/v2\/media?parent=11243"}],"wp:term":[{"taxonomy":"product_cat","embeddable":true,"href":"http:\/\/klubmamgdynia.pl\/index.php\/wp-json\/wp\/v2\/product_cat?post=11243"},{"taxonomy":"product_tag","embeddable":true,"href":"http:\/\/klubmamgdynia.pl\/index.php\/wp-json\/wp\/v2\/product_tag?post=11243"}],"curies":[{"name":"wp","href":"https:\/\/api.w.org\/{rel}","templated":true}]}}