{"id":11245,"date":"2018-12-25T06:22:15","date_gmt":"2018-12-25T05:22:15","guid":{"rendered":"http:\/\/klubmamgdynia.pl\/index.php\/produkt\/11245\/"},"modified":"2026-05-01T12:48:37","modified_gmt":"2026-05-01T10:48:37","slug":"11245","status":"publish","type":"product","link":"http:\/\/klubmamgdynia.pl\/index.php\/produkt\/11245\/","title":{"rendered":""},"content":{"rendered":"<h2> <\/h2>\n<p>uk\u0142ad s\u0142oneczny dla dzieci do druku, test szatan z si\u00f3dmej klasy, w uk\u0142adzie s\u0142onecznym tekst, najlepsze pranki na prima aprilis, kolorowanka peppa, uk\u0142ad s\u0142oneczny kolorowanka, super zings do druku, mira imi\u0119, cytaty o dziecku, zagadki o lesie, jagna, lucjan, test zaczarowana zagroda<\/p>\n<p>yyyyy<\/p>\n<p>&nbsp;<\/p>\n","protected":false},"excerpt":{"rendered":"<p>uk\u0142ad s\u0142oneczny dla dzieci do druku, test szatan z si\u00f3dmej klasy, w uk\u0142adzie s\u0142onecznym tekst, najlepsze pranki na prima aprilis, kolorowanka peppa, uk\u0142ad s\u0142oneczny kolorowanka, super zings do druku, mira imi\u0119, cytaty o dziecku, zagadki o lesie, jagna, lucjan, test zaczarowana zagroda yyyyy &nbsp;<\/p>\n","protected":false},"featured_media":0,"comment_status":"closed","ping_status":"open","template":"","meta":[],"product_cat":[],"product_tag":[829,854,759,771,791],"class_list":["post-11245","product","type-product","status-publish","hentry","product_tag-bajki-do-czytania-na-dobranoc","product_tag-cytaty-rodzina","product_tag-pomysly-na-prezent-dla-nastolatkow","product_tag-stolice-europy-quiz","product_tag-zagadki-na-myslenie"],"_links":{"self":[{"href":"http:\/\/klubmamgdynia.pl\/index.php\/wp-json\/wp\/v2\/product\/11245","targetHints":{"allow":["GET"]}}],"collection":[{"href":"http:\/\/klubmamgdynia.pl\/index.php\/wp-json\/wp\/v2\/product"}],"about":[{"href":"http:\/\/klubmamgdynia.pl\/index.php\/wp-json\/wp\/v2\/types\/product"}],"replies":[{"embeddable":true,"href":"http:\/\/klubmamgdynia.pl\/index.php\/wp-json\/wp\/v2\/comments?post=11245"}],"wp:attachment":[{"href":"http:\/\/klubmamgdynia.pl\/index.php\/wp-json\/wp\/v2\/media?parent=11245"}],"wp:term":[{"taxonomy":"product_cat","embeddable":true,"href":"http:\/\/klubmamgdynia.pl\/index.php\/wp-json\/wp\/v2\/product_cat?post=11245"},{"taxonomy":"product_tag","embeddable":true,"href":"http:\/\/klubmamgdynia.pl\/index.php\/wp-json\/wp\/v2\/product_tag?post=11245"}],"curies":[{"name":"wp","href":"https:\/\/api.w.org\/{rel}","templated":true}]}}