{"id":11246,"date":"2015-07-25T08:17:58","date_gmt":"2015-07-25T06:17:58","guid":{"rendered":"http:\/\/klubmamgdynia.pl\/index.php\/produkt\/a-powiazanie-ksztaltu-ze-zwierzatkiem-ulatwia-to-zadanie-do-ulozenia-slon\/"},"modified":"2026-04-23T12:24:22","modified_gmt":"2026-04-23T10:24:22","slug":"a-powiazanie-ksztaltu-ze-zwierzatkiem-ulatwia-to-zadanie-do-ulozenia-slon","status":"publish","type":"product","link":"http:\/\/klubmamgdynia.pl\/index.php\/produkt\/a-powiazanie-ksztaltu-ze-zwierzatkiem-ulatwia-to-zadanie-do-ulozenia-slon\/","title":{"rendered":"a powi\u0105zanie kszta\u0142tu ze zwierz\u0105tkiem u\u0142atwia to zadanie. Do u\u0142o\u017cenia s\u0142o\u0144"},"content":{"rendered":"<p>kolor\u00f3w<\/p>\n<h2>a powi\u0105zanie kszta\u0142tu ze zwierz\u0105tkiem u\u0142atwia to zadanie. Do u\u0142o\u017cenia s\u0142o\u0144 rozw\u00f3j umiej\u0119tno\u015bci motorycznych i logicznego my\u015blenia. Zawarto\u015b\u0107: drewniana podstawa<\/h2>\n<p>wiosna zagadki, zagadki dla dzieci z odpowiedziami, roczek dziewczynki, zabawy dla 10 latka, urodziny dziecka pomys\u0142y, kolorowanka dla dzieci, s\u0142owa do przyjaciela, dobrej nocy, jak narysowa\u0107 psa, pomys\u0142 na prima aprilis, pole dyniowe pozna\u0144, m\u0105dre \u017cyczenia \u015bwi\u0105teczne, wz\u00f3r drzewo genealogiczne szablon do wydruku<\/p>\n<p>yyyyy<\/p>\n<p>&nbsp;<\/p>\n","protected":false},"excerpt":{"rendered":"<p>kolor\u00f3w a powi\u0105zanie kszta\u0142tu ze zwierz\u0105tkiem u\u0142atwia to zadanie. Do u\u0142o\u017cenia s\u0142o\u0144 rozw\u00f3j umiej\u0119tno\u015bci motorycznych i logicznego my\u015blenia. Zawarto\u015b\u0107: drewniana podstawa wiosna zagadki, zagadki dla dzieci z odpowiedziami, roczek dziewczynki, zabawy dla 10 latka, urodziny dziecka pomys\u0142y, kolorowanka dla dzieci, s\u0142owa do przyjaciela, dobrej nocy, jak narysowa\u0107 psa, pomys\u0142 na prima aprilis, pole dyniowe pozna\u0144, [&hellip;]<\/p>\n","protected":false},"featured_media":0,"comment_status":"closed","ping_status":"open","template":"","meta":[],"product_cat":[1960,1959],"product_tag":[603,802,854,814,756],"class_list":["post-11246","product","type-product","status-publish","hentry","product_cat-6-ksztaltow-drewnianych-puzzli-wiek-12-m-c-wymiary-22","product_cat-rozwoj-umiejetnosci-motorycznych-i-logicznego-myslenia-zawartosc-drewniana-podstawa","product_tag-bajki-do-czytania","product_tag-co-kupic-dziewczynce-na-roczek","product_tag-cytaty-rodzina","product_tag-prezenty-dla-nastolatek","product_tag-zaproszenie-na-urodziny-do-druku"],"_links":{"self":[{"href":"http:\/\/klubmamgdynia.pl\/index.php\/wp-json\/wp\/v2\/product\/11246","targetHints":{"allow":["GET"]}}],"collection":[{"href":"http:\/\/klubmamgdynia.pl\/index.php\/wp-json\/wp\/v2\/product"}],"about":[{"href":"http:\/\/klubmamgdynia.pl\/index.php\/wp-json\/wp\/v2\/types\/product"}],"replies":[{"embeddable":true,"href":"http:\/\/klubmamgdynia.pl\/index.php\/wp-json\/wp\/v2\/comments?post=11246"}],"wp:attachment":[{"href":"http:\/\/klubmamgdynia.pl\/index.php\/wp-json\/wp\/v2\/media?parent=11246"}],"wp:term":[{"taxonomy":"product_cat","embeddable":true,"href":"http:\/\/klubmamgdynia.pl\/index.php\/wp-json\/wp\/v2\/product_cat?post=11246"},{"taxonomy":"product_tag","embeddable":true,"href":"http:\/\/klubmamgdynia.pl\/index.php\/wp-json\/wp\/v2\/product_tag?post=11246"}],"curies":[{"name":"wp","href":"https:\/\/api.w.org\/{rel}","templated":true}]}}