{"id":11248,"date":"2014-08-20T23:59:34","date_gmt":"2014-08-20T21:59:34","guid":{"rendered":"http:\/\/klubmamgdynia.pl\/index.php\/produkt\/dzieki-czemu-dostarcza-roznych-wrazen-czuciowych-rozmiar-8\/"},"modified":"2026-04-27T09:32:59","modified_gmt":"2026-04-27T07:32:59","slug":"dzieki-czemu-dostarcza-roznych-wrazen-czuciowych-rozmiar-8","status":"publish","type":"product","link":"http:\/\/klubmamgdynia.pl\/index.php\/produkt\/dzieki-czemu-dostarcza-roznych-wrazen-czuciowych-rozmiar-8\/","title":{"rendered":"dzi\u0119ki czemu dostarcza r\u00f3\u017cnych wra\u017ce\u0144 czuciowych.Rozmiar: 8"},"content":{"rendered":"<p>2cm 8<\/p>\n<h2>dzi\u0119ki czemu dostarcza r\u00f3\u017cnych wra\u017ce\u0144 czuciowych.Rozmiar: 8 2cm 8cmCO POTRAFI\u0104 ZABAWKI TULLO:dostarczaj\u0105 wra\u017ce\u0144 dotykowych przez zastosowanie r\u00f3\u017cnych struktur materia\u0142u<\/h2>\n<p>szablon serce kolorowanka, malowanki dla dzieci do druku, kr\u00f3tkie bajki na dobranoc o mi\u0142o\u015bci, iwo imie, wycinanki dla dzieci do druku, zaproszenia na urodziny do wydruku czarno bia\u0142e, cytaty o wychowaniu i nauczaniu, cytat o rodzinie, \u0142amig\u0142\u00f3wki logiczne, pomys\u0142 na prezent dla 15 latki<\/p>\n<p>yyyyy<\/p>\n<p>&nbsp;<\/p>\n","protected":false},"excerpt":{"rendered":"<p>2cm 8 dzi\u0119ki czemu dostarcza r\u00f3\u017cnych wra\u017ce\u0144 czuciowych.Rozmiar: 8 2cm 8cmCO POTRAFI\u0104 ZABAWKI TULLO:dostarczaj\u0105 wra\u017ce\u0144 dotykowych przez zastosowanie r\u00f3\u017cnych struktur materia\u0142u szablon serce kolorowanka, malowanki dla dzieci do druku, kr\u00f3tkie bajki na dobranoc o mi\u0142o\u015bci, iwo imie, wycinanki dla dzieci do druku, zaproszenia na urodziny do wydruku czarno bia\u0142e, cytaty o wychowaniu i nauczaniu, cytat [&hellip;]<\/p>\n","protected":false},"featured_media":0,"comment_status":"closed","ping_status":"open","template":"","meta":[],"product_cat":[1961,1962],"product_tag":[834,797,631,625],"class_list":["post-11248","product","type-product","status-publish","hentry","product_cat-2cm-8cmco-potrafia-zabawki-tullodostarczaja-wrazen-dotykowych-przez-zastosowanie-roznych-struktur-materialu","product_cat-co-usprawnia-precyzyjne-ruchy-dloni-i-palcowpobudzaja-receptory-czuciowepoprawiaja-umiejetnosc-chwytupobudzaja-zmysl-wzrokusa-niezastapione-w-okresie-raczkowania","product_tag-bajka-do-czytania-na-dobranoc","product_tag-kiekrz","product_tag-prezent-na-roczek","product_tag-trojmiasto-atrakcje-dla-dzieci"],"_links":{"self":[{"href":"http:\/\/klubmamgdynia.pl\/index.php\/wp-json\/wp\/v2\/product\/11248","targetHints":{"allow":["GET"]}}],"collection":[{"href":"http:\/\/klubmamgdynia.pl\/index.php\/wp-json\/wp\/v2\/product"}],"about":[{"href":"http:\/\/klubmamgdynia.pl\/index.php\/wp-json\/wp\/v2\/types\/product"}],"replies":[{"embeddable":true,"href":"http:\/\/klubmamgdynia.pl\/index.php\/wp-json\/wp\/v2\/comments?post=11248"}],"wp:attachment":[{"href":"http:\/\/klubmamgdynia.pl\/index.php\/wp-json\/wp\/v2\/media?parent=11248"}],"wp:term":[{"taxonomy":"product_cat","embeddable":true,"href":"http:\/\/klubmamgdynia.pl\/index.php\/wp-json\/wp\/v2\/product_cat?post=11248"},{"taxonomy":"product_tag","embeddable":true,"href":"http:\/\/klubmamgdynia.pl\/index.php\/wp-json\/wp\/v2\/product_tag?post=11248"}],"curies":[{"name":"wp","href":"https:\/\/api.w.org\/{rel}","templated":true}]}}