{"id":11249,"date":"2013-09-28T06:47:50","date_gmt":"2013-09-28T04:47:50","guid":{"rendered":"http:\/\/klubmamgdynia.pl\/index.php\/produkt\/11249\/"},"modified":"2026-04-29T19:17:53","modified_gmt":"2026-04-29T17:17:53","slug":"11249","status":"publish","type":"product","link":"http:\/\/klubmamgdynia.pl\/index.php\/produkt\/11249\/","title":{"rendered":""},"content":{"rendered":"<h2> <\/h2>\n<p>pole dyniowe pozna\u0144, aron, zaproszenie na urodziny do druku, quiz online, zagadki na myslenie, prezenty dla nastolatk\u00f3w na dzie\u0144 dziecka, jak narysowa\u0107 \u017cab\u0119, kr\u00f3tkie \u017cyczenia wielkanocne dla dzieci, liwia znaczenie imienia, kaczuszka<\/p>\n<p>yyyyy<\/p>\n<p>&nbsp;<\/p>\n","protected":false},"excerpt":{"rendered":"<p>pole dyniowe pozna\u0144, aron, zaproszenie na urodziny do druku, quiz online, zagadki na myslenie, prezenty dla nastolatk\u00f3w na dzie\u0144 dziecka, jak narysowa\u0107 \u017cab\u0119, kr\u00f3tkie \u017cyczenia wielkanocne dla dzieci, liwia znaczenie imienia, kaczuszka yyyyy &nbsp;<\/p>\n","protected":false},"featured_media":0,"comment_status":"closed","ping_status":"open","template":"","meta":[],"product_cat":[],"product_tag":[763,614,640,576],"class_list":["post-11249","product","type-product","status-publish","hentry","product_tag-fabian","product_tag-pia","product_tag-prezent-dla-rocznej-dziewczynki","product_tag-trudne-zagadki"],"_links":{"self":[{"href":"http:\/\/klubmamgdynia.pl\/index.php\/wp-json\/wp\/v2\/product\/11249","targetHints":{"allow":["GET"]}}],"collection":[{"href":"http:\/\/klubmamgdynia.pl\/index.php\/wp-json\/wp\/v2\/product"}],"about":[{"href":"http:\/\/klubmamgdynia.pl\/index.php\/wp-json\/wp\/v2\/types\/product"}],"replies":[{"embeddable":true,"href":"http:\/\/klubmamgdynia.pl\/index.php\/wp-json\/wp\/v2\/comments?post=11249"}],"wp:attachment":[{"href":"http:\/\/klubmamgdynia.pl\/index.php\/wp-json\/wp\/v2\/media?parent=11249"}],"wp:term":[{"taxonomy":"product_cat","embeddable":true,"href":"http:\/\/klubmamgdynia.pl\/index.php\/wp-json\/wp\/v2\/product_cat?post=11249"},{"taxonomy":"product_tag","embeddable":true,"href":"http:\/\/klubmamgdynia.pl\/index.php\/wp-json\/wp\/v2\/product_tag?post=11249"}],"curies":[{"name":"wp","href":"https:\/\/api.w.org\/{rel}","templated":true}]}}