{"id":11251,"date":"2018-09-23T09:20:22","date_gmt":"2018-09-23T07:20:22","guid":{"rendered":"http:\/\/klubmamgdynia.pl\/index.php\/produkt\/ktory-zastosowano-w-myszce-logitech-g102-lightsync-z-mozliwoscia-regulacji-czulosci-w-zakresie-200-8000-dpi\/"},"modified":"2026-04-06T03:19:32","modified_gmt":"2026-04-06T01:19:32","slug":"ktory-zastosowano-w-myszce-logitech-g102-lightsync-z-mozliwoscia-regulacji-czulosci-w-zakresie-200-8000-dpi","status":"publish","type":"product","link":"http:\/\/klubmamgdynia.pl\/index.php\/produkt\/ktory-zastosowano-w-myszce-logitech-g102-lightsync-z-mozliwoscia-regulacji-czulosci-w-zakresie-200-8000-dpi\/","title":{"rendered":"kt\u00f3ry zastosowano w myszce Logitech G102 Lightsync.Z mo\u017cliwo\u015bci\u0105 regulacji czu\u0142o\u015bci w zakresie 200-8000 DPI"},"content":{"rendered":"<p>aby zaprogramowa\u0107 do 5 preset\u00f3w.<\/p>\n<h2>kt\u00f3ry zastosowano w myszce Logitech G102 Lightsync.Z mo\u017cliwo\u015bci\u0105 regulacji czu\u0142o\u015bci w zakresie 200-8000 DPI <\/h2>\n<p>prezent na roczek dla ch\u0142opca, co kupic dziewczynce na roczek, zagadki, z\u0142ote my\u015bli o przyja\u017ani, kolorowanki konie z je\u017ad\u017acem, quizy geograficzne, dzieci.pl, uk\u0142ad s\u0142oneczny kolorowanka, jagna, prezenty na roczek, imie lilianna, smieszne zagadki, filmy disneya, zagadki logiczne \u015bmieszne, audiobooki dla dzieci za darmo, basen warszawa, test z lektury kajko i kokosz<\/p>\n<p><a href=\"https:\/\/www.elektro-complex.pl\/sprzedaz-wozkow\/paletowe.php\">https:\/\/www.elektro-complex.pl\/sprzedaz-wozkow\/paletowe.php<\/a><\/p>\n<p>&nbsp;<\/p>\n","protected":false},"excerpt":{"rendered":"<p>aby zaprogramowa\u0107 do 5 preset\u00f3w. kt\u00f3ry zastosowano w myszce Logitech G102 Lightsync.Z mo\u017cliwo\u015bci\u0105 regulacji czu\u0142o\u015bci w zakresie 200-8000 DPI prezent na roczek dla ch\u0142opca, co kupic dziewczynce na roczek, zagadki, z\u0142ote my\u015bli o przyja\u017ani, kolorowanki konie z je\u017ad\u017acem, quizy geograficzne, dzieci.pl, uk\u0142ad s\u0142oneczny kolorowanka, jagna, prezenty na roczek, imie lilianna, smieszne zagadki, filmy disneya, zagadki [&hellip;]<\/p>\n","protected":false},"featured_media":0,"comment_status":"closed","ping_status":"open","template":"","meta":[],"product_cat":[],"product_tag":[662,612,654],"class_list":["post-11251","product","type-product","status-publish","hentry","product_tag-bajki-na-dobranoc","product_tag-kolorowanki-do-druku","product_tag-krotkie-bajki-dla-dzieci-do-czytania"],"_links":{"self":[{"href":"http:\/\/klubmamgdynia.pl\/index.php\/wp-json\/wp\/v2\/product\/11251","targetHints":{"allow":["GET"]}}],"collection":[{"href":"http:\/\/klubmamgdynia.pl\/index.php\/wp-json\/wp\/v2\/product"}],"about":[{"href":"http:\/\/klubmamgdynia.pl\/index.php\/wp-json\/wp\/v2\/types\/product"}],"replies":[{"embeddable":true,"href":"http:\/\/klubmamgdynia.pl\/index.php\/wp-json\/wp\/v2\/comments?post=11251"}],"wp:attachment":[{"href":"http:\/\/klubmamgdynia.pl\/index.php\/wp-json\/wp\/v2\/media?parent=11251"}],"wp:term":[{"taxonomy":"product_cat","embeddable":true,"href":"http:\/\/klubmamgdynia.pl\/index.php\/wp-json\/wp\/v2\/product_cat?post=11251"},{"taxonomy":"product_tag","embeddable":true,"href":"http:\/\/klubmamgdynia.pl\/index.php\/wp-json\/wp\/v2\/product_tag?post=11251"}],"curies":[{"name":"wp","href":"https:\/\/api.w.org\/{rel}","templated":true}]}}