{"id":11252,"date":"2024-04-29T03:50:36","date_gmt":"2024-04-29T01:50:36","guid":{"rendered":"http:\/\/klubmamgdynia.pl\/?post_type=product&#038;p=11252"},"modified":"2026-05-17T21:34:16","modified_gmt":"2026-05-17T19:34:16","slug":"ktory-zapewnia-precyzyjne-sterowanie-przyciskiem-i-jednolite-doswiadczenie-klikniecie-po-kliknieciu-klasyczna-6-przyciskowa-konstrukcja-urzadzenia-g102-zapewnia-zarowno-wygode-jak-i-pewnosc-siebie","status":"publish","type":"product","link":"http:\/\/klubmamgdynia.pl\/index.php\/produkt\/ktory-zapewnia-precyzyjne-sterowanie-przyciskiem-i-jednolite-doswiadczenie-klikniecie-po-kliknieciu-klasyczna-6-przyciskowa-konstrukcja-urzadzenia-g102-zapewnia-zarowno-wygode-jak-i-pewnosc-siebie\/","title":{"rendered":"kt\u00f3ry zapewnia precyzyjne sterowanie przyciskiem i jednolite do\u015bwiadczenie &#8211; klikni\u0119cie po klikni\u0119ciu.Klasyczna 6-przyciskowa konstrukcja urz\u0105dzenia G102 zapewnia zar\u00f3wno wygod\u0119 jak i pewno\u015b\u0107 siebie"},"content":{"rendered":"<p>element\u00f3w steruj\u0105cych lub przypisywania kombinacji klawiszy do przycisk\u00f3w i upraszczaj swoj\u0105 gr\u0119. Oprogramowanie Logitech G HUB to kompletny pakiet do personalizacji<\/p>\n<h2>kt\u00f3ry zapewnia precyzyjne sterowanie przyciskiem i jednolite do\u015bwiadczenie &#8211; klikni\u0119cie po klikni\u0119ciu.Klasyczna 6-przyciskowa konstrukcja urz\u0105dzenia G102 zapewnia zar\u00f3wno wygod\u0119 jak i pewno\u015b\u0107 siebie kt\u00f3ry pozwala na indywidualne skonfigurowanie o\u015bwietlenia<\/h2>\n<p>fajne \u017carty na prima aprilis, atrakcje dla dzieci wroc\u0142aw i okolice, kolorowanki ninjago, piesek do kolorowania, trudne zagadki logiczne, basen warszawa, wr\u00f3\u017cby andrzejkowe dla dzieci online<\/p>\n<p>yyyyy<\/p>\n<p>&nbsp;<\/p>\n","protected":false},"excerpt":{"rendered":"<p>element\u00f3w steruj\u0105cych lub przypisywania kombinacji klawiszy do przycisk\u00f3w i upraszczaj swoj\u0105 gr\u0119. Oprogramowanie Logitech G HUB to kompletny pakiet do personalizacji kt\u00f3ry zapewnia precyzyjne sterowanie przyciskiem i jednolite do\u015bwiadczenie &#8211; klikni\u0119cie po klikni\u0119ciu.Klasyczna 6-przyciskowa konstrukcja urz\u0105dzenia G102 zapewnia zar\u00f3wno wygod\u0119 jak i pewno\u015b\u0107 siebie kt\u00f3ry pozwala na indywidualne skonfigurowanie o\u015bwietlenia fajne \u017carty na prima aprilis, [&hellip;]<\/p>\n","protected":false},"featured_media":0,"comment_status":"closed","ping_status":"open","template":"","meta":[],"product_cat":[1965,1964],"product_tag":[836,752,640,835,675,628],"class_list":["post-11252","product","type-product","status-publish","hentry","product_cat-czulosci-i-komend-przyciskow-myszy-g102","product_cat-ktory-pozwala-na-indywidualne-skonfigurowanie-oswietlenia","product_tag-co-kupic-dziecku-na-roczek","product_tag-kuba-imie","product_tag-prezent-dla-rocznej-dziewczynki","product_tag-radosc-dziecka-cytaty","product_tag-test-z-lektury-kajko-i-kokosz-szkola-latania","product_tag-zagadka"],"_links":{"self":[{"href":"http:\/\/klubmamgdynia.pl\/index.php\/wp-json\/wp\/v2\/product\/11252","targetHints":{"allow":["GET"]}}],"collection":[{"href":"http:\/\/klubmamgdynia.pl\/index.php\/wp-json\/wp\/v2\/product"}],"about":[{"href":"http:\/\/klubmamgdynia.pl\/index.php\/wp-json\/wp\/v2\/types\/product"}],"replies":[{"embeddable":true,"href":"http:\/\/klubmamgdynia.pl\/index.php\/wp-json\/wp\/v2\/comments?post=11252"}],"wp:attachment":[{"href":"http:\/\/klubmamgdynia.pl\/index.php\/wp-json\/wp\/v2\/media?parent=11252"}],"wp:term":[{"taxonomy":"product_cat","embeddable":true,"href":"http:\/\/klubmamgdynia.pl\/index.php\/wp-json\/wp\/v2\/product_cat?post=11252"},{"taxonomy":"product_tag","embeddable":true,"href":"http:\/\/klubmamgdynia.pl\/index.php\/wp-json\/wp\/v2\/product_tag?post=11252"}],"curies":[{"name":"wp","href":"https:\/\/api.w.org\/{rel}","templated":true}]}}