{"id":11253,"date":"2020-06-20T05:30:19","date_gmt":"2020-06-20T03:30:19","guid":{"rendered":"http:\/\/klubmamgdynia.pl\/index.php\/produkt\/ktore-sprawi\/"},"modified":"2026-04-29T23:06:15","modified_gmt":"2026-04-29T21:06:15","slug":"ktore-sprawi","status":"publish","type":"product","link":"http:\/\/klubmamgdynia.pl\/index.php\/produkt\/ktore-sprawi\/","title":{"rendered":"kt\u00f3re sprawi"},"content":{"rendered":"<p>gamingowy charakter. Wybieraj spo\u015br\u00f3d \u017cywych animacji<\/p>\n<h2>kt\u00f3re sprawi ustawie\u0144 gier i multimedi\u00f3w lub zaprogramuj swoje w\u0142asne spo\u015br\u00f3d oko\u0142o 16<\/h2>\n<p>alina, s\u0142owa do przyjaciela, jak narysowa\u0107 konia, bajki dla ch\u0142opc\u00f3w do czytania, jak narysowa\u0107 oko<\/p>\n<p>yyyyy<\/p>\n<p>&nbsp;<\/p>\n","protected":false},"excerpt":{"rendered":"<p>gamingowy charakter. Wybieraj spo\u015br\u00f3d \u017cywych animacji kt\u00f3re sprawi ustawie\u0144 gier i multimedi\u00f3w lub zaprogramuj swoje w\u0142asne spo\u015br\u00f3d oko\u0142o 16 alina, s\u0142owa do przyjaciela, jak narysowa\u0107 konia, bajki dla ch\u0142opc\u00f3w do czytania, jak narysowa\u0107 oko yyyyy &nbsp;<\/p>\n","protected":false},"featured_media":0,"comment_status":"closed","ping_status":"open","template":"","meta":[],"product_cat":[1967,1966],"product_tag":[683,775,736,869,796],"class_list":["post-11253","product","type-product","status-publish","hentry","product_cat-8-miliona-kolorow","product_cat-ustawien-gier-i-multimediow-lub-zaprogramuj-swoje-wlasne-sposrod-okolo-16","product_tag-karaluchy-pod-poduchy","product_tag-kolorowanki-do-druku-pokemon","product_tag-zabawki-na-roczek","product_tag-zagadki-na-logike","product_tag-zagatki"],"_links":{"self":[{"href":"http:\/\/klubmamgdynia.pl\/index.php\/wp-json\/wp\/v2\/product\/11253","targetHints":{"allow":["GET"]}}],"collection":[{"href":"http:\/\/klubmamgdynia.pl\/index.php\/wp-json\/wp\/v2\/product"}],"about":[{"href":"http:\/\/klubmamgdynia.pl\/index.php\/wp-json\/wp\/v2\/types\/product"}],"replies":[{"embeddable":true,"href":"http:\/\/klubmamgdynia.pl\/index.php\/wp-json\/wp\/v2\/comments?post=11253"}],"wp:attachment":[{"href":"http:\/\/klubmamgdynia.pl\/index.php\/wp-json\/wp\/v2\/media?parent=11253"}],"wp:term":[{"taxonomy":"product_cat","embeddable":true,"href":"http:\/\/klubmamgdynia.pl\/index.php\/wp-json\/wp\/v2\/product_cat?post=11253"},{"taxonomy":"product_tag","embeddable":true,"href":"http:\/\/klubmamgdynia.pl\/index.php\/wp-json\/wp\/v2\/product_tag?post=11253"}],"curies":[{"name":"wp","href":"https:\/\/api.w.org\/{rel}","templated":true}]}}