{"id":11254,"date":"2011-09-01T07:57:41","date_gmt":"2011-09-01T05:57:41","guid":{"rendered":"http:\/\/klubmamgdynia.pl\/index.php\/produkt\/11254\/"},"modified":"2026-04-27T22:55:22","modified_gmt":"2026-04-27T20:55:22","slug":"11254","status":"publish","type":"product","link":"http:\/\/klubmamgdynia.pl\/index.php\/produkt\/11254\/","title":{"rendered":""},"content":{"rendered":"<h2> <\/h2>\n<p>zagadki i odpowiedzi, quizy miko\u0142ajek, zagadki o psach, quiz minecraft, pomys\u0142y na pakowanie prezent\u00f3w, \u015bmieszne zagadki z odpowiedziami, dziecko cytaty z\u0142ote my\u015bli, wzruszaj\u0105c\u0105 piosenka dla taty, jednoro\u017cec kolorowanka do druku, kolorowe listki, aron imi\u0119, zagadki dla dzieci 10-12 lat, gra kulki, koreczki dla dzieci na urodziny, tupu tup po \u015bniegu tekst, cytaty o dzieciach i rodzicach, prezent dla 14 letniej dziewczyny, co\u015b dla nastolatk\u00f3w, b\u0105k ptak, miko\u0142ajek quiz, quizy za darmo<\/p>\n<p>yyyyy<\/p>\n<p>&nbsp;<\/p>\n","protected":false},"excerpt":{"rendered":"<p>zagadki i odpowiedzi, quizy miko\u0142ajek, zagadki o psach, quiz minecraft, pomys\u0142y na pakowanie prezent\u00f3w, \u015bmieszne zagadki z odpowiedziami, dziecko cytaty z\u0142ote my\u015bli, wzruszaj\u0105c\u0105 piosenka dla taty, jednoro\u017cec kolorowanka do druku, kolorowe listki, aron imi\u0119, zagadki dla dzieci 10-12 lat, gra kulki, koreczki dla dzieci na urodziny, tupu tup po \u015bniegu tekst, cytaty o dzieciach i [&hellip;]<\/p>\n","protected":false},"featured_media":0,"comment_status":"closed","ping_status":"open","template":"","meta":[],"product_cat":[],"product_tag":[852,815,705,739,793],"class_list":["post-11254","product","type-product","status-publish","hentry","product_tag-jak-zrobic-samolot-z-papieru","product_tag-ozdoby-choinkowe-dla-dzieci","product_tag-prezent-na-roczek-dla-chlopca","product_tag-prima-aprilis-w-szkole","product_tag-zagadki-smieszne-podchwytliwe"],"_links":{"self":[{"href":"http:\/\/klubmamgdynia.pl\/index.php\/wp-json\/wp\/v2\/product\/11254","targetHints":{"allow":["GET"]}}],"collection":[{"href":"http:\/\/klubmamgdynia.pl\/index.php\/wp-json\/wp\/v2\/product"}],"about":[{"href":"http:\/\/klubmamgdynia.pl\/index.php\/wp-json\/wp\/v2\/types\/product"}],"replies":[{"embeddable":true,"href":"http:\/\/klubmamgdynia.pl\/index.php\/wp-json\/wp\/v2\/comments?post=11254"}],"wp:attachment":[{"href":"http:\/\/klubmamgdynia.pl\/index.php\/wp-json\/wp\/v2\/media?parent=11254"}],"wp:term":[{"taxonomy":"product_cat","embeddable":true,"href":"http:\/\/klubmamgdynia.pl\/index.php\/wp-json\/wp\/v2\/product_cat?post=11254"},{"taxonomy":"product_tag","embeddable":true,"href":"http:\/\/klubmamgdynia.pl\/index.php\/wp-json\/wp\/v2\/product_tag?post=11254"}],"curies":[{"name":"wp","href":"https:\/\/api.w.org\/{rel}","templated":true}]}}