{"id":11255,"date":"2013-04-22T20:03:32","date_gmt":"2013-04-22T18:03:32","guid":{"rendered":"http:\/\/klubmamgdynia.pl\/index.php\/produkt\/zamkniety-w-ergonomicznej-obudowie-i-pokrytej-niepowtarzalnym-grafitowym-kolorem-zaprojektowana-i-stworzona-z-mysla-o-artystach-i-programistach-najbardziej-zaawansowana-mysz-z-serii-master\/"},"modified":"2026-04-30T08:29:19","modified_gmt":"2026-04-30T06:29:19","slug":"zamkniety-w-ergonomicznej-obudowie-i-pokrytej-niepowtarzalnym-grafitowym-kolorem-zaprojektowana-i-stworzona-z-mysla-o-artystach-i-programistach-najbardziej-zaawansowana-mysz-z-serii-master","status":"publish","type":"product","link":"http:\/\/klubmamgdynia.pl\/index.php\/produkt\/zamkniety-w-ergonomicznej-obudowie-i-pokrytej-niepowtarzalnym-grafitowym-kolorem-zaprojektowana-i-stworzona-z-mysla-o-artystach-i-programistach-najbardziej-zaawansowana-mysz-z-serii-master\/","title":{"rendered":"zamkni\u0119ty w ergonomicznej obudowie i pokrytej niepowtarzalnym grafitowym kolorem. Zaprojektowana i stworzona z my\u015bl\u0105 o artystach i programistach \u2014 najbardziej zaawansowana mysz z serii Master w historii. Mo\u017cesz opanowa\u0107 do perfekcji wszystko"},"content":{"rendered":"<h2>zamkni\u0119ty w ergonomicznej obudowie i pokrytej niepowtarzalnym grafitowym kolorem. Zaprojektowana i stworzona z my\u015bl\u0105 o artystach i programistach \u2014 najbardziej zaawansowana mysz z serii Master w historii. Mo\u017cesz opanowa\u0107 do perfekcji wszystko <\/h2>\n<p>bajki do czytania psi patrol, quizy znaki drogowe, kiedy dzieci chodz\u0105 na halloween, nietypowe atrakcje dla dzieci, kolorowanka kotek, materac do basenu, jak narysowa\u0107 kr\u00f3lika, henryk, kolorowanki do pobrania, darmowe quizy, m\u0105dre cytaty dla dzieci, kolorowanki pokemon do druku, zimowe zabawy dla dzieci, kolorowanki do wydrukowania, opis do zdj\u0119cia dziecka na fb<\/p>\n<p>yyyyy<\/p>\n<p>&nbsp;<\/p>\n","protected":false},"excerpt":{"rendered":"<p>zamkni\u0119ty w ergonomicznej obudowie i pokrytej niepowtarzalnym grafitowym kolorem. Zaprojektowana i stworzona z my\u015bl\u0105 o artystach i programistach \u2014 najbardziej zaawansowana mysz z serii Master w historii. Mo\u017cesz opanowa\u0107 do perfekcji wszystko bajki do czytania psi patrol, quizy znaki drogowe, kiedy dzieci chodz\u0105 na halloween, nietypowe atrakcje dla dzieci, kolorowanka kotek, materac do basenu, jak [&hellip;]<\/p>\n","protected":false},"featured_media":0,"comment_status":"closed","ping_status":"open","template":"","meta":[],"product_cat":[],"product_tag":[676,740,625],"class_list":["post-11255","product","type-product","status-publish","hentry","product_tag-bursztynek","product_tag-fajne-prezenty-dla-nastolatkow","product_tag-trojmiasto-atrakcje-dla-dzieci"],"_links":{"self":[{"href":"http:\/\/klubmamgdynia.pl\/index.php\/wp-json\/wp\/v2\/product\/11255","targetHints":{"allow":["GET"]}}],"collection":[{"href":"http:\/\/klubmamgdynia.pl\/index.php\/wp-json\/wp\/v2\/product"}],"about":[{"href":"http:\/\/klubmamgdynia.pl\/index.php\/wp-json\/wp\/v2\/types\/product"}],"replies":[{"embeddable":true,"href":"http:\/\/klubmamgdynia.pl\/index.php\/wp-json\/wp\/v2\/comments?post=11255"}],"wp:attachment":[{"href":"http:\/\/klubmamgdynia.pl\/index.php\/wp-json\/wp\/v2\/media?parent=11255"}],"wp:term":[{"taxonomy":"product_cat","embeddable":true,"href":"http:\/\/klubmamgdynia.pl\/index.php\/wp-json\/wp\/v2\/product_cat?post=11255"},{"taxonomy":"product_tag","embeddable":true,"href":"http:\/\/klubmamgdynia.pl\/index.php\/wp-json\/wp\/v2\/product_tag?post=11255"}],"curies":[{"name":"wp","href":"https:\/\/api.w.org\/{rel}","templated":true}]}}