{"id":11256,"date":"2023-02-09T12:50:41","date_gmt":"2023-02-09T11:50:41","guid":{"rendered":"http:\/\/klubmamgdynia.pl\/?post_type=product&#038;p=11256"},"modified":"2026-04-23T05:04:13","modified_gmt":"2026-04-23T03:04:13","slug":"ze-mozesz-zatrzymac-przewijanie-na-wybranym-przez-siebie-pikselu","status":"publish","type":"product","link":"http:\/\/klubmamgdynia.pl\/index.php\/produkt\/ze-mozesz-zatrzymac-przewijanie-na-wybranym-przez-siebie-pikselu\/","title":{"rendered":"\u017ce mo\u017cesz zatrzyma\u0107 przewijanie na wybranym przez siebie pikselu"},"content":{"rendered":"<p>dzi\u0119ki czemu zapewnia doskona\u0142e wra\u017cenia dotykowe i jest wywa\u017cone tak<\/p>\n<h2>\u017ce mo\u017cesz zatrzyma\u0107 przewijanie na wybranym przez siebie pikselu aby przewijanie by\u0142o dynamiczne i odczuwalne<\/h2>\n<p>carmen imi\u0119, bajka terapeutyczna o z\u0142o\u015bci pdf, kolorowanka harry potter do druku, delfinarium polska, kolorowanka lego ninjago, psi patrol kolorowanka, a \u015bpij kochanie, przyja\u017a\u0144, \u015bwinka peppa kolorowanka do druku, prezenty urodzinowe dla nastolatk\u00f3w, przechowywanie zabawek, jedzie poci\u0105g z daleka tekst, nauka zegara do druku pdf, zagadki o dinozaurach, kolorowanka kotka, jak narysowa\u0107 kota<\/p>\n<p>yyyyy<\/p>\n<p>&nbsp;<\/p>\n","protected":false},"excerpt":{"rendered":"<p>dzi\u0119ki czemu zapewnia doskona\u0142e wra\u017cenia dotykowe i jest wywa\u017cone tak \u017ce mo\u017cesz zatrzyma\u0107 przewijanie na wybranym przez siebie pikselu aby przewijanie by\u0142o dynamiczne i odczuwalne carmen imi\u0119, bajka terapeutyczna o z\u0142o\u015bci pdf, kolorowanka harry potter do druku, delfinarium polska, kolorowanka lego ninjago, psi patrol kolorowanka, a \u015bpij kochanie, przyja\u017a\u0144, \u015bwinka peppa kolorowanka do druku, prezenty [&hellip;]<\/p>\n","protected":false},"featured_media":0,"comment_status":"closed","ping_status":"open","template":"","meta":[],"product_cat":[1968,1969],"product_tag":[763,690,640,714,577],"class_list":["post-11256","product","type-product","status-publish","hentry","product_cat-aby-przewijanie-bylo-dynamiczne-i-odczuwalne","product_cat-lecz-nie-slyszalne","product_tag-fabian","product_tag-pieski-male-dwa-tekst","product_tag-prezent-dla-rocznej-dziewczynki","product_tag-zagadki-logiczne","product_tag-znaki-drogowe-test"],"_links":{"self":[{"href":"http:\/\/klubmamgdynia.pl\/index.php\/wp-json\/wp\/v2\/product\/11256","targetHints":{"allow":["GET"]}}],"collection":[{"href":"http:\/\/klubmamgdynia.pl\/index.php\/wp-json\/wp\/v2\/product"}],"about":[{"href":"http:\/\/klubmamgdynia.pl\/index.php\/wp-json\/wp\/v2\/types\/product"}],"replies":[{"embeddable":true,"href":"http:\/\/klubmamgdynia.pl\/index.php\/wp-json\/wp\/v2\/comments?post=11256"}],"wp:attachment":[{"href":"http:\/\/klubmamgdynia.pl\/index.php\/wp-json\/wp\/v2\/media?parent=11256"}],"wp:term":[{"taxonomy":"product_cat","embeddable":true,"href":"http:\/\/klubmamgdynia.pl\/index.php\/wp-json\/wp\/v2\/product_cat?post=11256"},{"taxonomy":"product_tag","embeddable":true,"href":"http:\/\/klubmamgdynia.pl\/index.php\/wp-json\/wp\/v2\/product_tag?post=11256"}],"curies":[{"name":"wp","href":"https:\/\/api.w.org\/{rel}","templated":true}]}}