{"id":11257,"date":"2019-01-24T07:05:42","date_gmt":"2019-01-24T06:05:42","guid":{"rendered":"http:\/\/klubmamgdynia.pl\/index.php\/produkt\/aby-odpowiadalo-twojemu-trybowi-pracy-mysz-mx-master-3-zapewnia-mozliwosc-pelnej-personalizacji-w-niemal-kazdej-aplikacji\/"},"modified":"2026-04-27T03:52:30","modified_gmt":"2026-04-27T01:52:30","slug":"aby-odpowiadalo-twojemu-trybowi-pracy-mysz-mx-master-3-zapewnia-mozliwosc-pelnej-personalizacji-w-niemal-kazdej-aplikacji","status":"publish","type":"product","link":"http:\/\/klubmamgdynia.pl\/index.php\/produkt\/aby-odpowiadalo-twojemu-trybowi-pracy-mysz-mx-master-3-zapewnia-mozliwosc-pelnej-personalizacji-w-niemal-kazdej-aplikacji\/","title":{"rendered":"aby odpowiada\u0142o Twojemu trybowi pracy. Mysz MX Master 3 zapewnia mo\u017cliwo\u015b\u0107 pe\u0142nej personalizacji w niemal ka\u017cdej aplikacji"},"content":{"rendered":"<p>Final Cut Pro\u2122<\/p>\n<h2>aby odpowiada\u0142o Twojemu trybowi pracy. Mysz MX Master 3 zapewnia mo\u017cliwo\u015b\u0107 pe\u0142nej personalizacji w niemal ka\u017cdej aplikacji Google Chrome\u2122<\/h2>\n<p>dyplomy do wydrukowania a4, maski do druku kolorowe, quiz znaki drogowe, co \u0142apie ale nie rzuca, \u015bwinka peppa kolorowanka do druku, test z lektury mitologia grecka<\/p>\n<p>yyyyy<\/p>\n<p>&nbsp;<\/p>\n","protected":false},"excerpt":{"rendered":"<p>Final Cut Pro\u2122 aby odpowiada\u0142o Twojemu trybowi pracy. Mysz MX Master 3 zapewnia mo\u017cliwo\u015b\u0107 pe\u0142nej personalizacji w niemal ka\u017cdej aplikacji Google Chrome\u2122 dyplomy do wydrukowania a4, maski do druku kolorowe, quiz znaki drogowe, co \u0142apie ale nie rzuca, \u015bwinka peppa kolorowanka do druku, test z lektury mitologia grecka yyyyy &nbsp;<\/p>\n","protected":false},"featured_media":0,"comment_status":"closed","ping_status":"open","template":"","meta":[],"product_cat":[1970,1761],"product_tag":[656,620,587,649],"class_list":["post-11257","product","type-product","status-publish","hentry","product_cat-google-chrome","product_cat-safari","product_tag-kolorowanki-lol","product_tag-quiz-opowiesci-z-narnii","product_tag-skalne-miasto","product_tag-zagadki-dla-nastolatkow"],"_links":{"self":[{"href":"http:\/\/klubmamgdynia.pl\/index.php\/wp-json\/wp\/v2\/product\/11257","targetHints":{"allow":["GET"]}}],"collection":[{"href":"http:\/\/klubmamgdynia.pl\/index.php\/wp-json\/wp\/v2\/product"}],"about":[{"href":"http:\/\/klubmamgdynia.pl\/index.php\/wp-json\/wp\/v2\/types\/product"}],"replies":[{"embeddable":true,"href":"http:\/\/klubmamgdynia.pl\/index.php\/wp-json\/wp\/v2\/comments?post=11257"}],"wp:attachment":[{"href":"http:\/\/klubmamgdynia.pl\/index.php\/wp-json\/wp\/v2\/media?parent=11257"}],"wp:term":[{"taxonomy":"product_cat","embeddable":true,"href":"http:\/\/klubmamgdynia.pl\/index.php\/wp-json\/wp\/v2\/product_cat?post=11257"},{"taxonomy":"product_tag","embeddable":true,"href":"http:\/\/klubmamgdynia.pl\/index.php\/wp-json\/wp\/v2\/product_tag?post=11257"}],"curies":[{"name":"wp","href":"https:\/\/api.w.org\/{rel}","templated":true}]}}