{"id":11258,"date":"2019-07-16T09:13:27","date_gmt":"2019-07-16T07:13:27","guid":{"rendered":"http:\/\/klubmamgdynia.pl\/index.php\/produkt\/jedna-mysz-mx-master-3przelaczaj-sie-automatycznie-miedzy-wieloma-komputerami-w-plynny-sposob-przy-uzyciu-myszy-mx-master-3-obslugujacej-technologie-flow\/"},"modified":"2026-04-26T19:20:20","modified_gmt":"2026-04-26T17:20:20","slug":"jedna-mysz-mx-master-3przelaczaj-sie-automatycznie-miedzy-wieloma-komputerami-w-plynny-sposob-przy-uzyciu-myszy-mx-master-3-obslugujacej-technologie-flow","status":"publish","type":"product","link":"http:\/\/klubmamgdynia.pl\/index.php\/produkt\/jedna-mysz-mx-master-3przelaczaj-sie-automatycznie-miedzy-wieloma-komputerami-w-plynny-sposob-przy-uzyciu-myszy-mx-master-3-obslugujacej-technologie-flow\/","title":{"rendered":"jedna mysz MX Master 3Prze\u0142\u0105czaj si\u0119 automatycznie mi\u0119dzy wieloma komputerami w p\u0142ynny spos\u00f3b przy u\u017cyciu myszy MX Master 3 obs\u0142uguj\u0105cej technologi\u0119 Flow"},"content":{"rendered":"<p>obrazy i pliki mi\u0119dzy komputerami \u2014 wystarczy skopiowa\u0107 element na jednym komputerze<\/p>\n<h2>jedna mysz MX Master 3Prze\u0142\u0105czaj si\u0119 automatycznie mi\u0119dzy wieloma komputerami w p\u0142ynny spos\u00f3b przy u\u017cyciu myszy MX Master 3 obs\u0142uguj\u0105cej technologi\u0119 Flow a wklei\u0107 na drugim<\/h2>\n<p>prezenty na urodziny dla nastolatk\u00f3w, prezent na roczek dla ch\u0142opca, prezent dla 14 latki, prezent dla dwunastolatka, nela w krainie wombat\u00f3w, wieliczka bon turystyczny, zabawka na roczek dla ch\u0142opca, szymon znaczenie imiona<\/p>\n<p>yyyyy<\/p>\n<p>&nbsp;<\/p>\n","protected":false},"excerpt":{"rendered":"<p>obrazy i pliki mi\u0119dzy komputerami \u2014 wystarczy skopiowa\u0107 element na jednym komputerze jedna mysz MX Master 3Prze\u0142\u0105czaj si\u0119 automatycznie mi\u0119dzy wieloma komputerami w p\u0142ynny spos\u00f3b przy u\u017cyciu myszy MX Master 3 obs\u0142uguj\u0105cej technologi\u0119 Flow a wklei\u0107 na drugim prezenty na urodziny dla nastolatk\u00f3w, prezent na roczek dla ch\u0142opca, prezent dla 14 latki, prezent dla dwunastolatka, [&hellip;]<\/p>\n","protected":false},"featured_media":0,"comment_status":"closed","ping_status":"open","template":"","meta":[],"product_cat":[1971],"product_tag":[865,808,637,764,588],"class_list":["post-11258","product","type-product","status-publish","hentry","product_cat-a-wkleic-na-drugim","product_tag-cytaty-o-dzieciach","product_tag-imie-mia","product_tag-niech-zyja-wakacje-tekst","product_tag-prezenty-na-roczek-dla-dziewczynki","product_tag-wzruszajace-slowa-dla-przyjaciela"],"_links":{"self":[{"href":"http:\/\/klubmamgdynia.pl\/index.php\/wp-json\/wp\/v2\/product\/11258","targetHints":{"allow":["GET"]}}],"collection":[{"href":"http:\/\/klubmamgdynia.pl\/index.php\/wp-json\/wp\/v2\/product"}],"about":[{"href":"http:\/\/klubmamgdynia.pl\/index.php\/wp-json\/wp\/v2\/types\/product"}],"replies":[{"embeddable":true,"href":"http:\/\/klubmamgdynia.pl\/index.php\/wp-json\/wp\/v2\/comments?post=11258"}],"wp:attachment":[{"href":"http:\/\/klubmamgdynia.pl\/index.php\/wp-json\/wp\/v2\/media?parent=11258"}],"wp:term":[{"taxonomy":"product_cat","embeddable":true,"href":"http:\/\/klubmamgdynia.pl\/index.php\/wp-json\/wp\/v2\/product_cat?post=11258"},{"taxonomy":"product_tag","embeddable":true,"href":"http:\/\/klubmamgdynia.pl\/index.php\/wp-json\/wp\/v2\/product_tag?post=11258"}],"curies":[{"name":"wp","href":"https:\/\/api.w.org\/{rel}","templated":true}]}}