{"id":1126,"date":"2012-12-11T18:00:21","date_gmt":"2012-12-11T17:00:21","guid":{"rendered":"http:\/\/klubmamgdynia.pl\/index.php\/produkt\/firefly-hulajnoga-move-ngroove-1-0-262311902-545-blue-red\/"},"modified":"2026-04-06T06:50:39","modified_gmt":"2026-04-06T04:50:39","slug":"firefly-hulajnoga-move-ngroove-1-0-262311902-545-blue-red","status":"publish","type":"product","link":"http:\/\/klubmamgdynia.pl\/index.php\/produkt\/firefly-hulajnoga-move-ngroove-1-0-262311902-545-blue-red\/","title":{"rendered":"Firefly Hulajnoga Move Ngroove 1.0 262311902-545 Blue Red"},"content":{"rendered":"<p>Hulajnoga dla dzieci Firefly Move NGroove 1.0 to dobra zabawa na \u015bwie\u017cym powietrzu. Tr\u00f3jko\u0142owa konstrukcja u\u0142atwia utrzymanie r\u00f3wnowagi oraz zmian\u0119 kierunku jazdy. Wykonana z lekkich i wytrzyma\u0142ych materia\u0142\u00f3w, posiada tradycyjny hamulec no\u017cny. Regulowana kolumna kierownicy umo\u017cliwia dostosowanie wysoko\u015bci do wzrostu u\u017cytkownika. Hulajnoga dla dzieci od 2.roku \u017cycia Tr\u00f3jko\u0142owa Hamulec no\u017cny Rozmiar podestu: 50 x 11 cm Szeroko\u015b\u0107 i wysoko\u015b\u0107 kierownicy: 48 x 57 cm Pok\u0142ad i kierownica z aluminium Rozmiar k\u00f3\u0142 przednich: 120 mm \/ 85A \/ ABEC 7 Ko\u0142o tylne: 100 mm Materia\u0142 k\u00f3\u0142: PU i PVC Norma EN71, obci\u0105\u017cenie maks. 20 kg Waga hulajnogi: 2 kg<\/p>\n<h2>Firefly Hulajnoga Move Ngroove 1.0 262311902-545 Blue Red Firefly<\/h2>\n<p>dinozaury kolorowanki, izabela imie, miko\u0142ajek &#8211; test z odpowiedziami, kajko i kokosz szko\u0142a latania test z odpowiedziami, mia imi\u0119, cytaty ma\u0142y ksi\u0105\u017ce<\/p>\n<p>yyyyy<\/p>\n<p>&nbsp;<\/p>\n","protected":false},"excerpt":{"rendered":"<p>Hulajnoga dla dzieci Firefly Move NGroove 1.0 to dobra zabawa na \u015bwie\u017cym powietrzu. Tr\u00f3jko\u0142owa konstrukcja u\u0142atwia utrzymanie r\u00f3wnowagi oraz zmian\u0119 kierunku jazdy. Wykonana z lekkich i wytrzyma\u0142ych materia\u0142\u00f3w, posiada tradycyjny hamulec no\u017cny. Regulowana kolumna kierownicy umo\u017cliwia dostosowanie wysoko\u015bci do wzrostu u\u017cytkownika. Hulajnoga dla dzieci od 2.roku \u017cycia Tr\u00f3jko\u0142owa Hamulec no\u017cny Rozmiar podestu: 50 x 11 [&hellip;]<\/p>\n","protected":false},"featured_media":1127,"comment_status":"closed","ping_status":"open","template":"","meta":[],"product_cat":[345,315],"product_tag":[828,583,736,721,600],"class_list":["post-1126","product","type-product","status-publish","has-post-thumbnail","hentry","product_cat-firefly","product_cat-hulajnogi-dla-dzieci","product_tag-filmy-wigilijne-dla-dzieci","product_tag-kolysanki-dla-dzieci-tekst","product_tag-zabawki-na-roczek","product_tag-zagadki-matematyczne","product_tag-zaproszenia-na-urodziny-do-druku"],"_links":{"self":[{"href":"http:\/\/klubmamgdynia.pl\/index.php\/wp-json\/wp\/v2\/product\/1126","targetHints":{"allow":["GET"]}}],"collection":[{"href":"http:\/\/klubmamgdynia.pl\/index.php\/wp-json\/wp\/v2\/product"}],"about":[{"href":"http:\/\/klubmamgdynia.pl\/index.php\/wp-json\/wp\/v2\/types\/product"}],"replies":[{"embeddable":true,"href":"http:\/\/klubmamgdynia.pl\/index.php\/wp-json\/wp\/v2\/comments?post=1126"}],"wp:featuredmedia":[{"embeddable":true,"href":"http:\/\/klubmamgdynia.pl\/index.php\/wp-json\/wp\/v2\/media\/1127"}],"wp:attachment":[{"href":"http:\/\/klubmamgdynia.pl\/index.php\/wp-json\/wp\/v2\/media?parent=1126"}],"wp:term":[{"taxonomy":"product_cat","embeddable":true,"href":"http:\/\/klubmamgdynia.pl\/index.php\/wp-json\/wp\/v2\/product_cat?post=1126"},{"taxonomy":"product_tag","embeddable":true,"href":"http:\/\/klubmamgdynia.pl\/index.php\/wp-json\/wp\/v2\/product_tag?post=1126"}],"curies":[{"name":"wp","href":"https:\/\/api.w.org\/{rel}","templated":true}]}}