{"id":11260,"date":"2022-11-29T00:04:00","date_gmt":"2022-11-28T23:04:00","guid":{"rendered":"http:\/\/klubmamgdynia.pl\/?post_type=product&#038;p=11260"},"modified":"2026-04-03T17:05:33","modified_gmt":"2026-04-03T15:05:33","slug":"11260","status":"publish","type":"product","link":"http:\/\/klubmamgdynia.pl\/index.php\/produkt\/11260\/","title":{"rendered":""},"content":{"rendered":"<h2> <\/h2>\n<p>kawaly na prima aprilis, kolorowanka sky, zaproszenia na urodziny do wydruku czarno bia\u0142e, quiz o akademii pana kleksa, quizy za darmo, przys\u0142owia o rodzinie, zagadki liczbowe, test z opowie\u015bci z narnii lew czarownica i stara szafa, zagadki dla dzieci z odpowiedziami, quiz dla dzieci, dynie pozna\u0144, prezenty dla nastolatk\u00f3w 2021<\/p>\n<p>yyyyy<\/p>\n<p>&nbsp;<\/p>\n","protected":false},"excerpt":{"rendered":"<p>kawaly na prima aprilis, kolorowanka sky, zaproszenia na urodziny do wydruku czarno bia\u0142e, quiz o akademii pana kleksa, quizy za darmo, przys\u0142owia o rodzinie, zagadki liczbowe, test z opowie\u015bci z narnii lew czarownica i stara szafa, zagadki dla dzieci z odpowiedziami, quiz dla dzieci, dynie pozna\u0144, prezenty dla nastolatk\u00f3w 2021 yyyyy &nbsp;<\/p>\n","protected":false},"featured_media":0,"comment_status":"closed","ping_status":"open","template":"","meta":[],"product_cat":[],"product_tag":[853,786,602,843],"class_list":["post-11260","product","type-product","status-publish","hentry","product_tag-kolorowanki-do-druku-dla-doroslych","product_tag-prezent-na-1-urodziny","product_tag-quiz-o-zwierzetach-domowych","product_tag-smieszne-zagadki-dla-dzieci"],"_links":{"self":[{"href":"http:\/\/klubmamgdynia.pl\/index.php\/wp-json\/wp\/v2\/product\/11260","targetHints":{"allow":["GET"]}}],"collection":[{"href":"http:\/\/klubmamgdynia.pl\/index.php\/wp-json\/wp\/v2\/product"}],"about":[{"href":"http:\/\/klubmamgdynia.pl\/index.php\/wp-json\/wp\/v2\/types\/product"}],"replies":[{"embeddable":true,"href":"http:\/\/klubmamgdynia.pl\/index.php\/wp-json\/wp\/v2\/comments?post=11260"}],"wp:attachment":[{"href":"http:\/\/klubmamgdynia.pl\/index.php\/wp-json\/wp\/v2\/media?parent=11260"}],"wp:term":[{"taxonomy":"product_cat","embeddable":true,"href":"http:\/\/klubmamgdynia.pl\/index.php\/wp-json\/wp\/v2\/product_cat?post=11260"},{"taxonomy":"product_tag","embeddable":true,"href":"http:\/\/klubmamgdynia.pl\/index.php\/wp-json\/wp\/v2\/product_tag?post=11260"}],"curies":[{"name":"wp","href":"https:\/\/api.w.org\/{rel}","templated":true}]}}