{"id":11261,"date":"2014-11-11T10:25:52","date_gmt":"2014-11-11T09:25:52","guid":{"rendered":"http:\/\/klubmamgdynia.pl\/index.php\/produkt\/doskonaa-jako-wydruku\/"},"modified":"2026-04-30T14:13:37","modified_gmt":"2026-04-30T12:13:37","slug":"doskonaa-jako-wydruku","status":"publish","type":"product","link":"http:\/\/klubmamgdynia.pl\/index.php\/produkt\/doskonaa-jako-wydruku\/","title":{"rendered":"doskonaa jako wydruku"},"content":{"rendered":"<p>ktrej od zawsze ley na sercu ochrona rodowiska<\/p>\n<h2>doskonaa jako wydruku stara si stosowa jak najszerzej materiay z odzysku i unika uywania komponentw zanieczyszczajcych otoczenie.EAN:  8005125393343Kod dostawcy:  PCL-39334Nr katalogowy:  39334Rodzaj:  StandardLiczba element\u00f3w:  1000Wymiary obrazka:  69&#215;50 cmWymagania wiekowe:  od 14 latP\u0142e\u0107:  Dziewczynki i ch\u0142opcyPozosta\u0142e parametry:  Wymiary opakowania: 37&#215;28<\/h2>\n<p>lato lato lato czeka, gry planszowe dla m\u0142odzie\u017cy, wiersze o wio\u015bnie jana brzechwy, jak narysowa\u0107, pomys\u0142 na roczek, harry potter kolorowanka, zadania logiczne, stare wiersze dla dzieci, gry ruchowe dla dzieci, zagadki o zwierzetach, sentencje o rodzinie, kolorowanki do druku dla ch\u0142opc\u00f3w, pokoloruj wed\u0142ug wzoru, jak narysowa\u0107 anio\u0142ka, bajki na dobranoc dla dzieci, leon imi\u0119<\/p>\n<p>yyyyy<\/p>\n<p>&nbsp;<\/p>\n","protected":false},"excerpt":{"rendered":"<p>ktrej od zawsze ley na sercu ochrona rodowiska doskonaa jako wydruku stara si stosowa jak najszerzej materiay z odzysku i unika uywania komponentw zanieczyszczajcych otoczenie.EAN: 8005125393343Kod dostawcy: PCL-39334Nr katalogowy: 39334Rodzaj: StandardLiczba element\u00f3w: 1000Wymiary obrazka: 69&#215;50 cmWymagania wiekowe: od 14 latP\u0142e\u0107: Dziewczynki i ch\u0142opcyPozosta\u0142e parametry: Wymiary opakowania: 37&#215;28 lato lato lato czeka, gry planszowe dla m\u0142odzie\u017cy, [&hellip;]<\/p>\n","protected":false},"featured_media":0,"comment_status":"closed","ping_status":"open","template":"","meta":[],"product_cat":[1974],"product_tag":[826,589,756],"class_list":["post-11261","product","type-product","status-publish","hentry","product_cat-1x5","product_tag-prezent-dla-15-latka","product_tag-prezent-dla-rocznego-dziecka","product_tag-zaproszenie-na-urodziny-do-druku"],"_links":{"self":[{"href":"http:\/\/klubmamgdynia.pl\/index.php\/wp-json\/wp\/v2\/product\/11261","targetHints":{"allow":["GET"]}}],"collection":[{"href":"http:\/\/klubmamgdynia.pl\/index.php\/wp-json\/wp\/v2\/product"}],"about":[{"href":"http:\/\/klubmamgdynia.pl\/index.php\/wp-json\/wp\/v2\/types\/product"}],"replies":[{"embeddable":true,"href":"http:\/\/klubmamgdynia.pl\/index.php\/wp-json\/wp\/v2\/comments?post=11261"}],"wp:attachment":[{"href":"http:\/\/klubmamgdynia.pl\/index.php\/wp-json\/wp\/v2\/media?parent=11261"}],"wp:term":[{"taxonomy":"product_cat","embeddable":true,"href":"http:\/\/klubmamgdynia.pl\/index.php\/wp-json\/wp\/v2\/product_cat?post=11261"},{"taxonomy":"product_tag","embeddable":true,"href":"http:\/\/klubmamgdynia.pl\/index.php\/wp-json\/wp\/v2\/product_tag?post=11261"}],"curies":[{"name":"wp","href":"https:\/\/api.w.org\/{rel}","templated":true}]}}