{"id":11263,"date":"2012-12-06T12:50:27","date_gmt":"2012-12-06T11:50:27","guid":{"rendered":"http:\/\/klubmamgdynia.pl\/index.php\/produkt\/7-cmblok-jest-w-twardej-oprawie-zamykanej-na-gumke-w-srodku-znajduje-sie-kieszen-do-przechowywania-gotowych-obrazkow-wiek-4-latawymiary-opakowania-32-x-26-x-1\/"},"modified":"2026-04-26T01:44:24","modified_gmt":"2026-04-25T23:44:24","slug":"7-cmblok-jest-w-twardej-oprawie-zamykanej-na-gumke-w-srodku-znajduje-sie-kieszen-do-przechowywania-gotowych-obrazkow-wiek-4-latawymiary-opakowania-32-x-26-x-1","status":"publish","type":"product","link":"http:\/\/klubmamgdynia.pl\/index.php\/produkt\/7-cmblok-jest-w-twardej-oprawie-zamykanej-na-gumke-w-srodku-znajduje-sie-kieszen-do-przechowywania-gotowych-obrazkow-wiek-4-latawymiary-opakowania-32-x-26-x-1\/","title":{"rendered":"7 cmBlok jest w twardej oprawie zamykanej na gumk\u0119.W \u015brodku znajduje si\u0119 &#8222;&#8221;kiesze\u0144&#8221;&#8221; do przechowywania gotowych obrazk\u00f3w.Wiek: +4 lataWymiary opakowania: 32 x 26 x 1"},"content":{"rendered":"<h2>7 cmBlok jest w twardej oprawie zamykanej na gumk\u0119.W \u015brodku znajduje si\u0119 &#8222;&#8221;kiesze\u0144&#8221;&#8221; do przechowywania gotowych obrazk\u00f3w.Wiek: +4 lataWymiary opakowania: 32 x 26 x 1 <\/h2>\n<p>wszystkie kraje \u015bwiata quiz, cytaty dla przyjaciela, zabawki dla rocznej dziewczynki, zabawki dla dziewczynki na roczek, kolorowanka ninjago, znaczenie imiona pola, test z lektury magiczne drzewo czerwone krzes\u0142o, teksty o rodzinie, prezent dla nastolatk\u00f3w 2021, cytaty o dzieciach, tajemniczy ogr\u00f3d test z lektury, calineczka test z odpowiedziami, kolorowanka pikachu<\/p>\n<p>yyyyy<\/p>\n<p>&nbsp;<\/p>\n","protected":false},"excerpt":{"rendered":"<p>7 cmBlok jest w twardej oprawie zamykanej na gumk\u0119.W \u015brodku znajduje si\u0119 &#8222;&#8221;kiesze\u0144&#8221;&#8221; do przechowywania gotowych obrazk\u00f3w.Wiek: +4 lataWymiary opakowania: 32 x 26 x 1 wszystkie kraje \u015bwiata quiz, cytaty dla przyjaciela, zabawki dla rocznej dziewczynki, zabawki dla dziewczynki na roczek, kolorowanka ninjago, znaczenie imiona pola, test z lektury magiczne drzewo czerwone krzes\u0142o, teksty o [&hellip;]<\/p>\n","protected":false},"featured_media":0,"comment_status":"closed","ping_status":"open","template":"","meta":[],"product_cat":[],"product_tag":[662,723,737,869,791,635],"class_list":["post-11263","product","type-product","status-publish","hentry","product_tag-bajki-na-dobranoc","product_tag-krotkie-bajki-do-czytania-na-dobranoc","product_tag-test-z-lektury-felix-net-i-nika-oraz-gang-niewidzialnych-ludzi","product_tag-zagadki-na-logike","product_tag-zagadki-na-myslenie","product_tag-znaki-drogowe-do-druku"],"_links":{"self":[{"href":"http:\/\/klubmamgdynia.pl\/index.php\/wp-json\/wp\/v2\/product\/11263","targetHints":{"allow":["GET"]}}],"collection":[{"href":"http:\/\/klubmamgdynia.pl\/index.php\/wp-json\/wp\/v2\/product"}],"about":[{"href":"http:\/\/klubmamgdynia.pl\/index.php\/wp-json\/wp\/v2\/types\/product"}],"replies":[{"embeddable":true,"href":"http:\/\/klubmamgdynia.pl\/index.php\/wp-json\/wp\/v2\/comments?post=11263"}],"wp:attachment":[{"href":"http:\/\/klubmamgdynia.pl\/index.php\/wp-json\/wp\/v2\/media?parent=11263"}],"wp:term":[{"taxonomy":"product_cat","embeddable":true,"href":"http:\/\/klubmamgdynia.pl\/index.php\/wp-json\/wp\/v2\/product_cat?post=11263"},{"taxonomy":"product_tag","embeddable":true,"href":"http:\/\/klubmamgdynia.pl\/index.php\/wp-json\/wp\/v2\/product_tag?post=11263"}],"curies":[{"name":"wp","href":"https:\/\/api.w.org\/{rel}","templated":true}]}}