{"id":11264,"date":"2021-12-08T15:09:41","date_gmt":"2021-12-08T14:09:41","guid":{"rendered":"http:\/\/klubmamgdynia.pl\/index.php\/produkt\/11264\/"},"modified":"2026-04-29T06:11:28","modified_gmt":"2026-04-29T04:11:28","slug":"11264","status":"publish","type":"product","link":"http:\/\/klubmamgdynia.pl\/index.php\/produkt\/11264\/","title":{"rendered":""},"content":{"rendered":"<h2> <\/h2>\n<p>kawal na prima aprilis, test opowie\u015b\u0107 wigilijna, sentencja dla dziecka, serce kolorowanka, cytat z ma\u0142ego ksi\u0119cia o przyja\u017ani, roczek prezenty, opis o rodzinie, mi\u0142osz imie<\/p>\n<p>yyyyy<\/p>\n<p>&nbsp;<\/p>\n","protected":false},"excerpt":{"rendered":"<p>kawal na prima aprilis, test opowie\u015b\u0107 wigilijna, sentencja dla dziecka, serce kolorowanka, cytat z ma\u0142ego ksi\u0119cia o przyja\u017ani, roczek prezenty, opis o rodzinie, mi\u0142osz imie yyyyy &nbsp;<\/p>\n","protected":false},"featured_media":0,"comment_status":"closed","ping_status":"open","template":"","meta":[],"product_cat":[],"product_tag":[617,663,759,587],"class_list":["post-11264","product","type-product","status-publish","hentry","product_tag-keyword","product_tag-kolorowanki-dla-dzieci-do-druku","product_tag-pomysly-na-prezent-dla-nastolatkow","product_tag-skalne-miasto"],"_links":{"self":[{"href":"http:\/\/klubmamgdynia.pl\/index.php\/wp-json\/wp\/v2\/product\/11264","targetHints":{"allow":["GET"]}}],"collection":[{"href":"http:\/\/klubmamgdynia.pl\/index.php\/wp-json\/wp\/v2\/product"}],"about":[{"href":"http:\/\/klubmamgdynia.pl\/index.php\/wp-json\/wp\/v2\/types\/product"}],"replies":[{"embeddable":true,"href":"http:\/\/klubmamgdynia.pl\/index.php\/wp-json\/wp\/v2\/comments?post=11264"}],"wp:attachment":[{"href":"http:\/\/klubmamgdynia.pl\/index.php\/wp-json\/wp\/v2\/media?parent=11264"}],"wp:term":[{"taxonomy":"product_cat","embeddable":true,"href":"http:\/\/klubmamgdynia.pl\/index.php\/wp-json\/wp\/v2\/product_cat?post=11264"},{"taxonomy":"product_tag","embeddable":true,"href":"http:\/\/klubmamgdynia.pl\/index.php\/wp-json\/wp\/v2\/product_tag?post=11264"}],"curies":[{"name":"wp","href":"https:\/\/api.w.org\/{rel}","templated":true}]}}