{"id":11266,"date":"2016-02-04T03:32:27","date_gmt":"2016-02-04T02:32:27","guid":{"rendered":"http:\/\/klubmamgdynia.pl\/index.php\/produkt\/11266\/"},"modified":"2026-04-29T21:33:52","modified_gmt":"2026-04-29T19:33:52","slug":"11266","status":"publish","type":"product","link":"http:\/\/klubmamgdynia.pl\/index.php\/produkt\/11266\/","title":{"rendered":""},"content":{"rendered":"<h2> <\/h2>\n<p>kwiecien plecien, lol kolorowanki, quizy dla dzieci o zwierz\u0119tach, sky kolorowanka, prezenty dla m\u0142odzie\u017cy, pole dyniowe pozna\u0144, kolorowanki konie z je\u017ad\u017acem, warszawa atrakcje dla m\u0142odzie\u017cy, literki do pisania do druku, test z lektury asiunia, mitologia test wiedzy, cytat o dzieciach<\/p>\n<p>yyyyy<\/p>\n<p>&nbsp;<\/p>\n","protected":false},"excerpt":{"rendered":"<p>kwiecien plecien, lol kolorowanki, quizy dla dzieci o zwierz\u0119tach, sky kolorowanka, prezenty dla m\u0142odzie\u017cy, pole dyniowe pozna\u0144, kolorowanki konie z je\u017ad\u017acem, warszawa atrakcje dla m\u0142odzie\u017cy, literki do pisania do druku, test z lektury asiunia, mitologia test wiedzy, cytat o dzieciach yyyyy &nbsp;<\/p>\n","protected":false},"featured_media":0,"comment_status":"closed","ping_status":"open","template":"","meta":[],"product_cat":[],"product_tag":[670,655,804,653,694],"class_list":["post-11266","product","type-product","status-publish","hentry","product_tag-irma","product_tag-najlepsze-zagadki","product_tag-ryz-z-owocami","product_tag-warszawa-dla-dzieci","product_tag-zagadki-swiateczne-dla-dzieci"],"_links":{"self":[{"href":"http:\/\/klubmamgdynia.pl\/index.php\/wp-json\/wp\/v2\/product\/11266","targetHints":{"allow":["GET"]}}],"collection":[{"href":"http:\/\/klubmamgdynia.pl\/index.php\/wp-json\/wp\/v2\/product"}],"about":[{"href":"http:\/\/klubmamgdynia.pl\/index.php\/wp-json\/wp\/v2\/types\/product"}],"replies":[{"embeddable":true,"href":"http:\/\/klubmamgdynia.pl\/index.php\/wp-json\/wp\/v2\/comments?post=11266"}],"wp:attachment":[{"href":"http:\/\/klubmamgdynia.pl\/index.php\/wp-json\/wp\/v2\/media?parent=11266"}],"wp:term":[{"taxonomy":"product_cat","embeddable":true,"href":"http:\/\/klubmamgdynia.pl\/index.php\/wp-json\/wp\/v2\/product_cat?post=11266"},{"taxonomy":"product_tag","embeddable":true,"href":"http:\/\/klubmamgdynia.pl\/index.php\/wp-json\/wp\/v2\/product_tag?post=11266"}],"curies":[{"name":"wp","href":"https:\/\/api.w.org\/{rel}","templated":true}]}}