{"id":11267,"date":"2018-01-14T18:33:23","date_gmt":"2018-01-14T17:33:23","guid":{"rendered":"http:\/\/klubmamgdynia.pl\/index.php\/produkt\/czujnik-laserowy\/"},"modified":"2026-04-30T11:54:54","modified_gmt":"2026-04-30T09:54:54","slug":"czujnik-laserowy","status":"publish","type":"product","link":"http:\/\/klubmamgdynia.pl\/index.php\/produkt\/czujnik-laserowy\/","title":{"rendered":"czujnik laserowy"},"content":{"rendered":"<p>bezprzewodowa &#8211; 2<\/p>\n<h2>czujnik laserowy 4 GHz z zasi\u0119giem do 10 metr\u00f3w i Bluetooth<\/h2>\n<p>wr\u00f3\u017cby andrzejkowe online dla dzieci, bajka krecik, test zaczarowana zagroda, r\u0119cznie robione jak zrobi\u0107 kartk\u0119 walentynkow\u0105, znaczenia imienia alicja, mandala kolorowanka, bajki dla dzieci online, prezent dla roczniaka, pomys\u0142 na prezent na roczek, zagadki z odpowiedziami dla dzieci, rzadkie imiona dla dziewczynek<\/p>\n<p>yyyyy<\/p>\n<p>&nbsp;<\/p>\n","protected":false},"excerpt":{"rendered":"<p>bezprzewodowa &#8211; 2 czujnik laserowy 4 GHz z zasi\u0119giem do 10 metr\u00f3w i Bluetooth wr\u00f3\u017cby andrzejkowe online dla dzieci, bajka krecik, test zaczarowana zagroda, r\u0119cznie robione jak zrobi\u0107 kartk\u0119 walentynkow\u0105, znaczenia imienia alicja, mandala kolorowanka, bajki dla dzieci online, prezent dla roczniaka, pomys\u0142 na prezent na roczek, zagadki z odpowiedziami dla dzieci, rzadkie imiona dla [&hellip;]<\/p>\n","protected":false},"featured_media":0,"comment_status":"closed","ping_status":"open","template":"","meta":[],"product_cat":[1975,1976],"product_tag":[691,768,639,596,804,803,820],"class_list":["post-11267","product","type-product","status-publish","hentry","product_cat-4-ghz-z-zasiegiem-do-10-metrow-i-bluetooth","product_cat-wbudowany-akumulator","product_tag-gabriel","product_tag-krotkie-zagadki-logiczne","product_tag-nela-imie","product_tag-pomysly-na-prima-aprilis","product_tag-ryz-z-owocami","product_tag-szlaczki-do-druku","product_tag-ziemia-wyspa-zielona-tekst"],"_links":{"self":[{"href":"http:\/\/klubmamgdynia.pl\/index.php\/wp-json\/wp\/v2\/product\/11267","targetHints":{"allow":["GET"]}}],"collection":[{"href":"http:\/\/klubmamgdynia.pl\/index.php\/wp-json\/wp\/v2\/product"}],"about":[{"href":"http:\/\/klubmamgdynia.pl\/index.php\/wp-json\/wp\/v2\/types\/product"}],"replies":[{"embeddable":true,"href":"http:\/\/klubmamgdynia.pl\/index.php\/wp-json\/wp\/v2\/comments?post=11267"}],"wp:attachment":[{"href":"http:\/\/klubmamgdynia.pl\/index.php\/wp-json\/wp\/v2\/media?parent=11267"}],"wp:term":[{"taxonomy":"product_cat","embeddable":true,"href":"http:\/\/klubmamgdynia.pl\/index.php\/wp-json\/wp\/v2\/product_cat?post=11267"},{"taxonomy":"product_tag","embeddable":true,"href":"http:\/\/klubmamgdynia.pl\/index.php\/wp-json\/wp\/v2\/product_tag?post=11267"}],"curies":[{"name":"wp","href":"https:\/\/api.w.org\/{rel}","templated":true}]}}