{"id":11268,"date":"2025-08-21T09:40:08","date_gmt":"2025-08-21T07:40:08","guid":{"rendered":"http:\/\/klubmamgdynia.pl\/?post_type=product&#038;p=11268"},"modified":"2026-05-17T22:01:04","modified_gmt":"2026-05-17T20:01:04","slug":"11268","status":"publish","type":"product","link":"http:\/\/klubmamgdynia.pl\/index.php\/produkt\/11268\/","title":{"rendered":""},"content":{"rendered":"<h2> <\/h2>\n<p>prezent dla 17 latki, nasza zima z\u0142a tekst, dzie\u0144 pluszowego misia, jak narysowa\u0107 cz\u0142owieka, adrian imie, zdrowe dania dla dzieci, kolorowanki kotki, piosenka na dzie\u0144 nauczyciela przedszkole, zagadki na dzie\u0144 przedszkolaka, po\u0142\u0105cz kropki do wydruku pdf, zagadki o owocach, trudne zagadki na inteligencje, przedszkole drugi dom, kolorowanki star wars, kanapki dla dzieci, quizy o skokach narciarskich, quizy dla dzieci o zwierz\u0119tach, carmen imi\u0119, co kupic dziewczynce na roczek, Keyword, proste dekoracje bo\u017conarodzeniowe dla dzieci<\/p>\n<p>yyyyy<\/p>\n<p>&nbsp;<\/p>\n","protected":false},"excerpt":{"rendered":"<p>prezent dla 17 latki, nasza zima z\u0142a tekst, dzie\u0144 pluszowego misia, jak narysowa\u0107 cz\u0142owieka, adrian imie, zdrowe dania dla dzieci, kolorowanki kotki, piosenka na dzie\u0144 nauczyciela przedszkole, zagadki na dzie\u0144 przedszkolaka, po\u0142\u0105cz kropki do wydruku pdf, zagadki o owocach, trudne zagadki na inteligencje, przedszkole drugi dom, kolorowanki star wars, kanapki dla dzieci, quizy o skokach [&hellip;]<\/p>\n","protected":false},"featured_media":0,"comment_status":"closed","ping_status":"open","template":"","meta":[],"product_cat":[],"product_tag":[772,838,783,595,604],"class_list":["post-11268","product","type-product","status-publish","hentry","product_tag-45-panstw-europy-i-ich-stolice-quiz","product_tag-bajki-dla-dzieci-na-dobranoc","product_tag-prezenty-na-roczek-dla-chlopca","product_tag-zagadki-dla-6-latka","product_tag-zagadki-trudne"],"_links":{"self":[{"href":"http:\/\/klubmamgdynia.pl\/index.php\/wp-json\/wp\/v2\/product\/11268","targetHints":{"allow":["GET"]}}],"collection":[{"href":"http:\/\/klubmamgdynia.pl\/index.php\/wp-json\/wp\/v2\/product"}],"about":[{"href":"http:\/\/klubmamgdynia.pl\/index.php\/wp-json\/wp\/v2\/types\/product"}],"replies":[{"embeddable":true,"href":"http:\/\/klubmamgdynia.pl\/index.php\/wp-json\/wp\/v2\/comments?post=11268"}],"wp:attachment":[{"href":"http:\/\/klubmamgdynia.pl\/index.php\/wp-json\/wp\/v2\/media?parent=11268"}],"wp:term":[{"taxonomy":"product_cat","embeddable":true,"href":"http:\/\/klubmamgdynia.pl\/index.php\/wp-json\/wp\/v2\/product_cat?post=11268"},{"taxonomy":"product_tag","embeddable":true,"href":"http:\/\/klubmamgdynia.pl\/index.php\/wp-json\/wp\/v2\/product_tag?post=11268"}],"curies":[{"name":"wp","href":"https:\/\/api.w.org\/{rel}","templated":true}]}}