{"id":11269,"date":"2016-06-28T11:42:24","date_gmt":"2016-06-28T09:42:24","guid":{"rendered":"http:\/\/klubmamgdynia.pl\/index.php\/produkt\/11269\/"},"modified":"2026-04-22T05:03:28","modified_gmt":"2026-04-22T03:03:28","slug":"11269","status":"publish","type":"product","link":"http:\/\/klubmamgdynia.pl\/index.php\/produkt\/11269\/","title":{"rendered":""},"content":{"rendered":"<h2> <\/h2>\n<p>jak narysowa\u0107 nos, maski na twarz dla dzieci do wydruku, kolorowanki \u015bwinka peppa, aron imi\u0119, zagadka logiczna dla dzieci, co kupi\u0107 dziewczynce na roczek, \u0142amig\u0142\u00f3wki dla 4 latka do druku, znajd\u017a r\u00f3\u017cnice<\/p>\n<p>yyyyy<\/p>\n<p>&nbsp;<\/p>\n","protected":false},"excerpt":{"rendered":"<p>jak narysowa\u0107 nos, maski na twarz dla dzieci do wydruku, kolorowanki \u015bwinka peppa, aron imi\u0119, zagadka logiczna dla dzieci, co kupi\u0107 dziewczynce na roczek, \u0142amig\u0142\u00f3wki dla 4 latka do druku, znajd\u017a r\u00f3\u017cnice yyyyy &nbsp;<\/p>\n","protected":false},"featured_media":0,"comment_status":"closed","ping_status":"open","template":"","meta":[],"product_cat":[],"product_tag":[825,740,799],"class_list":["post-11269","product","type-product","status-publish","hentry","product_tag-bajka-na-dobranoc-do-czytania","product_tag-fajne-prezenty-dla-nastolatkow","product_tag-zagadka-logiczna"],"_links":{"self":[{"href":"http:\/\/klubmamgdynia.pl\/index.php\/wp-json\/wp\/v2\/product\/11269","targetHints":{"allow":["GET"]}}],"collection":[{"href":"http:\/\/klubmamgdynia.pl\/index.php\/wp-json\/wp\/v2\/product"}],"about":[{"href":"http:\/\/klubmamgdynia.pl\/index.php\/wp-json\/wp\/v2\/types\/product"}],"replies":[{"embeddable":true,"href":"http:\/\/klubmamgdynia.pl\/index.php\/wp-json\/wp\/v2\/comments?post=11269"}],"wp:attachment":[{"href":"http:\/\/klubmamgdynia.pl\/index.php\/wp-json\/wp\/v2\/media?parent=11269"}],"wp:term":[{"taxonomy":"product_cat","embeddable":true,"href":"http:\/\/klubmamgdynia.pl\/index.php\/wp-json\/wp\/v2\/product_cat?post=11269"},{"taxonomy":"product_tag","embeddable":true,"href":"http:\/\/klubmamgdynia.pl\/index.php\/wp-json\/wp\/v2\/product_tag?post=11269"}],"curies":[{"name":"wp","href":"https:\/\/api.w.org\/{rel}","templated":true}]}}