{"id":11271,"date":"2012-07-13T13:00:16","date_gmt":"2012-07-13T11:00:16","guid":{"rendered":"http:\/\/klubmamgdynia.pl\/index.php\/produkt\/glowny-bohater\/"},"modified":"2026-04-06T02:46:56","modified_gmt":"2026-04-06T00:46:56","slug":"glowny-bohater","status":"publish","type":"product","link":"http:\/\/klubmamgdynia.pl\/index.php\/produkt\/glowny-bohater\/","title":{"rendered":"g\u0142\u00f3wny bohater"},"content":{"rendered":"<p>zdolno\u015bci manualne oraz koncentracj\u0119.<\/p>\n<h2>g\u0142\u00f3wny bohater <\/h2>\n<p>szablony do wyklejania plastelin\u0105, imiona \u017ce\u0144skie nietypowe, zagadki dla 7 latk\u00f3w, zagadka nie do rozwi\u0105zania, karty pracy do druku za darmo<\/p>\n<p>yyyyy<\/p>\n<p>&nbsp;<\/p>\n","protected":false},"excerpt":{"rendered":"<p>zdolno\u015bci manualne oraz koncentracj\u0119. g\u0142\u00f3wny bohater szablony do wyklejania plastelin\u0105, imiona \u017ce\u0144skie nietypowe, zagadki dla 7 latk\u00f3w, zagadka nie do rozwi\u0105zania, karty pracy do druku za darmo yyyyy &nbsp;<\/p>\n","protected":false},"featured_media":0,"comment_status":"closed","ping_status":"open","template":"","meta":[],"product_cat":[],"product_tag":[667,682,679,782],"class_list":["post-11271","product","type-product","status-publish","hentry","product_tag-kolorowanka-lol","product_tag-przyjazn-cytaty","product_tag-zabawki-na-roczek-dla-dziewczynki","product_tag-zagadki-dla-dzieci-z-odpowiedziami"],"_links":{"self":[{"href":"http:\/\/klubmamgdynia.pl\/index.php\/wp-json\/wp\/v2\/product\/11271","targetHints":{"allow":["GET"]}}],"collection":[{"href":"http:\/\/klubmamgdynia.pl\/index.php\/wp-json\/wp\/v2\/product"}],"about":[{"href":"http:\/\/klubmamgdynia.pl\/index.php\/wp-json\/wp\/v2\/types\/product"}],"replies":[{"embeddable":true,"href":"http:\/\/klubmamgdynia.pl\/index.php\/wp-json\/wp\/v2\/comments?post=11271"}],"wp:attachment":[{"href":"http:\/\/klubmamgdynia.pl\/index.php\/wp-json\/wp\/v2\/media?parent=11271"}],"wp:term":[{"taxonomy":"product_cat","embeddable":true,"href":"http:\/\/klubmamgdynia.pl\/index.php\/wp-json\/wp\/v2\/product_cat?post=11271"},{"taxonomy":"product_tag","embeddable":true,"href":"http:\/\/klubmamgdynia.pl\/index.php\/wp-json\/wp\/v2\/product_tag?post=11271"}],"curies":[{"name":"wp","href":"https:\/\/api.w.org\/{rel}","templated":true}]}}