{"id":11272,"date":"2024-03-12T18:04:18","date_gmt":"2024-03-12T17:04:18","guid":{"rendered":"http:\/\/klubmamgdynia.pl\/?post_type=product&#038;p=11272"},"modified":"2026-04-05T17:16:16","modified_gmt":"2026-04-05T15:16:16","slug":"11272","status":"publish","type":"product","link":"http:\/\/klubmamgdynia.pl\/index.php\/produkt\/11272\/","title":{"rendered":""},"content":{"rendered":"<h2> <\/h2>\n<p>bajka o poci\u0105gu do czytania, kolorowanka star wars, pierwsze urodziny prezent na roczek dla dziewczynki, co na prezent dla 7 latki, prezent dla 7 latki, \u017cyczenia na lany poniedzia\u0142ek wielkanocny, test czerwone krzes\u0142o, zabawy ruchowe dla dzieci w wieku szkolnym, quiz dla dzieci, bombki do kolorowania, prezenty dla 16 latki, kiedy dzieci chodz\u0105 na halloween, kuba imie, zagadki o wielkanocy dla dzieci<\/p>\n<p>yyyyy<\/p>\n<p>&nbsp;<\/p>\n","protected":false},"excerpt":{"rendered":"<p>bajka o poci\u0105gu do czytania, kolorowanka star wars, pierwsze urodziny prezent na roczek dla dziewczynki, co na prezent dla 7 latki, prezent dla 7 latki, \u017cyczenia na lany poniedzia\u0142ek wielkanocny, test czerwone krzes\u0142o, zabawy ruchowe dla dzieci w wieku szkolnym, quiz dla dzieci, bombki do kolorowania, prezenty dla 16 latki, kiedy dzieci chodz\u0105 na halloween, [&hellip;]<\/p>\n","protected":false},"featured_media":0,"comment_status":"closed","ping_status":"open","template":"","meta":[],"product_cat":[],"product_tag":[817,740,790,669,596],"class_list":["post-11272","product","type-product","status-publish","hentry","product_tag-bajka-terapeutyczna-o-emocjach","product_tag-fajne-prezenty-dla-nastolatkow","product_tag-gry-planszowe-dla-nastolatkow","product_tag-kolorowanki","product_tag-pomysly-na-prima-aprilis"],"_links":{"self":[{"href":"http:\/\/klubmamgdynia.pl\/index.php\/wp-json\/wp\/v2\/product\/11272","targetHints":{"allow":["GET"]}}],"collection":[{"href":"http:\/\/klubmamgdynia.pl\/index.php\/wp-json\/wp\/v2\/product"}],"about":[{"href":"http:\/\/klubmamgdynia.pl\/index.php\/wp-json\/wp\/v2\/types\/product"}],"replies":[{"embeddable":true,"href":"http:\/\/klubmamgdynia.pl\/index.php\/wp-json\/wp\/v2\/comments?post=11272"}],"wp:attachment":[{"href":"http:\/\/klubmamgdynia.pl\/index.php\/wp-json\/wp\/v2\/media?parent=11272"}],"wp:term":[{"taxonomy":"product_cat","embeddable":true,"href":"http:\/\/klubmamgdynia.pl\/index.php\/wp-json\/wp\/v2\/product_cat?post=11272"},{"taxonomy":"product_tag","embeddable":true,"href":"http:\/\/klubmamgdynia.pl\/index.php\/wp-json\/wp\/v2\/product_tag?post=11272"}],"curies":[{"name":"wp","href":"https:\/\/api.w.org\/{rel}","templated":true}]}}